{"id":80,"date":"2014-11-18T14:23:32","date_gmt":"2014-11-18T12:23:32","guid":{"rendered":"http:\/\/teve-kvpolku.samk.fi\/?page_id=80"},"modified":"2017-09-26T08:37:04","modified_gmt":"2017-09-26T05:37:04","slug":"vaihtojakson-suunnittelun-aloittaminen","status":"publish","type":"page","link":"https:\/\/teve-kvpolku.samk.fi\/?page_id=80","title":{"rendered":"Vaihtojakson suunnittelun aloittaminen \u2502 Planning the exchange"},"content":{"rendered":"<p>Vaihtoon l\u00e4hd\u00f6n suunnittelussa, kuten kaikessa suunnittelussa, on t\u00e4rke\u00e4\u00e4 selvitt\u00e4\u00e4 itselleen, <strong>mitk\u00e4 ovat vaihtoon l\u00e4hd\u00f6n tavoitteet?<\/strong> Onko ensisijaisena motiivinasi:<\/p>\n<ul>\n<li>kieli- ja kulttuuritaitojen parantaminen,<\/li>\n<li>oman alan ammattiopintojen suorittaminen ulkomaisessa korkeakoulussa tai kenties<\/li>\n<li>selviytymisen ja vuorovaikutustaitojen lis\u00e4\u00e4minen vieraassa ymp\u00e4rist\u00f6ss\u00e4?<\/li>\n<\/ul>\n<p>Tavoitteiden selkeytyminen auttaa laatimaan suunnitelmaa niiden saavuttamiseksi:<\/p>\n<ul>\n<li>Mihin maahan\/korkeakouluun haluaisit l\u00e4hte\u00e4,<\/li>\n<li>Milloin, miten pitk\u00e4ksi ajaksi ja<\/li>\n<li>Mit\u00e4 opintoja aikoisit suorittaa?<\/li>\n<\/ul>\n<p>Toteuta suunnittelusi seuraavasti:<\/p>\n<ol>\n<li>Kerro vaihtosuunnitelmistasi kv-yhdyshenkil\u00f6lle, <a href=\"mailto:minna.markkanen@samk.fi\">minna.markkanen@samk.fi <\/a>, sek\u00e4 ryhm\u00e4tuutorillesi. Tutustu huolellisesti kv-polkusivustoon ja sielt\u00e4 l\u00f6ytyv\u00e4\u00e4n tietoon.<\/li>\n<li>Laadi suunnitelma vaihdossa suoritettavista opinnoista itsen\u00e4isesti niin pitk\u00e4lle kuin mahdollista. &#8221;Partnerikorkeakoulut&#8221; linkist\u00e4, l\u00f6yd\u00e4t tietoja siit\u00e4, mit\u00e4 opintoja vaihtokohteessa voi suorittaa? Toistaiseksi vain Englanti, Middlesex university, tarjoaa teoriaopintojaksoja englannin kielell\u00e4. Muissa vaihtomaissa suoritetaan harjoittelujaksoja.<\/li>\n<li>Sovi t\u00e4m\u00e4n j\u00e4lkeen ryhm\u00e4tuutorisi kanssa keskusteluaika ja pyyd\u00e4 h\u00e4nelt\u00e4 hyv\u00e4ksynt\u00e4 suunnitelmallesi. Suunnittelun pulmatilanteissa ja tarvitessanne lis\u00e4tietoa, voitte kysy\u00e4 neuvoa kv-yhdysopettajalta, <a href=\"mailto:minna.markkanen@samk.fi\">minna.markkanen@samk.fi<\/a><\/li>\n<li>T\u00e4yt\u00e4 <a href=\"https:\/\/extra.samk.fi\/material\/attachments\/lomakkeet\/kansainvalisyys\/6FQRUrmuk\/KA03A_Ulkomaisten_opintojen_korvaaminen_ja_hyva776ksilukeminen.pdf\"><span style=\"text-decoration: underline;\">KA03 \u2013lomake<\/span><\/a>, jonne kirjaat suunnitelman siit\u00e4, mit\u00e4 opintoja aiot suorittaa vaihtokorkeakoulussa (nimi ja laajuus) ja mit\u00e4 SAMKin opintoja ne vastaavat?<\/li>\n<li>Allerkirjoita KA03 -lomake ja toimita se skannattuna kv-yhdysopettajalle, <a href=\"mailto:minna.markkanen@samk.fi\">minna.markkanen@samk.fi<\/a><\/li>\n<li>Muista ilmoittautua suunnittelemillesi SAMKin teoriaopintojaksoille. Harjoittelujen suorittaminen vaihdossa ei toistaiseksi vaadi ilmoittautumista.<\/li>\n<\/ol>\n<p>Opintojen huolellinen suunnitteleminen on t\u00e4rke\u00e4, sill\u00e4 vaihtoon valinnan ehtona on, ett\u00e4 <strong>opintojen eteneminen ei hidastu vaihdon takia ja ett\u00e4 vaihtovuonnakin opintosuorituksia kertyy v\u00e4hint\u00e4\u00e4n 55 opintopistett\u00e4<\/strong>.<\/p>\n<p>Seuraavien otsikoiden alle on ker\u00e4tty tietoa suunnittelusi avuksi.<\/p>\n<p><strong>Mihin maahan\/korkeakouluun haluaisit l\u00e4hte\u00e4<\/strong>?<\/p>\n<ul>\n<li><strong>Tutustu \u201d <\/strong><span style=\"text-decoration: underline;\"><a href=\"https:\/\/teve-kvpolku.samk.fi\/?page_id=126\">Vaihtomaat ja korkeakoulut<\/a>\u201d<\/span> &#8211; listalta korkeakouluihin, joihin hoitoty\u00f6n opiskelijalla on mahdollisuus l\u00e4hte\u00e4 vaihtoon. Korkeakoulun perustietojen lis\u00e4ksi listassa on mainittu,\n<ul>\n<li>mit\u00e4 harjoitteluja korkeakoulussa on mahdollisuus suorittaa ja<\/li>\n<li>onko heill\u00e4 tarjota my\u00f6s teoriaopintoja, sek\u00e4 mahdollisuuksien mukaan my\u00f6s se,<\/li>\n<li>milloin partnerikorkeakoulu edellytt\u00e4\u00e4, ett\u00e4 opiskelija aloittaa vaihtojaksonsa.<\/li>\n<\/ul>\n<\/li>\n<li>SAMKilla on partnerikorkeakouluja Euroopassa, USA:ssa, Aasiassa ja Afrikassa.<\/li>\n<li>Seuraavat tiedot voivat auttaa sinua kun mietit, minne l\u00e4htisit vaihtoon:\n<ul>\n<li>Useiden Euroopan korkeakoulujen kanssa SAMKilla on ollut vaihtoyhteisty\u00f6t\u00e4 jo vuosia, joten Eurooppaan l\u00e4hteminen on vaihtoprosessiin liittyvien j\u00e4rjestelyjen kannalta yksinkertaisinta.<\/li>\n<li>MIDDLESEXin yliopistossa, Lontoossa, on mahdollista suorittaa koko lukuvuoden kest\u00e4v\u00e4 Bachelor in European nursing -vaihto-ohjelma ja sis\u00e4llytt\u00e4\u00e4 opinnot omiin opintoihin. Muissa korkeakouluissa on viel\u00e4 toistaiseksi melko v\u00e4h\u00e4n tarjolla teoriaopintoja englannin kielell\u00e4.<\/li>\n<li>USA:ssa voi suorittaa vain teoriaopintoja<\/li>\n<li>Muualle kuin Eurooppaan l\u00e4hteminen edellytt\u00e4\u00e4 hakemista SAMKin vaihtohaun lis\u00e4ksi my\u00f6s valtakunnallisessa haussa (esim<span style=\"text-decoration: underline;\">. <a href=\"http:\/\/www.cimo.fi\/\">CIMOn<\/a><\/span> kautta).<\/li>\n<\/ul>\n<\/li>\n<\/ul>\n<p><strong>Milloin voit l\u00e4hte\u00e4 vaihtoon?<\/strong><\/p>\n<ul>\n<li>Voit l\u00e4hte\u00e4 vaihtoon ensimm\u00e4isen opintovuoden j\u00e4lkeen silloin, kun se sopii opintoihisi. Vaihtoon hyv\u00e4ksymisen ehtona on, ett\u00e4 opinnot eiv\u00e4t viiv\u00e4sty ja opintopisteit\u00e4 kertyy vaihtovuonnakin v\u00e4hint\u00e4\u00e4n 55 opintopistett\u00e4. T\u00e4m\u00e4n vuoksi opintojen suunnitteleminen ryhm\u00e4tuutorisi kanssa on ensiarvoisen t\u00e4rke\u00e4\u00e4<\/li>\n<li>On hyv\u00e4 huomata, ett\u00e4 osa korkeakouluista edellytt\u00e4\u00e4 opiskelijoiden aloittavan vaihtojaksonsa osallistumalla vaihto-opiskelijoille j\u00e4rjestett\u00e4v\u00e4lle orientaatioviikolle. T\u00e4ll\u00f6in et voi suunnitella aloittavasi vaihtojaksoa aivan vapaasti silloin kuin se itsellesi sopisi. Orientaatioviikolle osallistumisvaatimuksesta, mik\u00e4li se on tiedossa, ilmoitetaan vaihtokorkeakoulujen listassa.<\/li>\n<\/ul>\n<p><strong>Miten pitk\u00e4ksi ajaksi voit l\u00e4hte\u00e4 vaihtoon?<\/strong><\/p>\n<ul>\n<li>Vaihtojakson v\u00e4himm\u00e4ispituus on 3 kk. Vaihtojakson pituus on sidottu matka apurahan. On hyv\u00e4 huomioida, ett\u00e4 Erasmus-ohjelman s\u00e4\u00e4nt\u00f6jen mukaan koko matka-apuraha tulee palauttaa, mik\u00e4li vaihdon pituus j\u00e4\u00e4 alle kolmen (3) kuukauden. My\u00f6s vaihdon peruuntuessa kokonaan on apuraha palautettava riippumatta vaihtoj\u00e4rjestelyst\u00e4. Vaihtojakson pituuden opiskelija todistaa vaihtokorkeakoulun edustajan allekirjoittamalla Letter of Confirmation -lomakkeella.<\/li>\n<li>Jos opiskelijan vaihtoaika pitenee ilmoitetusta alkuper\u00e4isest\u00e4 ajasta, h\u00e4nell\u00e4 on\u00a0 oikeus anoa lis\u00e4avustusta.<\/li>\n<li>Vaihdon pituus m\u00e4\u00e4r\u00e4ytyy sen mukaan, kuinka paljon opintoja aiot vaihdossa suorittaa? 3 kuukauden pituisessa vaihdossa tulee suorittaa v\u00e4hint\u00e4\u00e4n 15 opintopistett\u00e4. Tavoitteena noin 6 op\/ kk.<\/li>\n<li>Middlesexin yliopiston kanssa Lontoossa SAMK:lla on yhteisty\u00f6sopimus, joka mahdollistaa koko lukuvuoden kest\u00e4v\u00e4n vaihtojakson.<\/li>\n<\/ul>\n<p><strong>Mit\u00e4 opintoja voit suorittaa vaihdon aikana?<\/strong><\/p>\n<ul>\n<li>Opiskelijat suorittavat vaihdossa useimmiten harjoittelujaksoja. Harjoitteluja voi suorittaa kaikissa muissa maissa paitsi USA:ssa. Opintojen suunnittelussa kannattaa huomioida my\u00f6s, ett\u00e4 Soteekki-harjoittelua vastaavaa harjoittelupaikkaa on haasteellista l\u00f6yt\u00e4\u00e4 mist\u00e4\u00e4n vaihtomaasta, joten sit\u00e4 ei kannata ensisijaisesti suunnitella vaihdossa suoritettavaksi. <a href=\"https:\/\/teve-kvpolku.samk.fi\/?page_id=126\"><span style=\"text-decoration: underline;\">Vaihtokorkeakoulujen listasta<\/span> <\/a>n\u00e4et, mit\u00e4 harjoitteluja kussakin korkeakoulussa voi suorittaa.<\/li>\n<li>Vaihdossa voi suorittaa joko teoriaopintoja, tai harjoittelua tai molempia<strong>. <\/strong>Vaihto- opiskelijoille sopivia teoriaopintoja on tarjolla korkeakouluissa rajoitetusti. Viel\u00e4 t\u00e4ll\u00e4 hetkell\u00e4 teoriaopintoja ei k\u00e4yt\u00e4nn\u00f6llisesti katsoen voi suorittaa kuin maissa, joiden kielen\u00e4 on englanti: Englanti, Skotlanti, Irlanti ja USA. Teoriaopintojen suorittaminen lyhyess\u00e4 (3kk) vaihdossa on haasteellista my\u00f6s sen vuoksi, ett\u00e4 opintojaksojen toteutus kest\u00e4\u00e4 usein koko lukukauden, joten sopivaa opintokokonaisuutta on vaikea l\u00f6yt\u00e4\u00e4.<\/li>\n<\/ul>\n","protected":false},"excerpt":{"rendered":"<p>Vaihtoon l\u00e4hd\u00f6n suunnittelussa, kuten kaikessa suunnittelussa, on t\u00e4rke\u00e4\u00e4 selvitt\u00e4\u00e4 itselleen, mitk\u00e4 ovat vaihtoon l\u00e4hd\u00f6n tavoitteet? Onko ensisijaisena motiivinasi: kieli- ja kulttuuritaitojen parantaminen, oman alan ammattiopintojen suorittaminen ulkomaisessa korkeakoulussa tai kenties selviytymisen ja vuorovaikutustaitojen lis\u00e4\u00e4minen vieraassa ymp\u00e4rist\u00f6ss\u00e4? Tavoitteiden selkeytyminen auttaa laatimaan suunnitelmaa niiden saavuttamiseksi: Mihin maahan\/korkeakouluun haluaisit l\u00e4hte\u00e4, Milloin, miten pitk\u00e4ksi ajaksi ja Mit\u00e4 opintoja aikoisit [&hellip;]<\/p>\n","protected":false},"author":1,"featured_media":0,"parent":53,"menu_order":2,"comment_status":"closed","ping_status":"closed","template":"","meta":{"footnotes":""},"class_list":["post-80","page","type-page","status-publish","hentry"],"yoast_head":"<!-- This site is optimized with the Yoast SEO plugin v27.3 - https:\/\/yoast.com\/product\/yoast-seo-wordpress\/ -->\n<title>Vaihtojakson suunnittelun aloittaminen \u2502 Planning the exchange - Hoitoty\u00f6n opiskelijan KV-polku<\/title>\n<meta name=\"robots\" content=\"index, follow, max-snippet:-1, max-image-preview:large, max-video-preview:-1\" \/>\n<link rel=\"canonical\" href=\"https:\/\/teve-kvpolku.samk.fi\/?page_id=80\" \/>\n<meta property=\"og:locale\" content=\"fi_FI\" \/>\n<meta property=\"og:type\" content=\"article\" \/>\n<meta property=\"og:title\" content=\"Vaihtojakson suunnittelun aloittaminen \u2502 Planning the exchange - Hoitoty\u00f6n opiskelijan KV-polku\" \/>\n<meta property=\"og:description\" content=\"Vaihtoon l\u00e4hd\u00f6n suunnittelussa, kuten kaikessa suunnittelussa, on t\u00e4rke\u00e4\u00e4 selvitt\u00e4\u00e4 itselleen, mitk\u00e4 ovat vaihtoon l\u00e4hd\u00f6n tavoitteet? Onko ensisijaisena motiivinasi: kieli- ja kulttuuritaitojen parantaminen, oman alan ammattiopintojen suorittaminen ulkomaisessa korkeakoulussa tai kenties selviytymisen ja vuorovaikutustaitojen lis\u00e4\u00e4minen vieraassa ymp\u00e4rist\u00f6ss\u00e4? Tavoitteiden selkeytyminen auttaa laatimaan suunnitelmaa niiden saavuttamiseksi: Mihin maahan\/korkeakouluun haluaisit l\u00e4hte\u00e4, Milloin, miten pitk\u00e4ksi ajaksi ja Mit\u00e4 opintoja aikoisit [&hellip;]\" \/>\n<meta property=\"og:url\" content=\"https:\/\/teve-kvpolku.samk.fi\/?page_id=80\" \/>\n<meta property=\"og:site_name\" content=\"Hoitoty\u00f6n opiskelijan KV-polku\" \/>\n<meta property=\"article:modified_time\" content=\"2017-09-26T05:37:04+00:00\" \/>\n<meta name=\"twitter:label1\" content=\"Arvioitu lukuaika\" \/>\n\t<meta name=\"twitter:data1\" content=\"4 minuuttia\" \/>\n<script type=\"application\/ld+json\" class=\"yoast-schema-graph\">{\"@context\":\"https:\\\/\\\/schema.org\",\"@graph\":[{\"@type\":\"WebPage\",\"@id\":\"https:\\\/\\\/teve-kvpolku.samk.fi\\\/?page_id=80\",\"url\":\"https:\\\/\\\/teve-kvpolku.samk.fi\\\/?page_id=80\",\"name\":\"Vaihtojakson suunnittelun aloittaminen \u2502 Planning the exchange - Hoitoty\u00f6n opiskelijan KV-polku\",\"isPartOf\":{\"@id\":\"https:\\\/\\\/teve-kvpolku.samk.fi\\\/#website\"},\"datePublished\":\"2014-11-18T12:23:32+00:00\",\"dateModified\":\"2017-09-26T05:37:04+00:00\",\"breadcrumb\":{\"@id\":\"https:\\\/\\\/teve-kvpolku.samk.fi\\\/?page_id=80#breadcrumb\"},\"inLanguage\":\"fi\",\"potentialAction\":[{\"@type\":\"ReadAction\",\"target\":[\"https:\\\/\\\/teve-kvpolku.samk.fi\\\/?page_id=80\"]}]},{\"@type\":\"BreadcrumbList\",\"@id\":\"https:\\\/\\\/teve-kvpolku.samk.fi\\\/?page_id=80#breadcrumb\",\"itemListElement\":[{\"@type\":\"ListItem\",\"position\":1,\"name\":\"Home\",\"item\":\"https:\\\/\\\/teve-kvpolku.samk.fi\\\/\"},{\"@type\":\"ListItem\",\"position\":2,\"name\":\"Vaihto-opiskelu \u2502Exchange\",\"item\":\"https:\\\/\\\/teve-kvpolku.samk.fi\\\/?page_id=39\"},{\"@type\":\"ListItem\",\"position\":3,\"name\":\"Ohjeet vaihtoon l\u00e4htij\u00e4lle \u2502 Excellent opportunities for studying abroad\",\"item\":\"https:\\\/\\\/teve-kvpolku.samk.fi\\\/?page_id=53\"},{\"@type\":\"ListItem\",\"position\":4,\"name\":\"Vaihtojakson suunnittelun aloittaminen \u2502 Planning the exchange\"}]},{\"@type\":\"WebSite\",\"@id\":\"https:\\\/\\\/teve-kvpolku.samk.fi\\\/#website\",\"url\":\"https:\\\/\\\/teve-kvpolku.samk.fi\\\/\",\"name\":\"Hoitoty\u00f6n opiskelijan KV-polku\",\"description\":\"Apu kansainv\u00e4lisyysosaamisen rakentamiseen hoitoty\u00f6n opiskelijalle\",\"potentialAction\":[{\"@type\":\"SearchAction\",\"target\":{\"@type\":\"EntryPoint\",\"urlTemplate\":\"https:\\\/\\\/teve-kvpolku.samk.fi\\\/?s={search_term_string}\"},\"query-input\":{\"@type\":\"PropertyValueSpecification\",\"valueRequired\":true,\"valueName\":\"search_term_string\"}}],\"inLanguage\":\"fi\"}]}<\/script>\n<!-- \/ Yoast SEO plugin. -->","yoast_head_json":{"title":"Vaihtojakson suunnittelun aloittaminen \u2502 Planning the exchange - Hoitoty\u00f6n opiskelijan KV-polku","robots":{"index":"index","follow":"follow","max-snippet":"max-snippet:-1","max-image-preview":"max-image-preview:large","max-video-preview":"max-video-preview:-1"},"canonical":"https:\/\/teve-kvpolku.samk.fi\/?page_id=80","og_locale":"fi_FI","og_type":"article","og_title":"Vaihtojakson suunnittelun aloittaminen \u2502 Planning the exchange - Hoitoty\u00f6n opiskelijan KV-polku","og_description":"Vaihtoon l\u00e4hd\u00f6n suunnittelussa, kuten kaikessa suunnittelussa, on t\u00e4rke\u00e4\u00e4 selvitt\u00e4\u00e4 itselleen, mitk\u00e4 ovat vaihtoon l\u00e4hd\u00f6n tavoitteet? Onko ensisijaisena motiivinasi: kieli- ja kulttuuritaitojen parantaminen, oman alan ammattiopintojen suorittaminen ulkomaisessa korkeakoulussa tai kenties selviytymisen ja vuorovaikutustaitojen lis\u00e4\u00e4minen vieraassa ymp\u00e4rist\u00f6ss\u00e4? Tavoitteiden selkeytyminen auttaa laatimaan suunnitelmaa niiden saavuttamiseksi: Mihin maahan\/korkeakouluun haluaisit l\u00e4hte\u00e4, Milloin, miten pitk\u00e4ksi ajaksi ja Mit\u00e4 opintoja aikoisit [&hellip;]","og_url":"https:\/\/teve-kvpolku.samk.fi\/?page_id=80","og_site_name":"Hoitoty\u00f6n opiskelijan KV-polku","article_modified_time":"2017-09-26T05:37:04+00:00","twitter_misc":{"Arvioitu lukuaika":"4 minuuttia"},"schema":{"@context":"https:\/\/schema.org","@graph":[{"@type":"WebPage","@id":"https:\/\/teve-kvpolku.samk.fi\/?page_id=80","url":"https:\/\/teve-kvpolku.samk.fi\/?page_id=80","name":"Vaihtojakson suunnittelun aloittaminen \u2502 Planning the exchange - Hoitoty\u00f6n opiskelijan KV-polku","isPartOf":{"@id":"https:\/\/teve-kvpolku.samk.fi\/#website"},"datePublished":"2014-11-18T12:23:32+00:00","dateModified":"2017-09-26T05:37:04+00:00","breadcrumb":{"@id":"https:\/\/teve-kvpolku.samk.fi\/?page_id=80#breadcrumb"},"inLanguage":"fi","potentialAction":[{"@type":"ReadAction","target":["https:\/\/teve-kvpolku.samk.fi\/?page_id=80"]}]},{"@type":"BreadcrumbList","@id":"https:\/\/teve-kvpolku.samk.fi\/?page_id=80#breadcrumb","itemListElement":[{"@type":"ListItem","position":1,"name":"Home","item":"https:\/\/teve-kvpolku.samk.fi\/"},{"@type":"ListItem","position":2,"name":"Vaihto-opiskelu \u2502Exchange","item":"https:\/\/teve-kvpolku.samk.fi\/?page_id=39"},{"@type":"ListItem","position":3,"name":"Ohjeet vaihtoon l\u00e4htij\u00e4lle \u2502 Excellent opportunities for studying abroad","item":"https:\/\/teve-kvpolku.samk.fi\/?page_id=53"},{"@type":"ListItem","position":4,"name":"Vaihtojakson suunnittelun aloittaminen \u2502 Planning the exchange"}]},{"@type":"WebSite","@id":"https:\/\/teve-kvpolku.samk.fi\/#website","url":"https:\/\/teve-kvpolku.samk.fi\/","name":"Hoitoty\u00f6n opiskelijan KV-polku","description":"Apu kansainv\u00e4lisyysosaamisen rakentamiseen hoitoty\u00f6n opiskelijalle","potentialAction":[{"@type":"SearchAction","target":{"@type":"EntryPoint","urlTemplate":"https:\/\/teve-kvpolku.samk.fi\/?s={search_term_string}"},"query-input":{"@type":"PropertyValueSpecification","valueRequired":true,"valueName":"search_term_string"}}],"inLanguage":"fi"}]}},"_links":{"self":[{"href":"https:\/\/teve-kvpolku.samk.fi\/index.php?rest_route=\/wp\/v2\/pages\/80","targetHints":{"allow":["GET"]}}],"collection":[{"href":"https:\/\/teve-kvpolku.samk.fi\/index.php?rest_route=\/wp\/v2\/pages"}],"about":[{"href":"https:\/\/teve-kvpolku.samk.fi\/index.php?rest_route=\/wp\/v2\/types\/page"}],"author":[{"embeddable":true,"href":"https:\/\/teve-kvpolku.samk.fi\/index.php?rest_route=\/wp\/v2\/users\/1"}],"replies":[{"embeddable":true,"href":"https:\/\/teve-kvpolku.samk.fi\/index.php?rest_route=%2Fwp%2Fv2%2Fcomments&post=80"}],"version-history":[{"count":6,"href":"https:\/\/teve-kvpolku.samk.fi\/index.php?rest_route=\/wp\/v2\/pages\/80\/revisions"}],"predecessor-version":[{"id":549,"href":"https:\/\/teve-kvpolku.samk.fi\/index.php?rest_route=\/wp\/v2\/pages\/80\/revisions\/549"}],"up":[{"embeddable":true,"href":"https:\/\/teve-kvpolku.samk.fi\/index.php?rest_route=\/wp\/v2\/pages\/53"}],"wp:attachment":[{"href":"https:\/\/teve-kvpolku.samk.fi\/index.php?rest_route=%2Fwp%2Fv2%2Fmedia&parent=80"}],"curies":[{"name":"wp","href":"https:\/\/api.w.org\/{rel}","templated":true}]}}