{"id":63,"date":"2014-11-18T13:50:08","date_gmt":"2014-11-18T11:50:08","guid":{"rendered":"http:\/\/teve-kvpolku.samk.fi\/?page_id=63"},"modified":"2017-09-25T15:55:23","modified_gmt":"2017-09-25T12:55:23","slug":"vaihto-opettajien-luennot","status":"publish","type":"page","link":"https:\/\/teve-kvpolku.samk.fi\/?page_id=63","title":{"rendered":"Vaihto-opettajien luennot \u2502 Lectures by exchange teachers"},"content":{"rendered":"<p><strong>Exchange teachers <\/strong><\/p>\n<p>Exchange teachers sometimes teach parts of a compulsory course, which would normally be taught by your Finnish teacher. Sometimes exchange teachers teach on topics which are not part of the curriculum, but attending exchange teachers\u2019 lectures can count towards elective studies. Attending lectures or workshops given in English is a very good way of familiarizing the ear to listening to different accents and of course it also provides you with a good opportunity to express yourself in English.<\/p>\n<p>During International Weeks we hope to host many exchange lecturers so do follow the student notice board for information about the week\u2019s activities.<\/p>\n<p>&nbsp;<\/p>\n","protected":false},"excerpt":{"rendered":"<p>Exchange teachers Exchange teachers sometimes teach parts of a compulsory course, which would normally be taught by your Finnish teacher. Sometimes exchange teachers teach on topics which are not part of the curriculum, but attending exchange teachers\u2019 lectures can count towards elective studies. Attending lectures or workshops given in English is a very good way [&hellip;]<\/p>\n","protected":false},"author":1,"featured_media":0,"parent":43,"menu_order":8,"comment_status":"closed","ping_status":"closed","template":"","meta":{"footnotes":""},"class_list":["post-63","page","type-page","status-publish","hentry"],"yoast_head":"<!-- This site is optimized with the Yoast SEO plugin v27.3 - https:\/\/yoast.com\/product\/yoast-seo-wordpress\/ -->\n<title>Vaihto-opettajien luennot \u2502 Lectures by exchange teachers - Hoitoty\u00f6n opiskelijan KV-polku<\/title>\n<meta name=\"robots\" content=\"index, follow, max-snippet:-1, max-image-preview:large, max-video-preview:-1\" \/>\n<link rel=\"canonical\" href=\"https:\/\/teve-kvpolku.samk.fi\/?page_id=63\" \/>\n<meta property=\"og:locale\" content=\"fi_FI\" \/>\n<meta property=\"og:type\" content=\"article\" \/>\n<meta property=\"og:title\" content=\"Vaihto-opettajien luennot \u2502 Lectures by exchange teachers - Hoitoty\u00f6n opiskelijan KV-polku\" \/>\n<meta property=\"og:description\" content=\"Exchange teachers Exchange teachers sometimes teach parts of a compulsory course, which would normally be taught by your Finnish teacher. Sometimes exchange teachers teach on topics which are not part of the curriculum, but attending exchange teachers\u2019 lectures can count towards elective studies. Attending lectures or workshops given in English is a very good way [&hellip;]\" \/>\n<meta property=\"og:url\" content=\"https:\/\/teve-kvpolku.samk.fi\/?page_id=63\" \/>\n<meta property=\"og:site_name\" content=\"Hoitoty\u00f6n opiskelijan KV-polku\" \/>\n<meta property=\"article:modified_time\" content=\"2017-09-25T12:55:23+00:00\" \/>\n<meta name=\"twitter:label1\" content=\"Arvioitu lukuaika\" \/>\n\t<meta name=\"twitter:data1\" content=\"1 minuutti\" \/>\n<script type=\"application\/ld+json\" class=\"yoast-schema-graph\">{\"@context\":\"https:\\\/\\\/schema.org\",\"@graph\":[{\"@type\":\"WebPage\",\"@id\":\"https:\\\/\\\/teve-kvpolku.samk.fi\\\/?page_id=63\",\"url\":\"https:\\\/\\\/teve-kvpolku.samk.fi\\\/?page_id=63\",\"name\":\"Vaihto-opettajien luennot \u2502 Lectures by exchange teachers - Hoitoty\u00f6n opiskelijan KV-polku\",\"isPartOf\":{\"@id\":\"https:\\\/\\\/teve-kvpolku.samk.fi\\\/#website\"},\"datePublished\":\"2014-11-18T11:50:08+00:00\",\"dateModified\":\"2017-09-25T12:55:23+00:00\",\"breadcrumb\":{\"@id\":\"https:\\\/\\\/teve-kvpolku.samk.fi\\\/?page_id=63#breadcrumb\"},\"inLanguage\":\"fi\",\"potentialAction\":[{\"@type\":\"ReadAction\",\"target\":[\"https:\\\/\\\/teve-kvpolku.samk.fi\\\/?page_id=63\"]}]},{\"@type\":\"BreadcrumbList\",\"@id\":\"https:\\\/\\\/teve-kvpolku.samk.fi\\\/?page_id=63#breadcrumb\",\"itemListElement\":[{\"@type\":\"ListItem\",\"position\":1,\"name\":\"Home\",\"item\":\"https:\\\/\\\/teve-kvpolku.samk.fi\\\/\"},{\"@type\":\"ListItem\",\"position\":2,\"name\":\"Kotikansainv\u00e4listyminen \u2502Internationalization at your home institution\",\"item\":\"https:\\\/\\\/teve-kvpolku.samk.fi\\\/?page_id=43\"},{\"@type\":\"ListItem\",\"position\":3,\"name\":\"Vaihto-opettajien luennot \u2502 Lectures by exchange teachers\"}]},{\"@type\":\"WebSite\",\"@id\":\"https:\\\/\\\/teve-kvpolku.samk.fi\\\/#website\",\"url\":\"https:\\\/\\\/teve-kvpolku.samk.fi\\\/\",\"name\":\"Hoitoty\u00f6n opiskelijan KV-polku\",\"description\":\"Apu kansainv\u00e4lisyysosaamisen rakentamiseen hoitoty\u00f6n opiskelijalle\",\"potentialAction\":[{\"@type\":\"SearchAction\",\"target\":{\"@type\":\"EntryPoint\",\"urlTemplate\":\"https:\\\/\\\/teve-kvpolku.samk.fi\\\/?s={search_term_string}\"},\"query-input\":{\"@type\":\"PropertyValueSpecification\",\"valueRequired\":true,\"valueName\":\"search_term_string\"}}],\"inLanguage\":\"fi\"}]}<\/script>\n<!-- \/ Yoast SEO plugin. -->","yoast_head_json":{"title":"Vaihto-opettajien luennot \u2502 Lectures by exchange teachers - Hoitoty\u00f6n opiskelijan KV-polku","robots":{"index":"index","follow":"follow","max-snippet":"max-snippet:-1","max-image-preview":"max-image-preview:large","max-video-preview":"max-video-preview:-1"},"canonical":"https:\/\/teve-kvpolku.samk.fi\/?page_id=63","og_locale":"fi_FI","og_type":"article","og_title":"Vaihto-opettajien luennot \u2502 Lectures by exchange teachers - Hoitoty\u00f6n opiskelijan KV-polku","og_description":"Exchange teachers Exchange teachers sometimes teach parts of a compulsory course, which would normally be taught by your Finnish teacher. Sometimes exchange teachers teach on topics which are not part of the curriculum, but attending exchange teachers\u2019 lectures can count towards elective studies. Attending lectures or workshops given in English is a very good way [&hellip;]","og_url":"https:\/\/teve-kvpolku.samk.fi\/?page_id=63","og_site_name":"Hoitoty\u00f6n opiskelijan KV-polku","article_modified_time":"2017-09-25T12:55:23+00:00","twitter_misc":{"Arvioitu lukuaika":"1 minuutti"},"schema":{"@context":"https:\/\/schema.org","@graph":[{"@type":"WebPage","@id":"https:\/\/teve-kvpolku.samk.fi\/?page_id=63","url":"https:\/\/teve-kvpolku.samk.fi\/?page_id=63","name":"Vaihto-opettajien luennot \u2502 Lectures by exchange teachers - Hoitoty\u00f6n opiskelijan KV-polku","isPartOf":{"@id":"https:\/\/teve-kvpolku.samk.fi\/#website"},"datePublished":"2014-11-18T11:50:08+00:00","dateModified":"2017-09-25T12:55:23+00:00","breadcrumb":{"@id":"https:\/\/teve-kvpolku.samk.fi\/?page_id=63#breadcrumb"},"inLanguage":"fi","potentialAction":[{"@type":"ReadAction","target":["https:\/\/teve-kvpolku.samk.fi\/?page_id=63"]}]},{"@type":"BreadcrumbList","@id":"https:\/\/teve-kvpolku.samk.fi\/?page_id=63#breadcrumb","itemListElement":[{"@type":"ListItem","position":1,"name":"Home","item":"https:\/\/teve-kvpolku.samk.fi\/"},{"@type":"ListItem","position":2,"name":"Kotikansainv\u00e4listyminen \u2502Internationalization at your home institution","item":"https:\/\/teve-kvpolku.samk.fi\/?page_id=43"},{"@type":"ListItem","position":3,"name":"Vaihto-opettajien luennot \u2502 Lectures by exchange teachers"}]},{"@type":"WebSite","@id":"https:\/\/teve-kvpolku.samk.fi\/#website","url":"https:\/\/teve-kvpolku.samk.fi\/","name":"Hoitoty\u00f6n opiskelijan KV-polku","description":"Apu kansainv\u00e4lisyysosaamisen rakentamiseen hoitoty\u00f6n opiskelijalle","potentialAction":[{"@type":"SearchAction","target":{"@type":"EntryPoint","urlTemplate":"https:\/\/teve-kvpolku.samk.fi\/?s={search_term_string}"},"query-input":{"@type":"PropertyValueSpecification","valueRequired":true,"valueName":"search_term_string"}}],"inLanguage":"fi"}]}},"_links":{"self":[{"href":"https:\/\/teve-kvpolku.samk.fi\/index.php?rest_route=\/wp\/v2\/pages\/63","targetHints":{"allow":["GET"]}}],"collection":[{"href":"https:\/\/teve-kvpolku.samk.fi\/index.php?rest_route=\/wp\/v2\/pages"}],"about":[{"href":"https:\/\/teve-kvpolku.samk.fi\/index.php?rest_route=\/wp\/v2\/types\/page"}],"author":[{"embeddable":true,"href":"https:\/\/teve-kvpolku.samk.fi\/index.php?rest_route=\/wp\/v2\/users\/1"}],"replies":[{"embeddable":true,"href":"https:\/\/teve-kvpolku.samk.fi\/index.php?rest_route=%2Fwp%2Fv2%2Fcomments&post=63"}],"version-history":[{"count":11,"href":"https:\/\/teve-kvpolku.samk.fi\/index.php?rest_route=\/wp\/v2\/pages\/63\/revisions"}],"predecessor-version":[{"id":539,"href":"https:\/\/teve-kvpolku.samk.fi\/index.php?rest_route=\/wp\/v2\/pages\/63\/revisions\/539"}],"up":[{"embeddable":true,"href":"https:\/\/teve-kvpolku.samk.fi\/index.php?rest_route=\/wp\/v2\/pages\/43"}],"wp:attachment":[{"href":"https:\/\/teve-kvpolku.samk.fi\/index.php?rest_route=%2Fwp%2Fv2%2Fmedia&parent=63"}],"curies":[{"name":"wp","href":"https:\/\/api.w.org\/{rel}","templated":true}]}}