{"id":57,"date":"2014-11-18T13:49:33","date_gmt":"2014-11-18T11:49:33","guid":{"rendered":"http:\/\/teve-kvpolku.samk.fi\/?page_id=57"},"modified":"2017-09-25T15:53:00","modified_gmt":"2017-09-25T12:53:00","slug":"international-cafe","status":"publish","type":"page","link":"https:\/\/teve-kvpolku.samk.fi\/?page_id=57","title":{"rendered":"International Caf\u00e9"},"content":{"rendered":"<div style=\"width: 625px;\" class=\"wp-video\"><video class=\"wp-video-shortcode\" id=\"video-57-1\" width=\"625\" height=\"469\" preload=\"metadata\" controls=\"controls\"><source type=\"video\/x-ms-wmv\" src=\"https:\/\/teve-kvpolku.samk.fi\/wp-content\/uploads\/2014\/11\/MINIPROJEKTI-2-1.wmv?_=1\" \/><a href=\"https:\/\/teve-kvpolku.samk.fi\/wp-content\/uploads\/2014\/11\/MINIPROJEKTI-2-1.wmv\">https:\/\/teve-kvpolku.samk.fi\/wp-content\/uploads\/2014\/11\/MINIPROJEKTI-2-1.wmv<\/a><\/video><\/div>\n<p>Eri kulttuureista tulevien opiskelijoiden\/harjoittelijoiden sijoittuminen opiskelu- ja ty\u00f6ymp\u00e4rist\u00f6\u00f6n her\u00e4tt\u00e4\u00e4 usein ristiriitaisia tunteita ja kansainv\u00e4liset sosiaaliset taidot joutuvat koetukselle.<\/p>\n<p>Miten lis\u00e4t\u00e4 kansainv\u00e4lisi\u00e4 sosiaalisia taitoja ja kulttuurituntemusta omassa opiskelu\/ty\u00f6ymp\u00e4rist\u00f6ss\u00e4 her\u00e4tti ajatuksen l\u00e4hestymistavasta, jossa ei opeteta kv-taitoja vaan annetaan mahdollisuus oppia niit\u00e4 omakohtaisesti tutustumalla eri maista\/kultuureista tuleviin vaihto-opiskelijoihin\/harjoittelijoihin.<\/p>\n<p>International Caf\u00e9 on tarkoitettu opiskelijoille ja henkil\u00f6kunnalle. Meille tulevat vaihto-opiskelijat j\u00e4rjest\u00e4v\u00e4t joka syksy ja kev\u00e4t International Caf\u00e9en yhdess\u00e4 kv-toimiston ja kv-tutoreiden kanssa.<\/p>\n<p>International Caf\u00e9en tavoitteita ovat:<\/p>\n<ol>\n<li>Kulttuurien kohtaaminen<\/li>\n<li>Toiminta monikulttuurisessa toimintaymp\u00e4rist\u00f6ss\u00e4, kansainv\u00e4liset sosiaaliset taidot<\/li>\n<li>Kotikansainv\u00e4istyminen, omakohtainen oppiminen<\/li>\n<li>Kv-toiminnan n\u00e4kyvyyden \/tunnettavuuden lis\u00e4\u00e4minen<\/li>\n<li>Kielimuurin ylitt\u00e4minen<\/li>\n<li>Uusien kontaktien luominen (esim. meilt\u00e4 vaihtoon l\u00e4htev\u00e4 opiskelija luon kontaktin vastaanottavan korkeakoulun opiskelijaan jo kotimaassa)<\/li>\n<\/ol>\n<hr \/>\n<p>&nbsp;<\/p>\n","protected":false},"excerpt":{"rendered":"<p>Eri kulttuureista tulevien opiskelijoiden\/harjoittelijoiden sijoittuminen opiskelu- ja ty\u00f6ymp\u00e4rist\u00f6\u00f6n her\u00e4tt\u00e4\u00e4 usein ristiriitaisia tunteita ja kansainv\u00e4liset sosiaaliset taidot joutuvat koetukselle. Miten lis\u00e4t\u00e4 kansainv\u00e4lisi\u00e4 sosiaalisia taitoja ja kulttuurituntemusta omassa opiskelu\/ty\u00f6ymp\u00e4rist\u00f6ss\u00e4 her\u00e4tti ajatuksen l\u00e4hestymistavasta, jossa ei opeteta kv-taitoja vaan annetaan mahdollisuus oppia niit\u00e4 omakohtaisesti tutustumalla eri maista\/kultuureista tuleviin vaihto-opiskelijoihin\/harjoittelijoihin. International Caf\u00e9 on tarkoitettu opiskelijoille ja henkil\u00f6kunnalle. Meille tulevat vaihto-opiskelijat [&hellip;]<\/p>\n","protected":false},"author":1,"featured_media":0,"parent":43,"menu_order":5,"comment_status":"closed","ping_status":"closed","template":"","meta":{"footnotes":""},"class_list":["post-57","page","type-page","status-publish","hentry"],"yoast_head":"<!-- This site is optimized with the Yoast SEO plugin v27.3 - https:\/\/yoast.com\/product\/yoast-seo-wordpress\/ -->\n<title>International Caf\u00e9 - Hoitoty\u00f6n opiskelijan KV-polku<\/title>\n<meta name=\"robots\" content=\"index, follow, max-snippet:-1, max-image-preview:large, max-video-preview:-1\" \/>\n<link rel=\"canonical\" href=\"https:\/\/teve-kvpolku.samk.fi\/?page_id=57\" \/>\n<meta property=\"og:locale\" content=\"fi_FI\" \/>\n<meta property=\"og:type\" content=\"article\" \/>\n<meta property=\"og:title\" content=\"International Caf\u00e9 - Hoitoty\u00f6n opiskelijan KV-polku\" \/>\n<meta property=\"og:description\" content=\"Eri kulttuureista tulevien opiskelijoiden\/harjoittelijoiden sijoittuminen opiskelu- ja ty\u00f6ymp\u00e4rist\u00f6\u00f6n her\u00e4tt\u00e4\u00e4 usein ristiriitaisia tunteita ja kansainv\u00e4liset sosiaaliset taidot joutuvat koetukselle. Miten lis\u00e4t\u00e4 kansainv\u00e4lisi\u00e4 sosiaalisia taitoja ja kulttuurituntemusta omassa opiskelu\/ty\u00f6ymp\u00e4rist\u00f6ss\u00e4 her\u00e4tti ajatuksen l\u00e4hestymistavasta, jossa ei opeteta kv-taitoja vaan annetaan mahdollisuus oppia niit\u00e4 omakohtaisesti tutustumalla eri maista\/kultuureista tuleviin vaihto-opiskelijoihin\/harjoittelijoihin. International Caf\u00e9 on tarkoitettu opiskelijoille ja henkil\u00f6kunnalle. Meille tulevat vaihto-opiskelijat [&hellip;]\" \/>\n<meta property=\"og:url\" content=\"https:\/\/teve-kvpolku.samk.fi\/?page_id=57\" \/>\n<meta property=\"og:site_name\" content=\"Hoitoty\u00f6n opiskelijan KV-polku\" \/>\n<meta property=\"article:modified_time\" content=\"2017-09-25T12:53:00+00:00\" \/>\n<meta name=\"twitter:label1\" content=\"Arvioitu lukuaika\" \/>\n\t<meta name=\"twitter:data1\" content=\"1 minuutti\" \/>\n<script type=\"application\/ld+json\" class=\"yoast-schema-graph\">{\"@context\":\"https:\\\/\\\/schema.org\",\"@graph\":[{\"@type\":\"WebPage\",\"@id\":\"https:\\\/\\\/teve-kvpolku.samk.fi\\\/?page_id=57\",\"url\":\"https:\\\/\\\/teve-kvpolku.samk.fi\\\/?page_id=57\",\"name\":\"International Caf\u00e9 - Hoitoty\u00f6n opiskelijan KV-polku\",\"isPartOf\":{\"@id\":\"https:\\\/\\\/teve-kvpolku.samk.fi\\\/#website\"},\"datePublished\":\"2014-11-18T11:49:33+00:00\",\"dateModified\":\"2017-09-25T12:53:00+00:00\",\"breadcrumb\":{\"@id\":\"https:\\\/\\\/teve-kvpolku.samk.fi\\\/?page_id=57#breadcrumb\"},\"inLanguage\":\"fi\",\"potentialAction\":[{\"@type\":\"ReadAction\",\"target\":[\"https:\\\/\\\/teve-kvpolku.samk.fi\\\/?page_id=57\"]}]},{\"@type\":\"BreadcrumbList\",\"@id\":\"https:\\\/\\\/teve-kvpolku.samk.fi\\\/?page_id=57#breadcrumb\",\"itemListElement\":[{\"@type\":\"ListItem\",\"position\":1,\"name\":\"Home\",\"item\":\"https:\\\/\\\/teve-kvpolku.samk.fi\\\/\"},{\"@type\":\"ListItem\",\"position\":2,\"name\":\"Kotikansainv\u00e4listyminen \u2502Internationalization at your home institution\",\"item\":\"https:\\\/\\\/teve-kvpolku.samk.fi\\\/?page_id=43\"},{\"@type\":\"ListItem\",\"position\":3,\"name\":\"International Caf\u00e9\"}]},{\"@type\":\"WebSite\",\"@id\":\"https:\\\/\\\/teve-kvpolku.samk.fi\\\/#website\",\"url\":\"https:\\\/\\\/teve-kvpolku.samk.fi\\\/\",\"name\":\"Hoitoty\u00f6n opiskelijan KV-polku\",\"description\":\"Apu kansainv\u00e4lisyysosaamisen rakentamiseen hoitoty\u00f6n opiskelijalle\",\"potentialAction\":[{\"@type\":\"SearchAction\",\"target\":{\"@type\":\"EntryPoint\",\"urlTemplate\":\"https:\\\/\\\/teve-kvpolku.samk.fi\\\/?s={search_term_string}\"},\"query-input\":{\"@type\":\"PropertyValueSpecification\",\"valueRequired\":true,\"valueName\":\"search_term_string\"}}],\"inLanguage\":\"fi\"}]}<\/script>\n<!-- \/ Yoast SEO plugin. -->","yoast_head_json":{"title":"International Caf\u00e9 - Hoitoty\u00f6n opiskelijan KV-polku","robots":{"index":"index","follow":"follow","max-snippet":"max-snippet:-1","max-image-preview":"max-image-preview:large","max-video-preview":"max-video-preview:-1"},"canonical":"https:\/\/teve-kvpolku.samk.fi\/?page_id=57","og_locale":"fi_FI","og_type":"article","og_title":"International Caf\u00e9 - Hoitoty\u00f6n opiskelijan KV-polku","og_description":"Eri kulttuureista tulevien opiskelijoiden\/harjoittelijoiden sijoittuminen opiskelu- ja ty\u00f6ymp\u00e4rist\u00f6\u00f6n her\u00e4tt\u00e4\u00e4 usein ristiriitaisia tunteita ja kansainv\u00e4liset sosiaaliset taidot joutuvat koetukselle. Miten lis\u00e4t\u00e4 kansainv\u00e4lisi\u00e4 sosiaalisia taitoja ja kulttuurituntemusta omassa opiskelu\/ty\u00f6ymp\u00e4rist\u00f6ss\u00e4 her\u00e4tti ajatuksen l\u00e4hestymistavasta, jossa ei opeteta kv-taitoja vaan annetaan mahdollisuus oppia niit\u00e4 omakohtaisesti tutustumalla eri maista\/kultuureista tuleviin vaihto-opiskelijoihin\/harjoittelijoihin. International Caf\u00e9 on tarkoitettu opiskelijoille ja henkil\u00f6kunnalle. Meille tulevat vaihto-opiskelijat [&hellip;]","og_url":"https:\/\/teve-kvpolku.samk.fi\/?page_id=57","og_site_name":"Hoitoty\u00f6n opiskelijan KV-polku","article_modified_time":"2017-09-25T12:53:00+00:00","twitter_misc":{"Arvioitu lukuaika":"1 minuutti"},"schema":{"@context":"https:\/\/schema.org","@graph":[{"@type":"WebPage","@id":"https:\/\/teve-kvpolku.samk.fi\/?page_id=57","url":"https:\/\/teve-kvpolku.samk.fi\/?page_id=57","name":"International Caf\u00e9 - Hoitoty\u00f6n opiskelijan KV-polku","isPartOf":{"@id":"https:\/\/teve-kvpolku.samk.fi\/#website"},"datePublished":"2014-11-18T11:49:33+00:00","dateModified":"2017-09-25T12:53:00+00:00","breadcrumb":{"@id":"https:\/\/teve-kvpolku.samk.fi\/?page_id=57#breadcrumb"},"inLanguage":"fi","potentialAction":[{"@type":"ReadAction","target":["https:\/\/teve-kvpolku.samk.fi\/?page_id=57"]}]},{"@type":"BreadcrumbList","@id":"https:\/\/teve-kvpolku.samk.fi\/?page_id=57#breadcrumb","itemListElement":[{"@type":"ListItem","position":1,"name":"Home","item":"https:\/\/teve-kvpolku.samk.fi\/"},{"@type":"ListItem","position":2,"name":"Kotikansainv\u00e4listyminen \u2502Internationalization at your home institution","item":"https:\/\/teve-kvpolku.samk.fi\/?page_id=43"},{"@type":"ListItem","position":3,"name":"International Caf\u00e9"}]},{"@type":"WebSite","@id":"https:\/\/teve-kvpolku.samk.fi\/#website","url":"https:\/\/teve-kvpolku.samk.fi\/","name":"Hoitoty\u00f6n opiskelijan KV-polku","description":"Apu kansainv\u00e4lisyysosaamisen rakentamiseen hoitoty\u00f6n opiskelijalle","potentialAction":[{"@type":"SearchAction","target":{"@type":"EntryPoint","urlTemplate":"https:\/\/teve-kvpolku.samk.fi\/?s={search_term_string}"},"query-input":{"@type":"PropertyValueSpecification","valueRequired":true,"valueName":"search_term_string"}}],"inLanguage":"fi"}]}},"_links":{"self":[{"href":"https:\/\/teve-kvpolku.samk.fi\/index.php?rest_route=\/wp\/v2\/pages\/57","targetHints":{"allow":["GET"]}}],"collection":[{"href":"https:\/\/teve-kvpolku.samk.fi\/index.php?rest_route=\/wp\/v2\/pages"}],"about":[{"href":"https:\/\/teve-kvpolku.samk.fi\/index.php?rest_route=\/wp\/v2\/types\/page"}],"author":[{"embeddable":true,"href":"https:\/\/teve-kvpolku.samk.fi\/index.php?rest_route=\/wp\/v2\/users\/1"}],"replies":[{"embeddable":true,"href":"https:\/\/teve-kvpolku.samk.fi\/index.php?rest_route=%2Fwp%2Fv2%2Fcomments&post=57"}],"version-history":[{"count":5,"href":"https:\/\/teve-kvpolku.samk.fi\/index.php?rest_route=\/wp\/v2\/pages\/57\/revisions"}],"predecessor-version":[{"id":535,"href":"https:\/\/teve-kvpolku.samk.fi\/index.php?rest_route=\/wp\/v2\/pages\/57\/revisions\/535"}],"up":[{"embeddable":true,"href":"https:\/\/teve-kvpolku.samk.fi\/index.php?rest_route=\/wp\/v2\/pages\/43"}],"wp:attachment":[{"href":"https:\/\/teve-kvpolku.samk.fi\/index.php?rest_route=%2Fwp%2Fv2%2Fmedia&parent=57"}],"curies":[{"name":"wp","href":"https:\/\/api.w.org\/{rel}","templated":true}]}}