{"id":53,"date":"2014-11-18T13:49:01","date_gmt":"2014-11-18T11:49:01","guid":{"rendered":"http:\/\/teve-kvpolku.samk.fi\/?page_id=53"},"modified":"2017-09-26T08:34:46","modified_gmt":"2017-09-26T05:34:46","slug":"opintojen-suorittaminen-ulkomailla","status":"publish","type":"page","link":"https:\/\/teve-kvpolku.samk.fi\/?page_id=53","title":{"rendered":"Ohjeet vaihtoon l\u00e4htij\u00e4lle \u2502 Excellent opportunities for studying abroad"},"content":{"rendered":"<p>SAMKin kaikkia opiskelijoita koskevat ohjeet vaihto-opiskeluun l\u00f6ytyv\u00e4t Oivasta (SAMKin opiskelijoille suunnattu intranet, vaatii kirjautumisen). Vaihtoa suunnittelevan opiskelijan kannattaa tutustua n\u00e4ihin <a href=\"https:\/\/extra.samk.fi\/opiskelijanpalvelut\/ulkomaille.html.stxhttp:\/\/\">sivuihin<\/a> erityisen huollisesti.<\/p>\n<p>Edellisell\u00e4 KV-polkusivuston sivulla on kuvattu hoitoty\u00f6n opiskelijan vaihtoprosessin eteneminen vaihe vaiheelta. T\u00e4m\u00e4n prosessikuvausty\u00f6kalun avulla opiskelija voi muodostaa kokonaiskuvan monivaiheisen ja pitk\u00e4n vaihtoprosessin etenemisest\u00e4 ja vaiheiden ohjeistuksen avulla toteuttaa oman vaihto-opiskelunsa itsen\u00e4isesti.<\/p>\n<p>&nbsp;<\/p>\n","protected":false},"excerpt":{"rendered":"<p>SAMKin kaikkia opiskelijoita koskevat ohjeet vaihto-opiskeluun l\u00f6ytyv\u00e4t Oivasta (SAMKin opiskelijoille suunnattu intranet, vaatii kirjautumisen). Vaihtoa suunnittelevan opiskelijan kannattaa tutustua n\u00e4ihin sivuihin erityisen huollisesti. Edellisell\u00e4 KV-polkusivuston sivulla on kuvattu hoitoty\u00f6n opiskelijan vaihtoprosessin eteneminen vaihe vaiheelta. T\u00e4m\u00e4n prosessikuvausty\u00f6kalun avulla opiskelija voi muodostaa kokonaiskuvan monivaiheisen ja pitk\u00e4n vaihtoprosessin etenemisest\u00e4 ja vaiheiden ohjeistuksen avulla toteuttaa oman vaihto-opiskelunsa itsen\u00e4isesti. &nbsp;<\/p>\n","protected":false},"author":1,"featured_media":0,"parent":39,"menu_order":4,"comment_status":"closed","ping_status":"closed","template":"","meta":{"footnotes":""},"class_list":["post-53","page","type-page","status-publish","hentry"],"yoast_head":"<!-- This site is optimized with the Yoast SEO plugin v27.3 - https:\/\/yoast.com\/product\/yoast-seo-wordpress\/ -->\n<title>Ohjeet vaihtoon l\u00e4htij\u00e4lle \u2502 Excellent opportunities for studying abroad - Hoitoty\u00f6n opiskelijan KV-polku<\/title>\n<meta name=\"robots\" content=\"index, follow, max-snippet:-1, max-image-preview:large, max-video-preview:-1\" \/>\n<link rel=\"canonical\" href=\"https:\/\/teve-kvpolku.samk.fi\/?page_id=53\" \/>\n<meta property=\"og:locale\" content=\"fi_FI\" \/>\n<meta property=\"og:type\" content=\"article\" \/>\n<meta property=\"og:title\" content=\"Ohjeet vaihtoon l\u00e4htij\u00e4lle \u2502 Excellent opportunities for studying abroad - Hoitoty\u00f6n opiskelijan KV-polku\" \/>\n<meta property=\"og:description\" content=\"SAMKin kaikkia opiskelijoita koskevat ohjeet vaihto-opiskeluun l\u00f6ytyv\u00e4t Oivasta (SAMKin opiskelijoille suunnattu intranet, vaatii kirjautumisen). Vaihtoa suunnittelevan opiskelijan kannattaa tutustua n\u00e4ihin sivuihin erityisen huollisesti. Edellisell\u00e4 KV-polkusivuston sivulla on kuvattu hoitoty\u00f6n opiskelijan vaihtoprosessin eteneminen vaihe vaiheelta. T\u00e4m\u00e4n prosessikuvausty\u00f6kalun avulla opiskelija voi muodostaa kokonaiskuvan monivaiheisen ja pitk\u00e4n vaihtoprosessin etenemisest\u00e4 ja vaiheiden ohjeistuksen avulla toteuttaa oman vaihto-opiskelunsa itsen\u00e4isesti. &nbsp;\" \/>\n<meta property=\"og:url\" content=\"https:\/\/teve-kvpolku.samk.fi\/?page_id=53\" \/>\n<meta property=\"og:site_name\" content=\"Hoitoty\u00f6n opiskelijan KV-polku\" \/>\n<meta property=\"article:modified_time\" content=\"2017-09-26T05:34:46+00:00\" \/>\n<script type=\"application\/ld+json\" class=\"yoast-schema-graph\">{\"@context\":\"https:\\\/\\\/schema.org\",\"@graph\":[{\"@type\":\"WebPage\",\"@id\":\"https:\\\/\\\/teve-kvpolku.samk.fi\\\/?page_id=53\",\"url\":\"https:\\\/\\\/teve-kvpolku.samk.fi\\\/?page_id=53\",\"name\":\"Ohjeet vaihtoon l\u00e4htij\u00e4lle \u2502 Excellent opportunities for studying abroad - Hoitoty\u00f6n opiskelijan KV-polku\",\"isPartOf\":{\"@id\":\"https:\\\/\\\/teve-kvpolku.samk.fi\\\/#website\"},\"datePublished\":\"2014-11-18T11:49:01+00:00\",\"dateModified\":\"2017-09-26T05:34:46+00:00\",\"breadcrumb\":{\"@id\":\"https:\\\/\\\/teve-kvpolku.samk.fi\\\/?page_id=53#breadcrumb\"},\"inLanguage\":\"fi\",\"potentialAction\":[{\"@type\":\"ReadAction\",\"target\":[\"https:\\\/\\\/teve-kvpolku.samk.fi\\\/?page_id=53\"]}]},{\"@type\":\"BreadcrumbList\",\"@id\":\"https:\\\/\\\/teve-kvpolku.samk.fi\\\/?page_id=53#breadcrumb\",\"itemListElement\":[{\"@type\":\"ListItem\",\"position\":1,\"name\":\"Home\",\"item\":\"https:\\\/\\\/teve-kvpolku.samk.fi\\\/\"},{\"@type\":\"ListItem\",\"position\":2,\"name\":\"Vaihto-opiskelu \u2502Exchange\",\"item\":\"https:\\\/\\\/teve-kvpolku.samk.fi\\\/?page_id=39\"},{\"@type\":\"ListItem\",\"position\":3,\"name\":\"Ohjeet vaihtoon l\u00e4htij\u00e4lle \u2502 Excellent opportunities for studying abroad\"}]},{\"@type\":\"WebSite\",\"@id\":\"https:\\\/\\\/teve-kvpolku.samk.fi\\\/#website\",\"url\":\"https:\\\/\\\/teve-kvpolku.samk.fi\\\/\",\"name\":\"Hoitoty\u00f6n opiskelijan KV-polku\",\"description\":\"Apu kansainv\u00e4lisyysosaamisen rakentamiseen hoitoty\u00f6n opiskelijalle\",\"potentialAction\":[{\"@type\":\"SearchAction\",\"target\":{\"@type\":\"EntryPoint\",\"urlTemplate\":\"https:\\\/\\\/teve-kvpolku.samk.fi\\\/?s={search_term_string}\"},\"query-input\":{\"@type\":\"PropertyValueSpecification\",\"valueRequired\":true,\"valueName\":\"search_term_string\"}}],\"inLanguage\":\"fi\"}]}<\/script>\n<!-- \/ Yoast SEO plugin. -->","yoast_head_json":{"title":"Ohjeet vaihtoon l\u00e4htij\u00e4lle \u2502 Excellent opportunities for studying abroad - Hoitoty\u00f6n opiskelijan KV-polku","robots":{"index":"index","follow":"follow","max-snippet":"max-snippet:-1","max-image-preview":"max-image-preview:large","max-video-preview":"max-video-preview:-1"},"canonical":"https:\/\/teve-kvpolku.samk.fi\/?page_id=53","og_locale":"fi_FI","og_type":"article","og_title":"Ohjeet vaihtoon l\u00e4htij\u00e4lle \u2502 Excellent opportunities for studying abroad - Hoitoty\u00f6n opiskelijan KV-polku","og_description":"SAMKin kaikkia opiskelijoita koskevat ohjeet vaihto-opiskeluun l\u00f6ytyv\u00e4t Oivasta (SAMKin opiskelijoille suunnattu intranet, vaatii kirjautumisen). Vaihtoa suunnittelevan opiskelijan kannattaa tutustua n\u00e4ihin sivuihin erityisen huollisesti. Edellisell\u00e4 KV-polkusivuston sivulla on kuvattu hoitoty\u00f6n opiskelijan vaihtoprosessin eteneminen vaihe vaiheelta. T\u00e4m\u00e4n prosessikuvausty\u00f6kalun avulla opiskelija voi muodostaa kokonaiskuvan monivaiheisen ja pitk\u00e4n vaihtoprosessin etenemisest\u00e4 ja vaiheiden ohjeistuksen avulla toteuttaa oman vaihto-opiskelunsa itsen\u00e4isesti. &nbsp;","og_url":"https:\/\/teve-kvpolku.samk.fi\/?page_id=53","og_site_name":"Hoitoty\u00f6n opiskelijan KV-polku","article_modified_time":"2017-09-26T05:34:46+00:00","schema":{"@context":"https:\/\/schema.org","@graph":[{"@type":"WebPage","@id":"https:\/\/teve-kvpolku.samk.fi\/?page_id=53","url":"https:\/\/teve-kvpolku.samk.fi\/?page_id=53","name":"Ohjeet vaihtoon l\u00e4htij\u00e4lle \u2502 Excellent opportunities for studying abroad - Hoitoty\u00f6n opiskelijan KV-polku","isPartOf":{"@id":"https:\/\/teve-kvpolku.samk.fi\/#website"},"datePublished":"2014-11-18T11:49:01+00:00","dateModified":"2017-09-26T05:34:46+00:00","breadcrumb":{"@id":"https:\/\/teve-kvpolku.samk.fi\/?page_id=53#breadcrumb"},"inLanguage":"fi","potentialAction":[{"@type":"ReadAction","target":["https:\/\/teve-kvpolku.samk.fi\/?page_id=53"]}]},{"@type":"BreadcrumbList","@id":"https:\/\/teve-kvpolku.samk.fi\/?page_id=53#breadcrumb","itemListElement":[{"@type":"ListItem","position":1,"name":"Home","item":"https:\/\/teve-kvpolku.samk.fi\/"},{"@type":"ListItem","position":2,"name":"Vaihto-opiskelu \u2502Exchange","item":"https:\/\/teve-kvpolku.samk.fi\/?page_id=39"},{"@type":"ListItem","position":3,"name":"Ohjeet vaihtoon l\u00e4htij\u00e4lle \u2502 Excellent opportunities for studying abroad"}]},{"@type":"WebSite","@id":"https:\/\/teve-kvpolku.samk.fi\/#website","url":"https:\/\/teve-kvpolku.samk.fi\/","name":"Hoitoty\u00f6n opiskelijan KV-polku","description":"Apu kansainv\u00e4lisyysosaamisen rakentamiseen hoitoty\u00f6n opiskelijalle","potentialAction":[{"@type":"SearchAction","target":{"@type":"EntryPoint","urlTemplate":"https:\/\/teve-kvpolku.samk.fi\/?s={search_term_string}"},"query-input":{"@type":"PropertyValueSpecification","valueRequired":true,"valueName":"search_term_string"}}],"inLanguage":"fi"}]}},"_links":{"self":[{"href":"https:\/\/teve-kvpolku.samk.fi\/index.php?rest_route=\/wp\/v2\/pages\/53","targetHints":{"allow":["GET"]}}],"collection":[{"href":"https:\/\/teve-kvpolku.samk.fi\/index.php?rest_route=\/wp\/v2\/pages"}],"about":[{"href":"https:\/\/teve-kvpolku.samk.fi\/index.php?rest_route=\/wp\/v2\/types\/page"}],"author":[{"embeddable":true,"href":"https:\/\/teve-kvpolku.samk.fi\/index.php?rest_route=\/wp\/v2\/users\/1"}],"replies":[{"embeddable":true,"href":"https:\/\/teve-kvpolku.samk.fi\/index.php?rest_route=%2Fwp%2Fv2%2Fcomments&post=53"}],"version-history":[{"count":12,"href":"https:\/\/teve-kvpolku.samk.fi\/index.php?rest_route=\/wp\/v2\/pages\/53\/revisions"}],"predecessor-version":[{"id":545,"href":"https:\/\/teve-kvpolku.samk.fi\/index.php?rest_route=\/wp\/v2\/pages\/53\/revisions\/545"}],"up":[{"embeddable":true,"href":"https:\/\/teve-kvpolku.samk.fi\/index.php?rest_route=\/wp\/v2\/pages\/39"}],"wp:attachment":[{"href":"https:\/\/teve-kvpolku.samk.fi\/index.php?rest_route=%2Fwp%2Fv2%2Fmedia&parent=53"}],"curies":[{"name":"wp","href":"https:\/\/api.w.org\/{rel}","templated":true}]}}