{"id":49,"date":"2014-11-18T13:48:17","date_gmt":"2014-11-18T11:48:17","guid":{"rendered":"http:\/\/teve-kvpolku.samk.fi\/?page_id=49"},"modified":"2017-09-26T08:33:31","modified_gmt":"2017-09-26T05:33:31","slug":"intensiivikurssit","status":"publish","type":"page","link":"https:\/\/teve-kvpolku.samk.fi\/?page_id=49","title":{"rendered":"Intensiivikurssit \u2502Intensive course"},"content":{"rendered":"<p>ENNE (European Network of Nursing in Higher Education) on hoitoty\u00f6n verkosto, jossa SAMK on er\u00e4s perustajaj\u00e4senist\u00e4. Verkosto j\u00e4rjest\u00e4\u00e4 joka kev\u00e4t intensiiviviikon, jonne voi osallistua 4-5 opiskelijaa kustakin j\u00e4senmaasta. Viikko toteutetaan vuorotellen eri korkeakouluissa ja ohjelma sis\u00e4lt\u00e4\u00e4 opiskelua PBL tutoriaaleissa, opintok\u00e4yntej\u00e4 ja kulttuuriohjelmaa. Viikon ohjelma etuk\u00e4teisteht\u00e4vineen on laajuudeltaan 5 opintopistett\u00e4.<\/p>\n<p>Jos kiinnostuit viikosta, lis\u00e4\u00e4 tietoa verkoston toiminnasta ja intensiiviviikoista l\u00f6yd\u00e4t osoitteesta <a href=\"https:\/\/www.enne.international\/\">www.enne.international<\/a>. T\u00e4ll\u00e4 sivustolla kerrotaan mm. miss\u00e4 maassa seuraava intensiiviviikko j\u00e4rjestet\u00e4\u00e4n? Sivustolta l\u00f6ytyv\u00e4 rekister\u00f6intilomake t\u00e4ytet\u00e4\u00e4n vasta, kun hakemus viikolle osallistumiseen on hyv\u00e4ksytty. Vapaamuotoisen hakemuksen voit l\u00e4hett\u00e4\u00e4 Minna Markkaselle, <a href=\"mailto:minna.markkanen@samk.fi\">minna.markkanen@samk.fi<\/a> ymp\u00e4ri vuoden. ENNE intensiiviviikon ajankohta on huhtikuun lopulla. Valinnat tehd\u00e4\u00e4n marras-joulukuussa.<\/p>\n<hr \/>\n<p>&nbsp;<\/p>\n","protected":false},"excerpt":{"rendered":"<p>ENNE (European Network of Nursing in Higher Education) on hoitoty\u00f6n verkosto, jossa SAMK on er\u00e4s perustajaj\u00e4senist\u00e4. Verkosto j\u00e4rjest\u00e4\u00e4 joka kev\u00e4t intensiiviviikon, jonne voi osallistua 4-5 opiskelijaa kustakin j\u00e4senmaasta. Viikko toteutetaan vuorotellen eri korkeakouluissa ja ohjelma sis\u00e4lt\u00e4\u00e4 opiskelua PBL tutoriaaleissa, opintok\u00e4yntej\u00e4 ja kulttuuriohjelmaa. Viikon ohjelma etuk\u00e4teisteht\u00e4vineen on laajuudeltaan 5 opintopistett\u00e4. Jos kiinnostuit viikosta, lis\u00e4\u00e4 tietoa verkoston [&hellip;]<\/p>\n","protected":false},"author":1,"featured_media":0,"parent":39,"menu_order":2,"comment_status":"closed","ping_status":"closed","template":"","meta":{"footnotes":""},"class_list":["post-49","page","type-page","status-publish","hentry"],"yoast_head":"<!-- This site is optimized with the Yoast SEO plugin v27.3 - https:\/\/yoast.com\/product\/yoast-seo-wordpress\/ -->\n<title>Intensiivikurssit \u2502Intensive course - Hoitoty\u00f6n opiskelijan KV-polku<\/title>\n<meta name=\"robots\" content=\"index, follow, max-snippet:-1, max-image-preview:large, max-video-preview:-1\" \/>\n<link rel=\"canonical\" href=\"https:\/\/teve-kvpolku.samk.fi\/?page_id=49\" \/>\n<meta property=\"og:locale\" content=\"fi_FI\" \/>\n<meta property=\"og:type\" content=\"article\" \/>\n<meta property=\"og:title\" content=\"Intensiivikurssit \u2502Intensive course - Hoitoty\u00f6n opiskelijan KV-polku\" \/>\n<meta property=\"og:description\" content=\"ENNE (European Network of Nursing in Higher Education) on hoitoty\u00f6n verkosto, jossa SAMK on er\u00e4s perustajaj\u00e4senist\u00e4. Verkosto j\u00e4rjest\u00e4\u00e4 joka kev\u00e4t intensiiviviikon, jonne voi osallistua 4-5 opiskelijaa kustakin j\u00e4senmaasta. Viikko toteutetaan vuorotellen eri korkeakouluissa ja ohjelma sis\u00e4lt\u00e4\u00e4 opiskelua PBL tutoriaaleissa, opintok\u00e4yntej\u00e4 ja kulttuuriohjelmaa. Viikon ohjelma etuk\u00e4teisteht\u00e4vineen on laajuudeltaan 5 opintopistett\u00e4. Jos kiinnostuit viikosta, lis\u00e4\u00e4 tietoa verkoston [&hellip;]\" \/>\n<meta property=\"og:url\" content=\"https:\/\/teve-kvpolku.samk.fi\/?page_id=49\" \/>\n<meta property=\"og:site_name\" content=\"Hoitoty\u00f6n opiskelijan KV-polku\" \/>\n<meta property=\"article:modified_time\" content=\"2017-09-26T05:33:31+00:00\" \/>\n<meta name=\"twitter:label1\" content=\"Arvioitu lukuaika\" \/>\n\t<meta name=\"twitter:data1\" content=\"1 minuutti\" \/>\n<script type=\"application\/ld+json\" class=\"yoast-schema-graph\">{\"@context\":\"https:\\\/\\\/schema.org\",\"@graph\":[{\"@type\":\"WebPage\",\"@id\":\"https:\\\/\\\/teve-kvpolku.samk.fi\\\/?page_id=49\",\"url\":\"https:\\\/\\\/teve-kvpolku.samk.fi\\\/?page_id=49\",\"name\":\"Intensiivikurssit \u2502Intensive course - Hoitoty\u00f6n opiskelijan KV-polku\",\"isPartOf\":{\"@id\":\"https:\\\/\\\/teve-kvpolku.samk.fi\\\/#website\"},\"datePublished\":\"2014-11-18T11:48:17+00:00\",\"dateModified\":\"2017-09-26T05:33:31+00:00\",\"breadcrumb\":{\"@id\":\"https:\\\/\\\/teve-kvpolku.samk.fi\\\/?page_id=49#breadcrumb\"},\"inLanguage\":\"fi\",\"potentialAction\":[{\"@type\":\"ReadAction\",\"target\":[\"https:\\\/\\\/teve-kvpolku.samk.fi\\\/?page_id=49\"]}]},{\"@type\":\"BreadcrumbList\",\"@id\":\"https:\\\/\\\/teve-kvpolku.samk.fi\\\/?page_id=49#breadcrumb\",\"itemListElement\":[{\"@type\":\"ListItem\",\"position\":1,\"name\":\"Home\",\"item\":\"https:\\\/\\\/teve-kvpolku.samk.fi\\\/\"},{\"@type\":\"ListItem\",\"position\":2,\"name\":\"Vaihto-opiskelu \u2502Exchange\",\"item\":\"https:\\\/\\\/teve-kvpolku.samk.fi\\\/?page_id=39\"},{\"@type\":\"ListItem\",\"position\":3,\"name\":\"Intensiivikurssit \u2502Intensive course\"}]},{\"@type\":\"WebSite\",\"@id\":\"https:\\\/\\\/teve-kvpolku.samk.fi\\\/#website\",\"url\":\"https:\\\/\\\/teve-kvpolku.samk.fi\\\/\",\"name\":\"Hoitoty\u00f6n opiskelijan KV-polku\",\"description\":\"Apu kansainv\u00e4lisyysosaamisen rakentamiseen hoitoty\u00f6n opiskelijalle\",\"potentialAction\":[{\"@type\":\"SearchAction\",\"target\":{\"@type\":\"EntryPoint\",\"urlTemplate\":\"https:\\\/\\\/teve-kvpolku.samk.fi\\\/?s={search_term_string}\"},\"query-input\":{\"@type\":\"PropertyValueSpecification\",\"valueRequired\":true,\"valueName\":\"search_term_string\"}}],\"inLanguage\":\"fi\"}]}<\/script>\n<!-- \/ Yoast SEO plugin. -->","yoast_head_json":{"title":"Intensiivikurssit \u2502Intensive course - Hoitoty\u00f6n opiskelijan KV-polku","robots":{"index":"index","follow":"follow","max-snippet":"max-snippet:-1","max-image-preview":"max-image-preview:large","max-video-preview":"max-video-preview:-1"},"canonical":"https:\/\/teve-kvpolku.samk.fi\/?page_id=49","og_locale":"fi_FI","og_type":"article","og_title":"Intensiivikurssit \u2502Intensive course - Hoitoty\u00f6n opiskelijan KV-polku","og_description":"ENNE (European Network of Nursing in Higher Education) on hoitoty\u00f6n verkosto, jossa SAMK on er\u00e4s perustajaj\u00e4senist\u00e4. Verkosto j\u00e4rjest\u00e4\u00e4 joka kev\u00e4t intensiiviviikon, jonne voi osallistua 4-5 opiskelijaa kustakin j\u00e4senmaasta. Viikko toteutetaan vuorotellen eri korkeakouluissa ja ohjelma sis\u00e4lt\u00e4\u00e4 opiskelua PBL tutoriaaleissa, opintok\u00e4yntej\u00e4 ja kulttuuriohjelmaa. Viikon ohjelma etuk\u00e4teisteht\u00e4vineen on laajuudeltaan 5 opintopistett\u00e4. Jos kiinnostuit viikosta, lis\u00e4\u00e4 tietoa verkoston [&hellip;]","og_url":"https:\/\/teve-kvpolku.samk.fi\/?page_id=49","og_site_name":"Hoitoty\u00f6n opiskelijan KV-polku","article_modified_time":"2017-09-26T05:33:31+00:00","twitter_misc":{"Arvioitu lukuaika":"1 minuutti"},"schema":{"@context":"https:\/\/schema.org","@graph":[{"@type":"WebPage","@id":"https:\/\/teve-kvpolku.samk.fi\/?page_id=49","url":"https:\/\/teve-kvpolku.samk.fi\/?page_id=49","name":"Intensiivikurssit \u2502Intensive course - Hoitoty\u00f6n opiskelijan KV-polku","isPartOf":{"@id":"https:\/\/teve-kvpolku.samk.fi\/#website"},"datePublished":"2014-11-18T11:48:17+00:00","dateModified":"2017-09-26T05:33:31+00:00","breadcrumb":{"@id":"https:\/\/teve-kvpolku.samk.fi\/?page_id=49#breadcrumb"},"inLanguage":"fi","potentialAction":[{"@type":"ReadAction","target":["https:\/\/teve-kvpolku.samk.fi\/?page_id=49"]}]},{"@type":"BreadcrumbList","@id":"https:\/\/teve-kvpolku.samk.fi\/?page_id=49#breadcrumb","itemListElement":[{"@type":"ListItem","position":1,"name":"Home","item":"https:\/\/teve-kvpolku.samk.fi\/"},{"@type":"ListItem","position":2,"name":"Vaihto-opiskelu \u2502Exchange","item":"https:\/\/teve-kvpolku.samk.fi\/?page_id=39"},{"@type":"ListItem","position":3,"name":"Intensiivikurssit \u2502Intensive course"}]},{"@type":"WebSite","@id":"https:\/\/teve-kvpolku.samk.fi\/#website","url":"https:\/\/teve-kvpolku.samk.fi\/","name":"Hoitoty\u00f6n opiskelijan KV-polku","description":"Apu kansainv\u00e4lisyysosaamisen rakentamiseen hoitoty\u00f6n opiskelijalle","potentialAction":[{"@type":"SearchAction","target":{"@type":"EntryPoint","urlTemplate":"https:\/\/teve-kvpolku.samk.fi\/?s={search_term_string}"},"query-input":{"@type":"PropertyValueSpecification","valueRequired":true,"valueName":"search_term_string"}}],"inLanguage":"fi"}]}},"_links":{"self":[{"href":"https:\/\/teve-kvpolku.samk.fi\/index.php?rest_route=\/wp\/v2\/pages\/49","targetHints":{"allow":["GET"]}}],"collection":[{"href":"https:\/\/teve-kvpolku.samk.fi\/index.php?rest_route=\/wp\/v2\/pages"}],"about":[{"href":"https:\/\/teve-kvpolku.samk.fi\/index.php?rest_route=\/wp\/v2\/types\/page"}],"author":[{"embeddable":true,"href":"https:\/\/teve-kvpolku.samk.fi\/index.php?rest_route=\/wp\/v2\/users\/1"}],"replies":[{"embeddable":true,"href":"https:\/\/teve-kvpolku.samk.fi\/index.php?rest_route=%2Fwp%2Fv2%2Fcomments&post=49"}],"version-history":[{"count":8,"href":"https:\/\/teve-kvpolku.samk.fi\/index.php?rest_route=\/wp\/v2\/pages\/49\/revisions"}],"predecessor-version":[{"id":544,"href":"https:\/\/teve-kvpolku.samk.fi\/index.php?rest_route=\/wp\/v2\/pages\/49\/revisions\/544"}],"up":[{"embeddable":true,"href":"https:\/\/teve-kvpolku.samk.fi\/index.php?rest_route=\/wp\/v2\/pages\/39"}],"wp:attachment":[{"href":"https:\/\/teve-kvpolku.samk.fi\/index.php?rest_route=%2Fwp%2Fv2%2Fmedia&parent=49"}],"curies":[{"name":"wp","href":"https:\/\/api.w.org\/{rel}","templated":true}]}}