{"id":47,"date":"2014-11-18T13:48:01","date_gmt":"2014-11-18T11:48:01","guid":{"rendered":"http:\/\/teve-kvpolku.samk.fi\/?page_id=47"},"modified":"2017-09-25T15:49:40","modified_gmt":"2017-09-25T12:49:40","slug":"englanninkieliset-modulit","status":"publish","type":"page","link":"https:\/\/teve-kvpolku.samk.fi\/?page_id=47","title":{"rendered":"Englanninkieliset opintojaksot SAMKissa \u2502Courses with tuition in English in the nursing curriculum"},"content":{"rendered":"<p>Syksyll\u00e4 2015 ja 2016 aloittaneidn opiskelijoiden opintotarjonnassa, NHT15SP5 ja NHT16SP5, j\u00e4rjestet\u00e4\u00e4n opintoja englannin kiell\u00e4 toisesta lukuvuodesta alkaen. My\u00f6s muiden ryhmien opiskelijat voivat suorittaa n\u00e4it\u00e4 opintojaksoja ilmoittautumalla opintojaksolle <a href=\"https:\/\/samk.solenovo.fi\/opsnet\/disp\/fi\/welcome\/nop\">SOLEOps- j\u00e4rjestelm\u00e4n kautta<\/a>.<\/p>\n<p>Syksyll\u00e4 2017 alkaa hoitoty\u00f6n koulutus, joka toteutetaan kokonaan englannin kielell\u00e4. N\u00e4m\u00e4 englannin kieliset opintojaksot tarjotaan my\u00f6s suomenkielisiss\u00e4 ryhmiss\u00e4 opiskeleville. Ilmoittautuminen <a href=\"https:\/\/samk.solenovo.fi\/opsnet\/disp\/fi\/welcome\/nop\">SOLEOps &#8211; j\u00e4rjestelm\u00e4n kautta.<\/a><\/p>\n<p>Esimerkkej\u00e4 englannin kielell\u00e4 tarjottavista opintojaksoista OPS 2013 &#8211; 2016 :<\/p>\n<p>HT130404 Health Promotion from a Global Perspective 5 ECTS<\/p>\n<p>HT130501AE\u00a0 Medical Nursing, Theory,\u00a0\u00a0 4,99 ECTS<br \/>\nHT130501BE Medical Nursing, Clinical Calculations,\u00a0\u00a0 0,01 ECTS<br \/>\nHT130502AE Surgical Nursing, Theory,\u00a0\u00a0 4,99 ECTS<br \/>\nHT130502BE Surgical Nursing, Clinical Calculations,\u00a0\u00a0 0,01 ECTS<\/p>\n<p>ST130201 Interprofessional co-operation social, health care and rehabilitation services\u00a0 5 ECTS<br \/>\nHT130601 Family Nursing 5 ECTS<br \/>\nHT130602 Child and Adolescent Nursing 5 ECTS<\/p>\n<p>&nbsp;<\/p>\n<p>&nbsp;<\/p>\n","protected":false},"excerpt":{"rendered":"<p>Syksyll\u00e4 2015 ja 2016 aloittaneidn opiskelijoiden opintotarjonnassa, NHT15SP5 ja NHT16SP5, j\u00e4rjestet\u00e4\u00e4n opintoja englannin kiell\u00e4 toisesta lukuvuodesta alkaen. My\u00f6s muiden ryhmien opiskelijat voivat suorittaa n\u00e4it\u00e4 opintojaksoja ilmoittautumalla opintojaksolle SOLEOps- j\u00e4rjestelm\u00e4n kautta. Syksyll\u00e4 2017 alkaa hoitoty\u00f6n koulutus, joka toteutetaan kokonaan englannin kielell\u00e4. N\u00e4m\u00e4 englannin kieliset opintojaksot tarjotaan my\u00f6s suomenkielisiss\u00e4 ryhmiss\u00e4 opiskeleville. Ilmoittautuminen SOLEOps &#8211; j\u00e4rjestelm\u00e4n kautta. Esimerkkej\u00e4 [&hellip;]<\/p>\n","protected":false},"author":1,"featured_media":0,"parent":43,"menu_order":2,"comment_status":"closed","ping_status":"closed","template":"","meta":{"footnotes":""},"class_list":["post-47","page","type-page","status-publish","hentry"],"yoast_head":"<!-- This site is optimized with the Yoast SEO plugin v27.3 - https:\/\/yoast.com\/product\/yoast-seo-wordpress\/ -->\n<title>Englanninkieliset opintojaksot SAMKissa \u2502Courses with tuition in English in the nursing curriculum - Hoitoty\u00f6n opiskelijan KV-polku<\/title>\n<meta name=\"robots\" content=\"index, follow, max-snippet:-1, max-image-preview:large, max-video-preview:-1\" \/>\n<link rel=\"canonical\" href=\"https:\/\/teve-kvpolku.samk.fi\/?page_id=47\" \/>\n<meta property=\"og:locale\" content=\"fi_FI\" \/>\n<meta property=\"og:type\" content=\"article\" \/>\n<meta property=\"og:title\" content=\"Englanninkieliset opintojaksot SAMKissa \u2502Courses with tuition in English in the nursing curriculum - Hoitoty\u00f6n opiskelijan KV-polku\" \/>\n<meta property=\"og:description\" content=\"Syksyll\u00e4 2015 ja 2016 aloittaneidn opiskelijoiden opintotarjonnassa, NHT15SP5 ja NHT16SP5, j\u00e4rjestet\u00e4\u00e4n opintoja englannin kiell\u00e4 toisesta lukuvuodesta alkaen. My\u00f6s muiden ryhmien opiskelijat voivat suorittaa n\u00e4it\u00e4 opintojaksoja ilmoittautumalla opintojaksolle SOLEOps- j\u00e4rjestelm\u00e4n kautta. Syksyll\u00e4 2017 alkaa hoitoty\u00f6n koulutus, joka toteutetaan kokonaan englannin kielell\u00e4. N\u00e4m\u00e4 englannin kieliset opintojaksot tarjotaan my\u00f6s suomenkielisiss\u00e4 ryhmiss\u00e4 opiskeleville. Ilmoittautuminen SOLEOps &#8211; j\u00e4rjestelm\u00e4n kautta. Esimerkkej\u00e4 [&hellip;]\" \/>\n<meta property=\"og:url\" content=\"https:\/\/teve-kvpolku.samk.fi\/?page_id=47\" \/>\n<meta property=\"og:site_name\" content=\"Hoitoty\u00f6n opiskelijan KV-polku\" \/>\n<meta property=\"article:modified_time\" content=\"2017-09-25T12:49:40+00:00\" \/>\n<meta name=\"twitter:label1\" content=\"Arvioitu lukuaika\" \/>\n\t<meta name=\"twitter:data1\" content=\"1 minuutti\" \/>\n<script type=\"application\/ld+json\" class=\"yoast-schema-graph\">{\"@context\":\"https:\\\/\\\/schema.org\",\"@graph\":[{\"@type\":\"WebPage\",\"@id\":\"https:\\\/\\\/teve-kvpolku.samk.fi\\\/?page_id=47\",\"url\":\"https:\\\/\\\/teve-kvpolku.samk.fi\\\/?page_id=47\",\"name\":\"Englanninkieliset opintojaksot SAMKissa \u2502Courses with tuition in English in the nursing curriculum - Hoitoty\u00f6n opiskelijan KV-polku\",\"isPartOf\":{\"@id\":\"https:\\\/\\\/teve-kvpolku.samk.fi\\\/#website\"},\"datePublished\":\"2014-11-18T11:48:01+00:00\",\"dateModified\":\"2017-09-25T12:49:40+00:00\",\"breadcrumb\":{\"@id\":\"https:\\\/\\\/teve-kvpolku.samk.fi\\\/?page_id=47#breadcrumb\"},\"inLanguage\":\"fi\",\"potentialAction\":[{\"@type\":\"ReadAction\",\"target\":[\"https:\\\/\\\/teve-kvpolku.samk.fi\\\/?page_id=47\"]}]},{\"@type\":\"BreadcrumbList\",\"@id\":\"https:\\\/\\\/teve-kvpolku.samk.fi\\\/?page_id=47#breadcrumb\",\"itemListElement\":[{\"@type\":\"ListItem\",\"position\":1,\"name\":\"Home\",\"item\":\"https:\\\/\\\/teve-kvpolku.samk.fi\\\/\"},{\"@type\":\"ListItem\",\"position\":2,\"name\":\"Kotikansainv\u00e4listyminen \u2502Internationalization at your home institution\",\"item\":\"https:\\\/\\\/teve-kvpolku.samk.fi\\\/?page_id=43\"},{\"@type\":\"ListItem\",\"position\":3,\"name\":\"Englanninkieliset opintojaksot SAMKissa \u2502Courses with tuition in English in the nursing curriculum\"}]},{\"@type\":\"WebSite\",\"@id\":\"https:\\\/\\\/teve-kvpolku.samk.fi\\\/#website\",\"url\":\"https:\\\/\\\/teve-kvpolku.samk.fi\\\/\",\"name\":\"Hoitoty\u00f6n opiskelijan KV-polku\",\"description\":\"Apu kansainv\u00e4lisyysosaamisen rakentamiseen hoitoty\u00f6n opiskelijalle\",\"potentialAction\":[{\"@type\":\"SearchAction\",\"target\":{\"@type\":\"EntryPoint\",\"urlTemplate\":\"https:\\\/\\\/teve-kvpolku.samk.fi\\\/?s={search_term_string}\"},\"query-input\":{\"@type\":\"PropertyValueSpecification\",\"valueRequired\":true,\"valueName\":\"search_term_string\"}}],\"inLanguage\":\"fi\"}]}<\/script>\n<!-- \/ Yoast SEO plugin. -->","yoast_head_json":{"title":"Englanninkieliset opintojaksot SAMKissa \u2502Courses with tuition in English in the nursing curriculum - Hoitoty\u00f6n opiskelijan KV-polku","robots":{"index":"index","follow":"follow","max-snippet":"max-snippet:-1","max-image-preview":"max-image-preview:large","max-video-preview":"max-video-preview:-1"},"canonical":"https:\/\/teve-kvpolku.samk.fi\/?page_id=47","og_locale":"fi_FI","og_type":"article","og_title":"Englanninkieliset opintojaksot SAMKissa \u2502Courses with tuition in English in the nursing curriculum - Hoitoty\u00f6n opiskelijan KV-polku","og_description":"Syksyll\u00e4 2015 ja 2016 aloittaneidn opiskelijoiden opintotarjonnassa, NHT15SP5 ja NHT16SP5, j\u00e4rjestet\u00e4\u00e4n opintoja englannin kiell\u00e4 toisesta lukuvuodesta alkaen. My\u00f6s muiden ryhmien opiskelijat voivat suorittaa n\u00e4it\u00e4 opintojaksoja ilmoittautumalla opintojaksolle SOLEOps- j\u00e4rjestelm\u00e4n kautta. Syksyll\u00e4 2017 alkaa hoitoty\u00f6n koulutus, joka toteutetaan kokonaan englannin kielell\u00e4. N\u00e4m\u00e4 englannin kieliset opintojaksot tarjotaan my\u00f6s suomenkielisiss\u00e4 ryhmiss\u00e4 opiskeleville. Ilmoittautuminen SOLEOps &#8211; j\u00e4rjestelm\u00e4n kautta. Esimerkkej\u00e4 [&hellip;]","og_url":"https:\/\/teve-kvpolku.samk.fi\/?page_id=47","og_site_name":"Hoitoty\u00f6n opiskelijan KV-polku","article_modified_time":"2017-09-25T12:49:40+00:00","twitter_misc":{"Arvioitu lukuaika":"1 minuutti"},"schema":{"@context":"https:\/\/schema.org","@graph":[{"@type":"WebPage","@id":"https:\/\/teve-kvpolku.samk.fi\/?page_id=47","url":"https:\/\/teve-kvpolku.samk.fi\/?page_id=47","name":"Englanninkieliset opintojaksot SAMKissa \u2502Courses with tuition in English in the nursing curriculum - Hoitoty\u00f6n opiskelijan KV-polku","isPartOf":{"@id":"https:\/\/teve-kvpolku.samk.fi\/#website"},"datePublished":"2014-11-18T11:48:01+00:00","dateModified":"2017-09-25T12:49:40+00:00","breadcrumb":{"@id":"https:\/\/teve-kvpolku.samk.fi\/?page_id=47#breadcrumb"},"inLanguage":"fi","potentialAction":[{"@type":"ReadAction","target":["https:\/\/teve-kvpolku.samk.fi\/?page_id=47"]}]},{"@type":"BreadcrumbList","@id":"https:\/\/teve-kvpolku.samk.fi\/?page_id=47#breadcrumb","itemListElement":[{"@type":"ListItem","position":1,"name":"Home","item":"https:\/\/teve-kvpolku.samk.fi\/"},{"@type":"ListItem","position":2,"name":"Kotikansainv\u00e4listyminen \u2502Internationalization at your home institution","item":"https:\/\/teve-kvpolku.samk.fi\/?page_id=43"},{"@type":"ListItem","position":3,"name":"Englanninkieliset opintojaksot SAMKissa \u2502Courses with tuition in English in the nursing curriculum"}]},{"@type":"WebSite","@id":"https:\/\/teve-kvpolku.samk.fi\/#website","url":"https:\/\/teve-kvpolku.samk.fi\/","name":"Hoitoty\u00f6n opiskelijan KV-polku","description":"Apu kansainv\u00e4lisyysosaamisen rakentamiseen hoitoty\u00f6n opiskelijalle","potentialAction":[{"@type":"SearchAction","target":{"@type":"EntryPoint","urlTemplate":"https:\/\/teve-kvpolku.samk.fi\/?s={search_term_string}"},"query-input":{"@type":"PropertyValueSpecification","valueRequired":true,"valueName":"search_term_string"}}],"inLanguage":"fi"}]}},"_links":{"self":[{"href":"https:\/\/teve-kvpolku.samk.fi\/index.php?rest_route=\/wp\/v2\/pages\/47","targetHints":{"allow":["GET"]}}],"collection":[{"href":"https:\/\/teve-kvpolku.samk.fi\/index.php?rest_route=\/wp\/v2\/pages"}],"about":[{"href":"https:\/\/teve-kvpolku.samk.fi\/index.php?rest_route=\/wp\/v2\/types\/page"}],"author":[{"embeddable":true,"href":"https:\/\/teve-kvpolku.samk.fi\/index.php?rest_route=\/wp\/v2\/users\/1"}],"replies":[{"embeddable":true,"href":"https:\/\/teve-kvpolku.samk.fi\/index.php?rest_route=%2Fwp%2Fv2%2Fcomments&post=47"}],"version-history":[{"count":8,"href":"https:\/\/teve-kvpolku.samk.fi\/index.php?rest_route=\/wp\/v2\/pages\/47\/revisions"}],"predecessor-version":[{"id":531,"href":"https:\/\/teve-kvpolku.samk.fi\/index.php?rest_route=\/wp\/v2\/pages\/47\/revisions\/531"}],"up":[{"embeddable":true,"href":"https:\/\/teve-kvpolku.samk.fi\/index.php?rest_route=\/wp\/v2\/pages\/43"}],"wp:attachment":[{"href":"https:\/\/teve-kvpolku.samk.fi\/index.php?rest_route=%2Fwp%2Fv2%2Fmedia&parent=47"}],"curies":[{"name":"wp","href":"https:\/\/api.w.org\/{rel}","templated":true}]}}