{"id":43,"date":"2014-11-18T13:46:14","date_gmt":"2014-11-18T11:46:14","guid":{"rendered":"http:\/\/teve-kvpolku.samk.fi\/?page_id=43"},"modified":"2017-09-25T15:51:05","modified_gmt":"2017-09-25T12:51:05","slug":"kotikansainvalistyminen","status":"publish","type":"page","link":"https:\/\/teve-kvpolku.samk.fi\/?page_id=43","title":{"rendered":"Kotikansainv\u00e4listyminen \u2502Internationalization at your home institution"},"content":{"rendered":"<p>Kotikansainv\u00e4listymisell\u00e4 tarkoitetaan kansainv\u00e4listen kokemusten hankkimista ja vieraisiin kulttuureihin tutustumista kotimaassa. SAMKissa on tarjolla monia vaihtoehtoja kansainv\u00e4lisyysosaamisen kehitt\u00e4miseen kotikampuksella.<\/p>\n<p>Voit kirjata osallistumisesti erilaisiin tilaisuuksiin ja luentoihin k\u00e4ytt\u00e4m\u00e4ll\u00e4 lomaketta <a href=\"https:\/\/teve-kvpolku.samk.fi\/wp-content\/uploads\/2014\/11\/SEMINARPARTICIPATION.pdf\">SEMINARPARTICIPATION -form<\/a>. K\u00e4ytt\u00e4m\u00e4si tunnit voidaan lukea hy\u00e4ksi vapaasti valittaviin opintohin.<\/p>\n<p><a title=\"Kv-tuutorina toimiminen\" href=\"https:\/\/teve-kvpolku.samk.fi\/?page_id=45\">KV-tuutorina toimiminen <\/a><\/p>\n<p><a title=\"Englanninkieliset opintojaksot SAMKissa\" href=\"https:\/\/teve-kvpolku.samk.fi\/?page_id=47\">Englanninkieliset opintojaksot SAMKin hoitoty\u00f6n koulutusohjelmassa<\/a><\/p>\n<p><a title=\"Kansainv\u00e4lisyys suomenkielisiss\u00e4 opinnoissa\" href=\"https:\/\/teve-kvpolku.samk.fi\/?page_id=51\">Kansainv\u00e4lisyys suomenkielisiss\u00e4 opintojaksoissa<\/a><\/p>\n<p><a title=\"Kv-viikko\" href=\"https:\/\/teve-kvpolku.samk.fi\/?page_id=55\">KV-viikko<\/a><\/p>\n<p><a title=\"International Cafe\" href=\"https:\/\/teve-kvpolku.samk.fi\/?page_id=57\">International Cafe<\/a><\/p>\n<p><a title=\"Kv-infot\" href=\"https:\/\/teve-kvpolku.samk.fi\/?page_id=59\">KV-infot<\/a><\/p>\n<p><a title=\"Kv-projektit ja hankkeet\" href=\"https:\/\/teve-kvpolku.samk.fi\/?page_id=61\">KV-projektit ja hankkeet<\/a><\/p>\n<p><a title=\"Vaihto-opettajien luennot\" href=\"https:\/\/teve-kvpolku.samk.fi\/?page_id=63\">Vaihto-opettajien luennot<\/a><\/p>\n<p><a title=\"Vaihto-opiskelijoihin tutustuminen\" href=\"https:\/\/teve-kvpolku.samk.fi\/?page_id=67\">Vaihto-opiskelijoihin tutustuminen<\/a><\/p>\n<hr \/>\n<p>&nbsp;<\/p>\n<p><a href=\"https:\/\/teve-kvpolku.samk.fi\/?page_id=45\">Working as a student tutor for international students<\/a><\/p>\n<p><a href=\"https:\/\/teve-kvpolku.samk.fi\/?page_id=47\">Courses with tuition in English in the nursing curriculum<\/a><\/p>\n<p><a href=\"https:\/\/teve-kvpolku.samk.fi\/?page_id=55\">International week<\/a><\/p>\n<p><a href=\"https:\/\/teve-kvpolku.samk.fi\/?page_id=57\">International Caf\u00e9<\/a><\/p>\n<p><a href=\"https:\/\/teve-kvpolku.samk.fi\/?page_id=59\">Information of international issues<\/a><\/p>\n<p><a href=\"https:\/\/teve-kvpolku.samk.fi\/?page_id=61\">International projects<\/a><\/p>\n<p><a href=\"https:\/\/teve-kvpolku.samk.fi\/?page_id=63\">Lectures by exchange teachers<\/a><\/p>\n<p><a href=\"https:\/\/teve-kvpolku.samk.fi\/?page_id=67\">Getting to know exchange students<\/a><\/p>\n","protected":false},"excerpt":{"rendered":"<p>Kotikansainv\u00e4listymisell\u00e4 tarkoitetaan kansainv\u00e4listen kokemusten hankkimista ja vieraisiin kulttuureihin tutustumista kotimaassa. SAMKissa on tarjolla monia vaihtoehtoja kansainv\u00e4lisyysosaamisen kehitt\u00e4miseen kotikampuksella. Voit kirjata osallistumisesti erilaisiin tilaisuuksiin ja luentoihin k\u00e4ytt\u00e4m\u00e4ll\u00e4 lomaketta SEMINARPARTICIPATION -form. K\u00e4ytt\u00e4m\u00e4si tunnit voidaan lukea hy\u00e4ksi vapaasti valittaviin opintohin. KV-tuutorina toimiminen Englanninkieliset opintojaksot SAMKin hoitoty\u00f6n koulutusohjelmassa Kansainv\u00e4lisyys suomenkielisiss\u00e4 opintojaksoissa KV-viikko International Cafe KV-infot KV-projektit ja hankkeet Vaihto-opettajien [&hellip;]<\/p>\n","protected":false},"author":1,"featured_media":0,"parent":0,"menu_order":2,"comment_status":"closed","ping_status":"closed","template":"","meta":{"footnotes":""},"class_list":["post-43","page","type-page","status-publish","hentry"],"yoast_head":"<!-- This site is optimized with the Yoast SEO plugin v27.3 - https:\/\/yoast.com\/product\/yoast-seo-wordpress\/ -->\n<title>Kotikansainv\u00e4listyminen \u2502Internationalization at your home institution - Hoitoty\u00f6n opiskelijan KV-polku<\/title>\n<meta name=\"robots\" content=\"index, follow, max-snippet:-1, max-image-preview:large, max-video-preview:-1\" \/>\n<link rel=\"canonical\" href=\"https:\/\/teve-kvpolku.samk.fi\/?page_id=43\" \/>\n<meta property=\"og:locale\" content=\"fi_FI\" \/>\n<meta property=\"og:type\" content=\"article\" \/>\n<meta property=\"og:title\" content=\"Kotikansainv\u00e4listyminen \u2502Internationalization at your home institution - Hoitoty\u00f6n opiskelijan KV-polku\" \/>\n<meta property=\"og:description\" content=\"Kotikansainv\u00e4listymisell\u00e4 tarkoitetaan kansainv\u00e4listen kokemusten hankkimista ja vieraisiin kulttuureihin tutustumista kotimaassa. SAMKissa on tarjolla monia vaihtoehtoja kansainv\u00e4lisyysosaamisen kehitt\u00e4miseen kotikampuksella. Voit kirjata osallistumisesti erilaisiin tilaisuuksiin ja luentoihin k\u00e4ytt\u00e4m\u00e4ll\u00e4 lomaketta SEMINARPARTICIPATION -form. K\u00e4ytt\u00e4m\u00e4si tunnit voidaan lukea hy\u00e4ksi vapaasti valittaviin opintohin. KV-tuutorina toimiminen Englanninkieliset opintojaksot SAMKin hoitoty\u00f6n koulutusohjelmassa Kansainv\u00e4lisyys suomenkielisiss\u00e4 opintojaksoissa KV-viikko International Cafe KV-infot KV-projektit ja hankkeet Vaihto-opettajien [&hellip;]\" \/>\n<meta property=\"og:url\" content=\"https:\/\/teve-kvpolku.samk.fi\/?page_id=43\" \/>\n<meta property=\"og:site_name\" content=\"Hoitoty\u00f6n opiskelijan KV-polku\" \/>\n<meta property=\"article:modified_time\" content=\"2017-09-25T12:51:05+00:00\" \/>\n<meta name=\"twitter:label1\" content=\"Arvioitu lukuaika\" \/>\n\t<meta name=\"twitter:data1\" content=\"1 minuutti\" \/>\n<script type=\"application\/ld+json\" class=\"yoast-schema-graph\">{\"@context\":\"https:\\\/\\\/schema.org\",\"@graph\":[{\"@type\":\"WebPage\",\"@id\":\"https:\\\/\\\/teve-kvpolku.samk.fi\\\/?page_id=43\",\"url\":\"https:\\\/\\\/teve-kvpolku.samk.fi\\\/?page_id=43\",\"name\":\"Kotikansainv\u00e4listyminen \u2502Internationalization at your home institution - Hoitoty\u00f6n opiskelijan KV-polku\",\"isPartOf\":{\"@id\":\"https:\\\/\\\/teve-kvpolku.samk.fi\\\/#website\"},\"datePublished\":\"2014-11-18T11:46:14+00:00\",\"dateModified\":\"2017-09-25T12:51:05+00:00\",\"breadcrumb\":{\"@id\":\"https:\\\/\\\/teve-kvpolku.samk.fi\\\/?page_id=43#breadcrumb\"},\"inLanguage\":\"fi\",\"potentialAction\":[{\"@type\":\"ReadAction\",\"target\":[\"https:\\\/\\\/teve-kvpolku.samk.fi\\\/?page_id=43\"]}]},{\"@type\":\"BreadcrumbList\",\"@id\":\"https:\\\/\\\/teve-kvpolku.samk.fi\\\/?page_id=43#breadcrumb\",\"itemListElement\":[{\"@type\":\"ListItem\",\"position\":1,\"name\":\"Home\",\"item\":\"https:\\\/\\\/teve-kvpolku.samk.fi\\\/\"},{\"@type\":\"ListItem\",\"position\":2,\"name\":\"Kotikansainv\u00e4listyminen \u2502Internationalization at your home institution\"}]},{\"@type\":\"WebSite\",\"@id\":\"https:\\\/\\\/teve-kvpolku.samk.fi\\\/#website\",\"url\":\"https:\\\/\\\/teve-kvpolku.samk.fi\\\/\",\"name\":\"Hoitoty\u00f6n opiskelijan KV-polku\",\"description\":\"Apu kansainv\u00e4lisyysosaamisen rakentamiseen hoitoty\u00f6n opiskelijalle\",\"potentialAction\":[{\"@type\":\"SearchAction\",\"target\":{\"@type\":\"EntryPoint\",\"urlTemplate\":\"https:\\\/\\\/teve-kvpolku.samk.fi\\\/?s={search_term_string}\"},\"query-input\":{\"@type\":\"PropertyValueSpecification\",\"valueRequired\":true,\"valueName\":\"search_term_string\"}}],\"inLanguage\":\"fi\"}]}<\/script>\n<!-- \/ Yoast SEO plugin. -->","yoast_head_json":{"title":"Kotikansainv\u00e4listyminen \u2502Internationalization at your home institution - Hoitoty\u00f6n opiskelijan KV-polku","robots":{"index":"index","follow":"follow","max-snippet":"max-snippet:-1","max-image-preview":"max-image-preview:large","max-video-preview":"max-video-preview:-1"},"canonical":"https:\/\/teve-kvpolku.samk.fi\/?page_id=43","og_locale":"fi_FI","og_type":"article","og_title":"Kotikansainv\u00e4listyminen \u2502Internationalization at your home institution - Hoitoty\u00f6n opiskelijan KV-polku","og_description":"Kotikansainv\u00e4listymisell\u00e4 tarkoitetaan kansainv\u00e4listen kokemusten hankkimista ja vieraisiin kulttuureihin tutustumista kotimaassa. SAMKissa on tarjolla monia vaihtoehtoja kansainv\u00e4lisyysosaamisen kehitt\u00e4miseen kotikampuksella. Voit kirjata osallistumisesti erilaisiin tilaisuuksiin ja luentoihin k\u00e4ytt\u00e4m\u00e4ll\u00e4 lomaketta SEMINARPARTICIPATION -form. K\u00e4ytt\u00e4m\u00e4si tunnit voidaan lukea hy\u00e4ksi vapaasti valittaviin opintohin. KV-tuutorina toimiminen Englanninkieliset opintojaksot SAMKin hoitoty\u00f6n koulutusohjelmassa Kansainv\u00e4lisyys suomenkielisiss\u00e4 opintojaksoissa KV-viikko International Cafe KV-infot KV-projektit ja hankkeet Vaihto-opettajien [&hellip;]","og_url":"https:\/\/teve-kvpolku.samk.fi\/?page_id=43","og_site_name":"Hoitoty\u00f6n opiskelijan KV-polku","article_modified_time":"2017-09-25T12:51:05+00:00","twitter_misc":{"Arvioitu lukuaika":"1 minuutti"},"schema":{"@context":"https:\/\/schema.org","@graph":[{"@type":"WebPage","@id":"https:\/\/teve-kvpolku.samk.fi\/?page_id=43","url":"https:\/\/teve-kvpolku.samk.fi\/?page_id=43","name":"Kotikansainv\u00e4listyminen \u2502Internationalization at your home institution - Hoitoty\u00f6n opiskelijan KV-polku","isPartOf":{"@id":"https:\/\/teve-kvpolku.samk.fi\/#website"},"datePublished":"2014-11-18T11:46:14+00:00","dateModified":"2017-09-25T12:51:05+00:00","breadcrumb":{"@id":"https:\/\/teve-kvpolku.samk.fi\/?page_id=43#breadcrumb"},"inLanguage":"fi","potentialAction":[{"@type":"ReadAction","target":["https:\/\/teve-kvpolku.samk.fi\/?page_id=43"]}]},{"@type":"BreadcrumbList","@id":"https:\/\/teve-kvpolku.samk.fi\/?page_id=43#breadcrumb","itemListElement":[{"@type":"ListItem","position":1,"name":"Home","item":"https:\/\/teve-kvpolku.samk.fi\/"},{"@type":"ListItem","position":2,"name":"Kotikansainv\u00e4listyminen \u2502Internationalization at your home institution"}]},{"@type":"WebSite","@id":"https:\/\/teve-kvpolku.samk.fi\/#website","url":"https:\/\/teve-kvpolku.samk.fi\/","name":"Hoitoty\u00f6n opiskelijan KV-polku","description":"Apu kansainv\u00e4lisyysosaamisen rakentamiseen hoitoty\u00f6n opiskelijalle","potentialAction":[{"@type":"SearchAction","target":{"@type":"EntryPoint","urlTemplate":"https:\/\/teve-kvpolku.samk.fi\/?s={search_term_string}"},"query-input":{"@type":"PropertyValueSpecification","valueRequired":true,"valueName":"search_term_string"}}],"inLanguage":"fi"}]}},"_links":{"self":[{"href":"https:\/\/teve-kvpolku.samk.fi\/index.php?rest_route=\/wp\/v2\/pages\/43","targetHints":{"allow":["GET"]}}],"collection":[{"href":"https:\/\/teve-kvpolku.samk.fi\/index.php?rest_route=\/wp\/v2\/pages"}],"about":[{"href":"https:\/\/teve-kvpolku.samk.fi\/index.php?rest_route=\/wp\/v2\/types\/page"}],"author":[{"embeddable":true,"href":"https:\/\/teve-kvpolku.samk.fi\/index.php?rest_route=\/wp\/v2\/users\/1"}],"replies":[{"embeddable":true,"href":"https:\/\/teve-kvpolku.samk.fi\/index.php?rest_route=%2Fwp%2Fv2%2Fcomments&post=43"}],"version-history":[{"count":12,"href":"https:\/\/teve-kvpolku.samk.fi\/index.php?rest_route=\/wp\/v2\/pages\/43\/revisions"}],"predecessor-version":[{"id":532,"href":"https:\/\/teve-kvpolku.samk.fi\/index.php?rest_route=\/wp\/v2\/pages\/43\/revisions\/532"}],"wp:attachment":[{"href":"https:\/\/teve-kvpolku.samk.fi\/index.php?rest_route=%2Fwp%2Fv2%2Fmedia&parent=43"}],"curies":[{"name":"wp","href":"https:\/\/api.w.org\/{rel}","templated":true}]}}