{"id":4,"date":"2014-11-18T10:23:38","date_gmt":"2014-11-18T08:23:38","guid":{"rendered":"http:\/\/teve-kvpolku.samk.fi\/?page_id=4"},"modified":"2017-09-25T12:44:54","modified_gmt":"2017-09-25T09:44:54","slug":"tervetuloa","status":"publish","type":"page","link":"https:\/\/teve-kvpolku.samk.fi\/","title":{"rendered":"Tervetuloa \u2502Welcome"},"content":{"rendered":"<p><strong>TERVETULOA SATAKUNNAN AMMATTIKORKEAKOULUN HOITOTY\u00d6N OPISKELIJOIDEN KANSAINV\u00c4LISYYSPOLKUSIVUSTOLLE!<\/strong><\/p>\n<p>N\u00e4m\u00e4 sivut on laadittu helpottamaan hoitoty\u00f6n opiskelijoiden itsen\u00e4ist\u00e4 kansainv\u00e4lisyysopintojen suunnittelua opintojen aikana.<\/p>\n<p>Ensisijaisena tavoitteena on SAMKissa opiskelevien sairaanhoitaja- ja terveydenhoitajaopiskelijoiden kansainv\u00e4lisyysosaamisen lis\u00e4\u00e4ntyminen. Sivut palvelevat my\u00f6s monia muita tahoja kuten SAMKiin siirtoa suunnittelevia opiskelijoita, tuutoropettajia, kv-henkil\u00f6kuntaa, sek\u00e4 erilaisia sidosryhmi\u00e4 tiedottamalla SAMKin tarjoamista kansainv\u00e4listymismahdollisuuksista hoitoty\u00f6n koulutuksen aikana.<\/p>\n<p>Perinteinen keino kansainv\u00e4lisyysosaamisen lis\u00e4\u00e4miseen on ollut vaihto-opiskelu eli opintojen\/harjoittelun suorittaminen ulkomailla. Nykyisin huomiota kiinnitet\u00e4\u00e4n yh\u00e4 enemm\u00e4n kotikansainv\u00e4listymiseen eli kotimaassa ja korkeakoulussa saatuun kansainv\u00e4liseen kokemukseen.<\/p>\n<p>On t\u00e4rke\u00e4\u00e4 huomata, ett\u00e4 <a title=\"Vaihto-opiskelu\" href=\"https:\/\/teve-kvpolku.samk.fi\/?page_id=39\">vaihto-opiskelu<\/a> ja <a title=\"Kotikansainv\u00e4listymisen keinot\" href=\"https:\/\/teve-kvpolku.samk.fi\/?page_id=43\">kotikansainv\u00e4listymisen keinot<\/a> eiv\u00e4t ole toisiaan poissulkevia. My\u00f6s vaihtoon l\u00e4htevien opiskelijoiden on t\u00e4rke\u00e4\u00e4 hy\u00f6dynt\u00e4\u00e4 kotikansainv\u00e4listymisen keinoja kansainv\u00e4lisyysosaamisensa lis\u00e4\u00e4miseksi.<\/p>\n<p>Itsen\u00e4isen suunnittelun pulmatilanteissa hoitoty\u00f6n opiskelija voi k\u00e4\u00e4nty\u00e4 SAMKin terveys osaamisalueen kv-henkil\u00f6st\u00f6n puoleen:<\/p>\n<ul>\n<li>Kv-yhdysopettaja Minna Markkanen, (minna.markkanen@samk.fi)<\/li>\n<li>KV-asioiden sihteeri Riitta Rissanen, (riitta.rissanen@samk.fi)<\/li>\n<li>KV-asioiden koordinaattori Viveka H\u00f6ijer-Brear, (viveka.hoijer-brear@samk.fi)<\/li>\n<\/ul>\n<hr \/>\n<p>&nbsp;<\/p>\n","protected":false},"excerpt":{"rendered":"<p>TERVETULOA SATAKUNNAN AMMATTIKORKEAKOULUN HOITOTY\u00d6N OPISKELIJOIDEN KANSAINV\u00c4LISYYSPOLKUSIVUSTOLLE! N\u00e4m\u00e4 sivut on laadittu helpottamaan hoitoty\u00f6n opiskelijoiden itsen\u00e4ist\u00e4 kansainv\u00e4lisyysopintojen suunnittelua opintojen aikana. Ensisijaisena tavoitteena on SAMKissa opiskelevien sairaanhoitaja- ja terveydenhoitajaopiskelijoiden kansainv\u00e4lisyysosaamisen lis\u00e4\u00e4ntyminen. Sivut palvelevat my\u00f6s monia muita tahoja kuten SAMKiin siirtoa suunnittelevia opiskelijoita, tuutoropettajia, kv-henkil\u00f6kuntaa, sek\u00e4 erilaisia sidosryhmi\u00e4 tiedottamalla SAMKin tarjoamista kansainv\u00e4listymismahdollisuuksista hoitoty\u00f6n koulutuksen aikana. Perinteinen keino kansainv\u00e4lisyysosaamisen lis\u00e4\u00e4miseen [&hellip;]<\/p>\n","protected":false},"author":1,"featured_media":0,"parent":0,"menu_order":1,"comment_status":"closed","ping_status":"closed","template":"","meta":{"footnotes":""},"class_list":["post-4","page","type-page","status-publish","hentry"],"yoast_head":"<!-- This site is optimized with the Yoast SEO plugin v27.3 - https:\/\/yoast.com\/product\/yoast-seo-wordpress\/ -->\n<title>Tervetuloa \u2502Welcome - Hoitoty\u00f6n opiskelijan KV-polku<\/title>\n<meta name=\"robots\" content=\"index, follow, max-snippet:-1, max-image-preview:large, max-video-preview:-1\" \/>\n<link rel=\"canonical\" href=\"https:\/\/teve-kvpolku.samk.fi\/\" \/>\n<meta property=\"og:locale\" content=\"fi_FI\" \/>\n<meta property=\"og:type\" content=\"article\" \/>\n<meta property=\"og:title\" content=\"Tervetuloa \u2502Welcome - Hoitoty\u00f6n opiskelijan KV-polku\" \/>\n<meta property=\"og:description\" content=\"TERVETULOA SATAKUNNAN AMMATTIKORKEAKOULUN HOITOTY\u00d6N OPISKELIJOIDEN KANSAINV\u00c4LISYYSPOLKUSIVUSTOLLE! N\u00e4m\u00e4 sivut on laadittu helpottamaan hoitoty\u00f6n opiskelijoiden itsen\u00e4ist\u00e4 kansainv\u00e4lisyysopintojen suunnittelua opintojen aikana. Ensisijaisena tavoitteena on SAMKissa opiskelevien sairaanhoitaja- ja terveydenhoitajaopiskelijoiden kansainv\u00e4lisyysosaamisen lis\u00e4\u00e4ntyminen. Sivut palvelevat my\u00f6s monia muita tahoja kuten SAMKiin siirtoa suunnittelevia opiskelijoita, tuutoropettajia, kv-henkil\u00f6kuntaa, sek\u00e4 erilaisia sidosryhmi\u00e4 tiedottamalla SAMKin tarjoamista kansainv\u00e4listymismahdollisuuksista hoitoty\u00f6n koulutuksen aikana. Perinteinen keino kansainv\u00e4lisyysosaamisen lis\u00e4\u00e4miseen [&hellip;]\" \/>\n<meta property=\"og:url\" content=\"https:\/\/teve-kvpolku.samk.fi\/\" \/>\n<meta property=\"og:site_name\" content=\"Hoitoty\u00f6n opiskelijan KV-polku\" \/>\n<meta property=\"article:modified_time\" content=\"2017-09-25T09:44:54+00:00\" \/>\n<meta name=\"twitter:label1\" content=\"Arvioitu lukuaika\" \/>\n\t<meta name=\"twitter:data1\" content=\"1 minuutti\" \/>\n<script type=\"application\/ld+json\" class=\"yoast-schema-graph\">{\"@context\":\"https:\\\/\\\/schema.org\",\"@graph\":[{\"@type\":\"WebPage\",\"@id\":\"https:\\\/\\\/teve-kvpolku.samk.fi\\\/\",\"url\":\"https:\\\/\\\/teve-kvpolku.samk.fi\\\/\",\"name\":\"Tervetuloa \u2502Welcome - Hoitoty\u00f6n opiskelijan KV-polku\",\"isPartOf\":{\"@id\":\"https:\\\/\\\/teve-kvpolku.samk.fi\\\/#website\"},\"datePublished\":\"2014-11-18T08:23:38+00:00\",\"dateModified\":\"2017-09-25T09:44:54+00:00\",\"breadcrumb\":{\"@id\":\"https:\\\/\\\/teve-kvpolku.samk.fi\\\/#breadcrumb\"},\"inLanguage\":\"fi\",\"potentialAction\":[{\"@type\":\"ReadAction\",\"target\":[\"https:\\\/\\\/teve-kvpolku.samk.fi\\\/\"]}]},{\"@type\":\"BreadcrumbList\",\"@id\":\"https:\\\/\\\/teve-kvpolku.samk.fi\\\/#breadcrumb\",\"itemListElement\":[{\"@type\":\"ListItem\",\"position\":1,\"name\":\"Home\",\"item\":\"https:\\\/\\\/teve-kvpolku.samk.fi\\\/\"},{\"@type\":\"ListItem\",\"position\":2,\"name\":\"Tervetuloa \u2502Welcome\"}]},{\"@type\":\"WebSite\",\"@id\":\"https:\\\/\\\/teve-kvpolku.samk.fi\\\/#website\",\"url\":\"https:\\\/\\\/teve-kvpolku.samk.fi\\\/\",\"name\":\"Hoitoty\u00f6n opiskelijan KV-polku\",\"description\":\"Apu kansainv\u00e4lisyysosaamisen rakentamiseen hoitoty\u00f6n opiskelijalle\",\"potentialAction\":[{\"@type\":\"SearchAction\",\"target\":{\"@type\":\"EntryPoint\",\"urlTemplate\":\"https:\\\/\\\/teve-kvpolku.samk.fi\\\/?s={search_term_string}\"},\"query-input\":{\"@type\":\"PropertyValueSpecification\",\"valueRequired\":true,\"valueName\":\"search_term_string\"}}],\"inLanguage\":\"fi\"}]}<\/script>\n<!-- \/ Yoast SEO plugin. -->","yoast_head_json":{"title":"Tervetuloa \u2502Welcome - Hoitoty\u00f6n opiskelijan KV-polku","robots":{"index":"index","follow":"follow","max-snippet":"max-snippet:-1","max-image-preview":"max-image-preview:large","max-video-preview":"max-video-preview:-1"},"canonical":"https:\/\/teve-kvpolku.samk.fi\/","og_locale":"fi_FI","og_type":"article","og_title":"Tervetuloa \u2502Welcome - Hoitoty\u00f6n opiskelijan KV-polku","og_description":"TERVETULOA SATAKUNNAN AMMATTIKORKEAKOULUN HOITOTY\u00d6N OPISKELIJOIDEN KANSAINV\u00c4LISYYSPOLKUSIVUSTOLLE! N\u00e4m\u00e4 sivut on laadittu helpottamaan hoitoty\u00f6n opiskelijoiden itsen\u00e4ist\u00e4 kansainv\u00e4lisyysopintojen suunnittelua opintojen aikana. Ensisijaisena tavoitteena on SAMKissa opiskelevien sairaanhoitaja- ja terveydenhoitajaopiskelijoiden kansainv\u00e4lisyysosaamisen lis\u00e4\u00e4ntyminen. Sivut palvelevat my\u00f6s monia muita tahoja kuten SAMKiin siirtoa suunnittelevia opiskelijoita, tuutoropettajia, kv-henkil\u00f6kuntaa, sek\u00e4 erilaisia sidosryhmi\u00e4 tiedottamalla SAMKin tarjoamista kansainv\u00e4listymismahdollisuuksista hoitoty\u00f6n koulutuksen aikana. Perinteinen keino kansainv\u00e4lisyysosaamisen lis\u00e4\u00e4miseen [&hellip;]","og_url":"https:\/\/teve-kvpolku.samk.fi\/","og_site_name":"Hoitoty\u00f6n opiskelijan KV-polku","article_modified_time":"2017-09-25T09:44:54+00:00","twitter_misc":{"Arvioitu lukuaika":"1 minuutti"},"schema":{"@context":"https:\/\/schema.org","@graph":[{"@type":"WebPage","@id":"https:\/\/teve-kvpolku.samk.fi\/","url":"https:\/\/teve-kvpolku.samk.fi\/","name":"Tervetuloa \u2502Welcome - Hoitoty\u00f6n opiskelijan KV-polku","isPartOf":{"@id":"https:\/\/teve-kvpolku.samk.fi\/#website"},"datePublished":"2014-11-18T08:23:38+00:00","dateModified":"2017-09-25T09:44:54+00:00","breadcrumb":{"@id":"https:\/\/teve-kvpolku.samk.fi\/#breadcrumb"},"inLanguage":"fi","potentialAction":[{"@type":"ReadAction","target":["https:\/\/teve-kvpolku.samk.fi\/"]}]},{"@type":"BreadcrumbList","@id":"https:\/\/teve-kvpolku.samk.fi\/#breadcrumb","itemListElement":[{"@type":"ListItem","position":1,"name":"Home","item":"https:\/\/teve-kvpolku.samk.fi\/"},{"@type":"ListItem","position":2,"name":"Tervetuloa \u2502Welcome"}]},{"@type":"WebSite","@id":"https:\/\/teve-kvpolku.samk.fi\/#website","url":"https:\/\/teve-kvpolku.samk.fi\/","name":"Hoitoty\u00f6n opiskelijan KV-polku","description":"Apu kansainv\u00e4lisyysosaamisen rakentamiseen hoitoty\u00f6n opiskelijalle","potentialAction":[{"@type":"SearchAction","target":{"@type":"EntryPoint","urlTemplate":"https:\/\/teve-kvpolku.samk.fi\/?s={search_term_string}"},"query-input":{"@type":"PropertyValueSpecification","valueRequired":true,"valueName":"search_term_string"}}],"inLanguage":"fi"}]}},"_links":{"self":[{"href":"https:\/\/teve-kvpolku.samk.fi\/index.php?rest_route=\/wp\/v2\/pages\/4","targetHints":{"allow":["GET"]}}],"collection":[{"href":"https:\/\/teve-kvpolku.samk.fi\/index.php?rest_route=\/wp\/v2\/pages"}],"about":[{"href":"https:\/\/teve-kvpolku.samk.fi\/index.php?rest_route=\/wp\/v2\/types\/page"}],"author":[{"embeddable":true,"href":"https:\/\/teve-kvpolku.samk.fi\/index.php?rest_route=\/wp\/v2\/users\/1"}],"replies":[{"embeddable":true,"href":"https:\/\/teve-kvpolku.samk.fi\/index.php?rest_route=%2Fwp%2Fv2%2Fcomments&post=4"}],"version-history":[{"count":29,"href":"https:\/\/teve-kvpolku.samk.fi\/index.php?rest_route=\/wp\/v2\/pages\/4\/revisions"}],"predecessor-version":[{"id":525,"href":"https:\/\/teve-kvpolku.samk.fi\/index.php?rest_route=\/wp\/v2\/pages\/4\/revisions\/525"}],"wp:attachment":[{"href":"https:\/\/teve-kvpolku.samk.fi\/index.php?rest_route=%2Fwp%2Fv2%2Fmedia&parent=4"}],"curies":[{"name":"wp","href":"https:\/\/api.w.org\/{rel}","templated":true}]}}