{"id":23,"date":"2014-11-18T10:43:14","date_gmt":"2014-11-18T08:43:14","guid":{"rendered":"http:\/\/teve-kvpolku.samk.fi\/?page_id=23"},"modified":"2015-05-28T13:37:15","modified_gmt":"2015-05-28T10:37:15","slug":"kansainvalisyysosaaminen","status":"publish","type":"page","link":"https:\/\/teve-kvpolku.samk.fi\/?page_id=23","title":{"rendered":"Kansainv\u00e4lisyysosaaminen"},"content":{"rendered":"<p>Kansainv\u00e4lisyysosaaminen ilmenee<\/p>\n<ul>\n<li>kielitaitona<\/li>\n<li>vuorovaikutustaitona ja<\/li>\n<li>kulttuuriosaamisena.<\/li>\n<\/ul>\n<p>Opiskelija kykenee monikulttuuriseen kanssak\u00e4ymiseen ja yhteisty\u00f6h\u00f6n ja h\u00e4n pystyy toimimaan ryhm\u00e4ss\u00e4 ja verkostoissa erilaisista kulttuureista tulevien ihmisten kanssa. Lis\u00e4ksi opiskelija osaa ty\u00f6ss\u00e4\u00e4n ottaa huomioon kansainv\u00e4lisyyskehityksen vaikutuksia ja mahdollisuuksia.<\/p>\n<p><a title=\"Tervetuloa\" href=\"https:\/\/teve-kvpolku.samk.fi\/?page_id=4\">Palaa etusivulle.<\/a><\/p>\n<p><a title=\"Kv-osaamista kartoittava testi\" href=\"https:\/\/teve-kvpolku.samk.fi\/?page_id=20\">Palaa testiin.<\/a><\/p>\n","protected":false},"excerpt":{"rendered":"<p>Kansainv\u00e4lisyysosaaminen ilmenee kielitaitona vuorovaikutustaitona ja kulttuuriosaamisena. Opiskelija kykenee monikulttuuriseen kanssak\u00e4ymiseen ja yhteisty\u00f6h\u00f6n ja h\u00e4n pystyy toimimaan ryhm\u00e4ss\u00e4 ja verkostoissa erilaisista kulttuureista tulevien ihmisten kanssa. Lis\u00e4ksi opiskelija osaa ty\u00f6ss\u00e4\u00e4n ottaa huomioon kansainv\u00e4lisyyskehityksen vaikutuksia ja mahdollisuuksia. Palaa etusivulle. Palaa testiin.<\/p>\n","protected":false},"author":1,"featured_media":0,"parent":20,"menu_order":2,"comment_status":"closed","ping_status":"closed","template":"page-templates\/front-page.php","meta":{"footnotes":""},"class_list":["post-23","page","type-page","status-publish","hentry"],"yoast_head":"<!-- This site is optimized with the Yoast SEO plugin v27.3 - https:\/\/yoast.com\/product\/yoast-seo-wordpress\/ -->\n<title>Kansainv\u00e4lisyysosaaminen - Hoitoty\u00f6n opiskelijan KV-polku<\/title>\n<meta name=\"robots\" content=\"index, follow, max-snippet:-1, max-image-preview:large, max-video-preview:-1\" \/>\n<link rel=\"canonical\" href=\"https:\/\/teve-kvpolku.samk.fi\/?page_id=23\" \/>\n<meta property=\"og:locale\" content=\"fi_FI\" \/>\n<meta property=\"og:type\" content=\"article\" \/>\n<meta property=\"og:title\" content=\"Kansainv\u00e4lisyysosaaminen - Hoitoty\u00f6n opiskelijan KV-polku\" \/>\n<meta property=\"og:description\" content=\"Kansainv\u00e4lisyysosaaminen ilmenee kielitaitona vuorovaikutustaitona ja kulttuuriosaamisena. Opiskelija kykenee monikulttuuriseen kanssak\u00e4ymiseen ja yhteisty\u00f6h\u00f6n ja h\u00e4n pystyy toimimaan ryhm\u00e4ss\u00e4 ja verkostoissa erilaisista kulttuureista tulevien ihmisten kanssa. Lis\u00e4ksi opiskelija osaa ty\u00f6ss\u00e4\u00e4n ottaa huomioon kansainv\u00e4lisyyskehityksen vaikutuksia ja mahdollisuuksia. Palaa etusivulle. Palaa testiin.\" \/>\n<meta property=\"og:url\" content=\"https:\/\/teve-kvpolku.samk.fi\/?page_id=23\" \/>\n<meta property=\"og:site_name\" content=\"Hoitoty\u00f6n opiskelijan KV-polku\" \/>\n<meta property=\"article:modified_time\" content=\"2015-05-28T10:37:15+00:00\" \/>\n<script type=\"application\/ld+json\" class=\"yoast-schema-graph\">{\"@context\":\"https:\\\/\\\/schema.org\",\"@graph\":[{\"@type\":\"WebPage\",\"@id\":\"https:\\\/\\\/teve-kvpolku.samk.fi\\\/?page_id=23\",\"url\":\"https:\\\/\\\/teve-kvpolku.samk.fi\\\/?page_id=23\",\"name\":\"Kansainv\u00e4lisyysosaaminen - Hoitoty\u00f6n opiskelijan KV-polku\",\"isPartOf\":{\"@id\":\"https:\\\/\\\/teve-kvpolku.samk.fi\\\/#website\"},\"datePublished\":\"2014-11-18T08:43:14+00:00\",\"dateModified\":\"2015-05-28T10:37:15+00:00\",\"breadcrumb\":{\"@id\":\"https:\\\/\\\/teve-kvpolku.samk.fi\\\/?page_id=23#breadcrumb\"},\"inLanguage\":\"fi\",\"potentialAction\":[{\"@type\":\"ReadAction\",\"target\":[\"https:\\\/\\\/teve-kvpolku.samk.fi\\\/?page_id=23\"]}]},{\"@type\":\"BreadcrumbList\",\"@id\":\"https:\\\/\\\/teve-kvpolku.samk.fi\\\/?page_id=23#breadcrumb\",\"itemListElement\":[{\"@type\":\"ListItem\",\"position\":1,\"name\":\"Home\",\"item\":\"https:\\\/\\\/teve-kvpolku.samk.fi\\\/\"},{\"@type\":\"ListItem\",\"position\":2,\"name\":\"Kv-osaamista kartoittava testi\",\"item\":\"https:\\\/\\\/teve-kvpolku.samk.fi\\\/?page_id=20\"},{\"@type\":\"ListItem\",\"position\":3,\"name\":\"Kansainv\u00e4lisyysosaaminen\"}]},{\"@type\":\"WebSite\",\"@id\":\"https:\\\/\\\/teve-kvpolku.samk.fi\\\/#website\",\"url\":\"https:\\\/\\\/teve-kvpolku.samk.fi\\\/\",\"name\":\"Hoitoty\u00f6n opiskelijan KV-polku\",\"description\":\"Apu kansainv\u00e4lisyysosaamisen rakentamiseen hoitoty\u00f6n opiskelijalle\",\"potentialAction\":[{\"@type\":\"SearchAction\",\"target\":{\"@type\":\"EntryPoint\",\"urlTemplate\":\"https:\\\/\\\/teve-kvpolku.samk.fi\\\/?s={search_term_string}\"},\"query-input\":{\"@type\":\"PropertyValueSpecification\",\"valueRequired\":true,\"valueName\":\"search_term_string\"}}],\"inLanguage\":\"fi\"}]}<\/script>\n<!-- \/ Yoast SEO plugin. -->","yoast_head_json":{"title":"Kansainv\u00e4lisyysosaaminen - Hoitoty\u00f6n opiskelijan KV-polku","robots":{"index":"index","follow":"follow","max-snippet":"max-snippet:-1","max-image-preview":"max-image-preview:large","max-video-preview":"max-video-preview:-1"},"canonical":"https:\/\/teve-kvpolku.samk.fi\/?page_id=23","og_locale":"fi_FI","og_type":"article","og_title":"Kansainv\u00e4lisyysosaaminen - Hoitoty\u00f6n opiskelijan KV-polku","og_description":"Kansainv\u00e4lisyysosaaminen ilmenee kielitaitona vuorovaikutustaitona ja kulttuuriosaamisena. Opiskelija kykenee monikulttuuriseen kanssak\u00e4ymiseen ja yhteisty\u00f6h\u00f6n ja h\u00e4n pystyy toimimaan ryhm\u00e4ss\u00e4 ja verkostoissa erilaisista kulttuureista tulevien ihmisten kanssa. Lis\u00e4ksi opiskelija osaa ty\u00f6ss\u00e4\u00e4n ottaa huomioon kansainv\u00e4lisyyskehityksen vaikutuksia ja mahdollisuuksia. Palaa etusivulle. Palaa testiin.","og_url":"https:\/\/teve-kvpolku.samk.fi\/?page_id=23","og_site_name":"Hoitoty\u00f6n opiskelijan KV-polku","article_modified_time":"2015-05-28T10:37:15+00:00","schema":{"@context":"https:\/\/schema.org","@graph":[{"@type":"WebPage","@id":"https:\/\/teve-kvpolku.samk.fi\/?page_id=23","url":"https:\/\/teve-kvpolku.samk.fi\/?page_id=23","name":"Kansainv\u00e4lisyysosaaminen - Hoitoty\u00f6n opiskelijan KV-polku","isPartOf":{"@id":"https:\/\/teve-kvpolku.samk.fi\/#website"},"datePublished":"2014-11-18T08:43:14+00:00","dateModified":"2015-05-28T10:37:15+00:00","breadcrumb":{"@id":"https:\/\/teve-kvpolku.samk.fi\/?page_id=23#breadcrumb"},"inLanguage":"fi","potentialAction":[{"@type":"ReadAction","target":["https:\/\/teve-kvpolku.samk.fi\/?page_id=23"]}]},{"@type":"BreadcrumbList","@id":"https:\/\/teve-kvpolku.samk.fi\/?page_id=23#breadcrumb","itemListElement":[{"@type":"ListItem","position":1,"name":"Home","item":"https:\/\/teve-kvpolku.samk.fi\/"},{"@type":"ListItem","position":2,"name":"Kv-osaamista kartoittava testi","item":"https:\/\/teve-kvpolku.samk.fi\/?page_id=20"},{"@type":"ListItem","position":3,"name":"Kansainv\u00e4lisyysosaaminen"}]},{"@type":"WebSite","@id":"https:\/\/teve-kvpolku.samk.fi\/#website","url":"https:\/\/teve-kvpolku.samk.fi\/","name":"Hoitoty\u00f6n opiskelijan KV-polku","description":"Apu kansainv\u00e4lisyysosaamisen rakentamiseen hoitoty\u00f6n opiskelijalle","potentialAction":[{"@type":"SearchAction","target":{"@type":"EntryPoint","urlTemplate":"https:\/\/teve-kvpolku.samk.fi\/?s={search_term_string}"},"query-input":{"@type":"PropertyValueSpecification","valueRequired":true,"valueName":"search_term_string"}}],"inLanguage":"fi"}]}},"_links":{"self":[{"href":"https:\/\/teve-kvpolku.samk.fi\/index.php?rest_route=\/wp\/v2\/pages\/23","targetHints":{"allow":["GET"]}}],"collection":[{"href":"https:\/\/teve-kvpolku.samk.fi\/index.php?rest_route=\/wp\/v2\/pages"}],"about":[{"href":"https:\/\/teve-kvpolku.samk.fi\/index.php?rest_route=\/wp\/v2\/types\/page"}],"author":[{"embeddable":true,"href":"https:\/\/teve-kvpolku.samk.fi\/index.php?rest_route=\/wp\/v2\/users\/1"}],"replies":[{"embeddable":true,"href":"https:\/\/teve-kvpolku.samk.fi\/index.php?rest_route=%2Fwp%2Fv2%2Fcomments&post=23"}],"version-history":[{"count":5,"href":"https:\/\/teve-kvpolku.samk.fi\/index.php?rest_route=\/wp\/v2\/pages\/23\/revisions"}],"predecessor-version":[{"id":391,"href":"https:\/\/teve-kvpolku.samk.fi\/index.php?rest_route=\/wp\/v2\/pages\/23\/revisions\/391"}],"up":[{"embeddable":true,"href":"https:\/\/teve-kvpolku.samk.fi\/index.php?rest_route=\/wp\/v2\/pages\/20"}],"wp:attachment":[{"href":"https:\/\/teve-kvpolku.samk.fi\/index.php?rest_route=%2Fwp%2Fv2%2Fmedia&parent=23"}],"curies":[{"name":"wp","href":"https:\/\/api.w.org\/{rel}","templated":true}]}}