{"id":159,"date":"2015-01-16T13:37:21","date_gmt":"2015-01-16T11:37:21","guid":{"rendered":"http:\/\/teve-kvpolku.samk.fi\/?page_id=159"},"modified":"2017-09-26T08:46:23","modified_gmt":"2017-09-26T05:46:23","slug":"13-paluuorientaatioon-osallistuminen","status":"publish","type":"page","link":"https:\/\/teve-kvpolku.samk.fi\/?page_id=159","title":{"rendered":"Paluuorientaatioon osallistuminen \u2502 Participation in the orientation for returning students"},"content":{"rendered":"<p>Lukukausittain j\u00e4rjestet\u00e4\u00e4n vaihdossa olleille opiskelijoille paluuorientaatiotilaisuus, jossa opiskelijoilla on mahdollisuus kertoa palautetta vaihtojaksosta kv-henkil\u00f6st\u00f6lle ja vaihtaa kuulumisia toisten vaihdossa olleiden opiskelijoiden kanssa.<\/p>\n","protected":false},"excerpt":{"rendered":"<p>Lukukausittain j\u00e4rjestet\u00e4\u00e4n vaihdossa olleille opiskelijoille paluuorientaatiotilaisuus, jossa opiskelijoilla on mahdollisuus kertoa palautetta vaihtojaksosta kv-henkil\u00f6st\u00f6lle ja vaihtaa kuulumisia toisten vaihdossa olleiden opiskelijoiden kanssa.<\/p>\n","protected":false},"author":1,"featured_media":0,"parent":53,"menu_order":13,"comment_status":"open","ping_status":"open","template":"","meta":{"footnotes":""},"class_list":["post-159","page","type-page","status-publish","hentry"],"yoast_head":"<!-- This site is optimized with the Yoast SEO plugin v27.3 - https:\/\/yoast.com\/product\/yoast-seo-wordpress\/ -->\n<title>Paluuorientaatioon osallistuminen \u2502 Participation in the orientation for returning students - Hoitoty\u00f6n opiskelijan KV-polku<\/title>\n<meta name=\"robots\" content=\"index, follow, max-snippet:-1, max-image-preview:large, max-video-preview:-1\" \/>\n<link rel=\"canonical\" href=\"https:\/\/teve-kvpolku.samk.fi\/?page_id=159\" \/>\n<meta property=\"og:locale\" content=\"fi_FI\" \/>\n<meta property=\"og:type\" content=\"article\" \/>\n<meta property=\"og:title\" content=\"Paluuorientaatioon osallistuminen \u2502 Participation in the orientation for returning students - Hoitoty\u00f6n opiskelijan KV-polku\" \/>\n<meta property=\"og:description\" content=\"Lukukausittain j\u00e4rjestet\u00e4\u00e4n vaihdossa olleille opiskelijoille paluuorientaatiotilaisuus, jossa opiskelijoilla on mahdollisuus kertoa palautetta vaihtojaksosta kv-henkil\u00f6st\u00f6lle ja vaihtaa kuulumisia toisten vaihdossa olleiden opiskelijoiden kanssa.\" \/>\n<meta property=\"og:url\" content=\"https:\/\/teve-kvpolku.samk.fi\/?page_id=159\" \/>\n<meta property=\"og:site_name\" content=\"Hoitoty\u00f6n opiskelijan KV-polku\" \/>\n<meta property=\"article:modified_time\" content=\"2017-09-26T05:46:23+00:00\" \/>\n<script type=\"application\/ld+json\" class=\"yoast-schema-graph\">{\"@context\":\"https:\\\/\\\/schema.org\",\"@graph\":[{\"@type\":\"WebPage\",\"@id\":\"https:\\\/\\\/teve-kvpolku.samk.fi\\\/?page_id=159\",\"url\":\"https:\\\/\\\/teve-kvpolku.samk.fi\\\/?page_id=159\",\"name\":\"Paluuorientaatioon osallistuminen \u2502 Participation in the orientation for returning students - Hoitoty\u00f6n opiskelijan KV-polku\",\"isPartOf\":{\"@id\":\"https:\\\/\\\/teve-kvpolku.samk.fi\\\/#website\"},\"datePublished\":\"2015-01-16T11:37:21+00:00\",\"dateModified\":\"2017-09-26T05:46:23+00:00\",\"breadcrumb\":{\"@id\":\"https:\\\/\\\/teve-kvpolku.samk.fi\\\/?page_id=159#breadcrumb\"},\"inLanguage\":\"fi\",\"potentialAction\":[{\"@type\":\"ReadAction\",\"target\":[\"https:\\\/\\\/teve-kvpolku.samk.fi\\\/?page_id=159\"]}]},{\"@type\":\"BreadcrumbList\",\"@id\":\"https:\\\/\\\/teve-kvpolku.samk.fi\\\/?page_id=159#breadcrumb\",\"itemListElement\":[{\"@type\":\"ListItem\",\"position\":1,\"name\":\"Home\",\"item\":\"https:\\\/\\\/teve-kvpolku.samk.fi\\\/\"},{\"@type\":\"ListItem\",\"position\":2,\"name\":\"Vaihto-opiskelu \u2502Exchange\",\"item\":\"https:\\\/\\\/teve-kvpolku.samk.fi\\\/?page_id=39\"},{\"@type\":\"ListItem\",\"position\":3,\"name\":\"Ohjeet vaihtoon l\u00e4htij\u00e4lle \u2502 Excellent opportunities for studying abroad\",\"item\":\"https:\\\/\\\/teve-kvpolku.samk.fi\\\/?page_id=53\"},{\"@type\":\"ListItem\",\"position\":4,\"name\":\"Paluuorientaatioon osallistuminen \u2502 Participation in the orientation for returning students\"}]},{\"@type\":\"WebSite\",\"@id\":\"https:\\\/\\\/teve-kvpolku.samk.fi\\\/#website\",\"url\":\"https:\\\/\\\/teve-kvpolku.samk.fi\\\/\",\"name\":\"Hoitoty\u00f6n opiskelijan KV-polku\",\"description\":\"Apu kansainv\u00e4lisyysosaamisen rakentamiseen hoitoty\u00f6n opiskelijalle\",\"potentialAction\":[{\"@type\":\"SearchAction\",\"target\":{\"@type\":\"EntryPoint\",\"urlTemplate\":\"https:\\\/\\\/teve-kvpolku.samk.fi\\\/?s={search_term_string}\"},\"query-input\":{\"@type\":\"PropertyValueSpecification\",\"valueRequired\":true,\"valueName\":\"search_term_string\"}}],\"inLanguage\":\"fi\"}]}<\/script>\n<!-- \/ Yoast SEO plugin. -->","yoast_head_json":{"title":"Paluuorientaatioon osallistuminen \u2502 Participation in the orientation for returning students - Hoitoty\u00f6n opiskelijan KV-polku","robots":{"index":"index","follow":"follow","max-snippet":"max-snippet:-1","max-image-preview":"max-image-preview:large","max-video-preview":"max-video-preview:-1"},"canonical":"https:\/\/teve-kvpolku.samk.fi\/?page_id=159","og_locale":"fi_FI","og_type":"article","og_title":"Paluuorientaatioon osallistuminen \u2502 Participation in the orientation for returning students - Hoitoty\u00f6n opiskelijan KV-polku","og_description":"Lukukausittain j\u00e4rjestet\u00e4\u00e4n vaihdossa olleille opiskelijoille paluuorientaatiotilaisuus, jossa opiskelijoilla on mahdollisuus kertoa palautetta vaihtojaksosta kv-henkil\u00f6st\u00f6lle ja vaihtaa kuulumisia toisten vaihdossa olleiden opiskelijoiden kanssa.","og_url":"https:\/\/teve-kvpolku.samk.fi\/?page_id=159","og_site_name":"Hoitoty\u00f6n opiskelijan KV-polku","article_modified_time":"2017-09-26T05:46:23+00:00","schema":{"@context":"https:\/\/schema.org","@graph":[{"@type":"WebPage","@id":"https:\/\/teve-kvpolku.samk.fi\/?page_id=159","url":"https:\/\/teve-kvpolku.samk.fi\/?page_id=159","name":"Paluuorientaatioon osallistuminen \u2502 Participation in the orientation for returning students - Hoitoty\u00f6n opiskelijan KV-polku","isPartOf":{"@id":"https:\/\/teve-kvpolku.samk.fi\/#website"},"datePublished":"2015-01-16T11:37:21+00:00","dateModified":"2017-09-26T05:46:23+00:00","breadcrumb":{"@id":"https:\/\/teve-kvpolku.samk.fi\/?page_id=159#breadcrumb"},"inLanguage":"fi","potentialAction":[{"@type":"ReadAction","target":["https:\/\/teve-kvpolku.samk.fi\/?page_id=159"]}]},{"@type":"BreadcrumbList","@id":"https:\/\/teve-kvpolku.samk.fi\/?page_id=159#breadcrumb","itemListElement":[{"@type":"ListItem","position":1,"name":"Home","item":"https:\/\/teve-kvpolku.samk.fi\/"},{"@type":"ListItem","position":2,"name":"Vaihto-opiskelu \u2502Exchange","item":"https:\/\/teve-kvpolku.samk.fi\/?page_id=39"},{"@type":"ListItem","position":3,"name":"Ohjeet vaihtoon l\u00e4htij\u00e4lle \u2502 Excellent opportunities for studying abroad","item":"https:\/\/teve-kvpolku.samk.fi\/?page_id=53"},{"@type":"ListItem","position":4,"name":"Paluuorientaatioon osallistuminen \u2502 Participation in the orientation for returning students"}]},{"@type":"WebSite","@id":"https:\/\/teve-kvpolku.samk.fi\/#website","url":"https:\/\/teve-kvpolku.samk.fi\/","name":"Hoitoty\u00f6n opiskelijan KV-polku","description":"Apu kansainv\u00e4lisyysosaamisen rakentamiseen hoitoty\u00f6n opiskelijalle","potentialAction":[{"@type":"SearchAction","target":{"@type":"EntryPoint","urlTemplate":"https:\/\/teve-kvpolku.samk.fi\/?s={search_term_string}"},"query-input":{"@type":"PropertyValueSpecification","valueRequired":true,"valueName":"search_term_string"}}],"inLanguage":"fi"}]}},"_links":{"self":[{"href":"https:\/\/teve-kvpolku.samk.fi\/index.php?rest_route=\/wp\/v2\/pages\/159","targetHints":{"allow":["GET"]}}],"collection":[{"href":"https:\/\/teve-kvpolku.samk.fi\/index.php?rest_route=\/wp\/v2\/pages"}],"about":[{"href":"https:\/\/teve-kvpolku.samk.fi\/index.php?rest_route=\/wp\/v2\/types\/page"}],"author":[{"embeddable":true,"href":"https:\/\/teve-kvpolku.samk.fi\/index.php?rest_route=\/wp\/v2\/users\/1"}],"replies":[{"embeddable":true,"href":"https:\/\/teve-kvpolku.samk.fi\/index.php?rest_route=%2Fwp%2Fv2%2Fcomments&post=159"}],"version-history":[{"count":4,"href":"https:\/\/teve-kvpolku.samk.fi\/index.php?rest_route=\/wp\/v2\/pages\/159\/revisions"}],"predecessor-version":[{"id":562,"href":"https:\/\/teve-kvpolku.samk.fi\/index.php?rest_route=\/wp\/v2\/pages\/159\/revisions\/562"}],"up":[{"embeddable":true,"href":"https:\/\/teve-kvpolku.samk.fi\/index.php?rest_route=\/wp\/v2\/pages\/53"}],"wp:attachment":[{"href":"https:\/\/teve-kvpolku.samk.fi\/index.php?rest_route=%2Fwp%2Fv2%2Fmedia&parent=159"}],"curies":[{"name":"wp","href":"https:\/\/api.w.org\/{rel}","templated":true}]}}