{"id":153,"date":"2015-01-16T13:36:23","date_gmt":"2015-01-16T11:36:23","guid":{"rendered":"http:\/\/teve-kvpolku.samk.fi\/?page_id=153"},"modified":"2017-09-26T08:42:41","modified_gmt":"2017-09-26T05:42:41","slug":"vaihtoon-lahtijoiden-infoon-osallistuminen","status":"publish","type":"page","link":"https:\/\/teve-kvpolku.samk.fi\/?page_id=153","title":{"rendered":"Vaihtoon l\u00e4htij\u00f6iden infoon osallistuminen \u2502 Participation in the lecture for students leaving for exchange"},"content":{"rendered":"<p>Vaihtoon l\u00e4htij\u00f6ille j\u00e4rjestet\u00e4\u00e4n info vaihtoa edelt\u00e4v\u00e4n lukukauden alussa. Kutsu infoon l\u00e4hetet\u00e4\u00e4n s\u00e4hk\u00f6postitse. Vaihtoon l\u00e4hteminen edellytt\u00e4\u00e4 monenlaista \u201dpaperity\u00f6t\u00e4\u201d, joten infoon osallistuminen on v\u00e4ltt\u00e4m\u00e4t\u00f6n edellytys vaihtoprosessin onnistumiselle.<\/p>\n<p>Oivan sivujen <a href=\"https:\/\/extra.samk.fi\/opiskelijanpalvelut\/internationalsamk\/ulkomaille\/kaytannonohjeet.html.stx\">k\u00e4yt\u00e4nn\u00f6n ohjeet vaihtoon l\u00e4htij\u00e4lle<\/a> kannattaa lukea huolella.<\/p>\n","protected":false},"excerpt":{"rendered":"<p>Vaihtoon l\u00e4htij\u00f6ille j\u00e4rjestet\u00e4\u00e4n info vaihtoa edelt\u00e4v\u00e4n lukukauden alussa. Kutsu infoon l\u00e4hetet\u00e4\u00e4n s\u00e4hk\u00f6postitse. Vaihtoon l\u00e4hteminen edellytt\u00e4\u00e4 monenlaista \u201dpaperity\u00f6t\u00e4\u201d, joten infoon osallistuminen on v\u00e4ltt\u00e4m\u00e4t\u00f6n edellytys vaihtoprosessin onnistumiselle. Oivan sivujen k\u00e4yt\u00e4nn\u00f6n ohjeet vaihtoon l\u00e4htij\u00e4lle kannattaa lukea huolella.<\/p>\n","protected":false},"author":1,"featured_media":0,"parent":53,"menu_order":9,"comment_status":"open","ping_status":"open","template":"","meta":{"footnotes":""},"class_list":["post-153","page","type-page","status-publish","hentry"],"yoast_head":"<!-- This site is optimized with the Yoast SEO plugin v27.3 - https:\/\/yoast.com\/product\/yoast-seo-wordpress\/ -->\n<title>Vaihtoon l\u00e4htij\u00f6iden infoon osallistuminen \u2502 Participation in the lecture for students leaving for exchange - Hoitoty\u00f6n opiskelijan KV-polku<\/title>\n<meta name=\"robots\" content=\"index, follow, max-snippet:-1, max-image-preview:large, max-video-preview:-1\" \/>\n<link rel=\"canonical\" href=\"https:\/\/teve-kvpolku.samk.fi\/?page_id=153\" \/>\n<meta property=\"og:locale\" content=\"fi_FI\" \/>\n<meta property=\"og:type\" content=\"article\" \/>\n<meta property=\"og:title\" content=\"Vaihtoon l\u00e4htij\u00f6iden infoon osallistuminen \u2502 Participation in the lecture for students leaving for exchange - Hoitoty\u00f6n opiskelijan KV-polku\" \/>\n<meta property=\"og:description\" content=\"Vaihtoon l\u00e4htij\u00f6ille j\u00e4rjestet\u00e4\u00e4n info vaihtoa edelt\u00e4v\u00e4n lukukauden alussa. Kutsu infoon l\u00e4hetet\u00e4\u00e4n s\u00e4hk\u00f6postitse. Vaihtoon l\u00e4hteminen edellytt\u00e4\u00e4 monenlaista \u201dpaperity\u00f6t\u00e4\u201d, joten infoon osallistuminen on v\u00e4ltt\u00e4m\u00e4t\u00f6n edellytys vaihtoprosessin onnistumiselle. Oivan sivujen k\u00e4yt\u00e4nn\u00f6n ohjeet vaihtoon l\u00e4htij\u00e4lle kannattaa lukea huolella.\" \/>\n<meta property=\"og:url\" content=\"https:\/\/teve-kvpolku.samk.fi\/?page_id=153\" \/>\n<meta property=\"og:site_name\" content=\"Hoitoty\u00f6n opiskelijan KV-polku\" \/>\n<meta property=\"article:modified_time\" content=\"2017-09-26T05:42:41+00:00\" \/>\n<script type=\"application\/ld+json\" class=\"yoast-schema-graph\">{\"@context\":\"https:\\\/\\\/schema.org\",\"@graph\":[{\"@type\":\"WebPage\",\"@id\":\"https:\\\/\\\/teve-kvpolku.samk.fi\\\/?page_id=153\",\"url\":\"https:\\\/\\\/teve-kvpolku.samk.fi\\\/?page_id=153\",\"name\":\"Vaihtoon l\u00e4htij\u00f6iden infoon osallistuminen \u2502 Participation in the lecture for students leaving for exchange - Hoitoty\u00f6n opiskelijan KV-polku\",\"isPartOf\":{\"@id\":\"https:\\\/\\\/teve-kvpolku.samk.fi\\\/#website\"},\"datePublished\":\"2015-01-16T11:36:23+00:00\",\"dateModified\":\"2017-09-26T05:42:41+00:00\",\"breadcrumb\":{\"@id\":\"https:\\\/\\\/teve-kvpolku.samk.fi\\\/?page_id=153#breadcrumb\"},\"inLanguage\":\"fi\",\"potentialAction\":[{\"@type\":\"ReadAction\",\"target\":[\"https:\\\/\\\/teve-kvpolku.samk.fi\\\/?page_id=153\"]}]},{\"@type\":\"BreadcrumbList\",\"@id\":\"https:\\\/\\\/teve-kvpolku.samk.fi\\\/?page_id=153#breadcrumb\",\"itemListElement\":[{\"@type\":\"ListItem\",\"position\":1,\"name\":\"Home\",\"item\":\"https:\\\/\\\/teve-kvpolku.samk.fi\\\/\"},{\"@type\":\"ListItem\",\"position\":2,\"name\":\"Vaihto-opiskelu \u2502Exchange\",\"item\":\"https:\\\/\\\/teve-kvpolku.samk.fi\\\/?page_id=39\"},{\"@type\":\"ListItem\",\"position\":3,\"name\":\"Ohjeet vaihtoon l\u00e4htij\u00e4lle \u2502 Excellent opportunities for studying abroad\",\"item\":\"https:\\\/\\\/teve-kvpolku.samk.fi\\\/?page_id=53\"},{\"@type\":\"ListItem\",\"position\":4,\"name\":\"Vaihtoon l\u00e4htij\u00f6iden infoon osallistuminen \u2502 Participation in the lecture for students leaving for exchange\"}]},{\"@type\":\"WebSite\",\"@id\":\"https:\\\/\\\/teve-kvpolku.samk.fi\\\/#website\",\"url\":\"https:\\\/\\\/teve-kvpolku.samk.fi\\\/\",\"name\":\"Hoitoty\u00f6n opiskelijan KV-polku\",\"description\":\"Apu kansainv\u00e4lisyysosaamisen rakentamiseen hoitoty\u00f6n opiskelijalle\",\"potentialAction\":[{\"@type\":\"SearchAction\",\"target\":{\"@type\":\"EntryPoint\",\"urlTemplate\":\"https:\\\/\\\/teve-kvpolku.samk.fi\\\/?s={search_term_string}\"},\"query-input\":{\"@type\":\"PropertyValueSpecification\",\"valueRequired\":true,\"valueName\":\"search_term_string\"}}],\"inLanguage\":\"fi\"}]}<\/script>\n<!-- \/ Yoast SEO plugin. -->","yoast_head_json":{"title":"Vaihtoon l\u00e4htij\u00f6iden infoon osallistuminen \u2502 Participation in the lecture for students leaving for exchange - Hoitoty\u00f6n opiskelijan KV-polku","robots":{"index":"index","follow":"follow","max-snippet":"max-snippet:-1","max-image-preview":"max-image-preview:large","max-video-preview":"max-video-preview:-1"},"canonical":"https:\/\/teve-kvpolku.samk.fi\/?page_id=153","og_locale":"fi_FI","og_type":"article","og_title":"Vaihtoon l\u00e4htij\u00f6iden infoon osallistuminen \u2502 Participation in the lecture for students leaving for exchange - Hoitoty\u00f6n opiskelijan KV-polku","og_description":"Vaihtoon l\u00e4htij\u00f6ille j\u00e4rjestet\u00e4\u00e4n info vaihtoa edelt\u00e4v\u00e4n lukukauden alussa. Kutsu infoon l\u00e4hetet\u00e4\u00e4n s\u00e4hk\u00f6postitse. Vaihtoon l\u00e4hteminen edellytt\u00e4\u00e4 monenlaista \u201dpaperity\u00f6t\u00e4\u201d, joten infoon osallistuminen on v\u00e4ltt\u00e4m\u00e4t\u00f6n edellytys vaihtoprosessin onnistumiselle. Oivan sivujen k\u00e4yt\u00e4nn\u00f6n ohjeet vaihtoon l\u00e4htij\u00e4lle kannattaa lukea huolella.","og_url":"https:\/\/teve-kvpolku.samk.fi\/?page_id=153","og_site_name":"Hoitoty\u00f6n opiskelijan KV-polku","article_modified_time":"2017-09-26T05:42:41+00:00","schema":{"@context":"https:\/\/schema.org","@graph":[{"@type":"WebPage","@id":"https:\/\/teve-kvpolku.samk.fi\/?page_id=153","url":"https:\/\/teve-kvpolku.samk.fi\/?page_id=153","name":"Vaihtoon l\u00e4htij\u00f6iden infoon osallistuminen \u2502 Participation in the lecture for students leaving for exchange - Hoitoty\u00f6n opiskelijan KV-polku","isPartOf":{"@id":"https:\/\/teve-kvpolku.samk.fi\/#website"},"datePublished":"2015-01-16T11:36:23+00:00","dateModified":"2017-09-26T05:42:41+00:00","breadcrumb":{"@id":"https:\/\/teve-kvpolku.samk.fi\/?page_id=153#breadcrumb"},"inLanguage":"fi","potentialAction":[{"@type":"ReadAction","target":["https:\/\/teve-kvpolku.samk.fi\/?page_id=153"]}]},{"@type":"BreadcrumbList","@id":"https:\/\/teve-kvpolku.samk.fi\/?page_id=153#breadcrumb","itemListElement":[{"@type":"ListItem","position":1,"name":"Home","item":"https:\/\/teve-kvpolku.samk.fi\/"},{"@type":"ListItem","position":2,"name":"Vaihto-opiskelu \u2502Exchange","item":"https:\/\/teve-kvpolku.samk.fi\/?page_id=39"},{"@type":"ListItem","position":3,"name":"Ohjeet vaihtoon l\u00e4htij\u00e4lle \u2502 Excellent opportunities for studying abroad","item":"https:\/\/teve-kvpolku.samk.fi\/?page_id=53"},{"@type":"ListItem","position":4,"name":"Vaihtoon l\u00e4htij\u00f6iden infoon osallistuminen \u2502 Participation in the lecture for students leaving for exchange"}]},{"@type":"WebSite","@id":"https:\/\/teve-kvpolku.samk.fi\/#website","url":"https:\/\/teve-kvpolku.samk.fi\/","name":"Hoitoty\u00f6n opiskelijan KV-polku","description":"Apu kansainv\u00e4lisyysosaamisen rakentamiseen hoitoty\u00f6n opiskelijalle","potentialAction":[{"@type":"SearchAction","target":{"@type":"EntryPoint","urlTemplate":"https:\/\/teve-kvpolku.samk.fi\/?s={search_term_string}"},"query-input":{"@type":"PropertyValueSpecification","valueRequired":true,"valueName":"search_term_string"}}],"inLanguage":"fi"}]}},"_links":{"self":[{"href":"https:\/\/teve-kvpolku.samk.fi\/index.php?rest_route=\/wp\/v2\/pages\/153","targetHints":{"allow":["GET"]}}],"collection":[{"href":"https:\/\/teve-kvpolku.samk.fi\/index.php?rest_route=\/wp\/v2\/pages"}],"about":[{"href":"https:\/\/teve-kvpolku.samk.fi\/index.php?rest_route=\/wp\/v2\/types\/page"}],"author":[{"embeddable":true,"href":"https:\/\/teve-kvpolku.samk.fi\/index.php?rest_route=\/wp\/v2\/users\/1"}],"replies":[{"embeddable":true,"href":"https:\/\/teve-kvpolku.samk.fi\/index.php?rest_route=%2Fwp%2Fv2%2Fcomments&post=153"}],"version-history":[{"count":7,"href":"https:\/\/teve-kvpolku.samk.fi\/index.php?rest_route=\/wp\/v2\/pages\/153\/revisions"}],"predecessor-version":[{"id":557,"href":"https:\/\/teve-kvpolku.samk.fi\/index.php?rest_route=\/wp\/v2\/pages\/153\/revisions\/557"}],"up":[{"embeddable":true,"href":"https:\/\/teve-kvpolku.samk.fi\/index.php?rest_route=\/wp\/v2\/pages\/53"}],"wp:attachment":[{"href":"https:\/\/teve-kvpolku.samk.fi\/index.php?rest_route=%2Fwp%2Fv2%2Fmedia&parent=153"}],"curies":[{"name":"wp","href":"https:\/\/api.w.org\/{rel}","templated":true}]}}