{"id":151,"date":"2015-01-16T13:36:05","date_gmt":"2015-01-16T11:36:05","guid":{"rendered":"http:\/\/teve-kvpolku.samk.fi\/?page_id=151"},"modified":"2017-09-26T08:41:55","modified_gmt":"2017-09-26T05:41:55","slug":"vaihtoon-hyvaksyminen-vaihtokorkeakoulu","status":"publish","type":"page","link":"https:\/\/teve-kvpolku.samk.fi\/?page_id=151","title":{"rendered":"Vaihtoon hyv\u00e4ksyminen vaihtokorkeakoulu \u2502 Acceptance for exchange( partner institution)"},"content":{"rendered":"<p>Opiskelija saa tiedon vaihtoon hyv\u00e4ksymisest\u00e4 s\u00e4hk\u00f6postitse ja samalla usein my\u00f6s ohjeita tiedoista ja lomakkeista, jotka h\u00e4nen tulee toimittaa vaihtokorkeakouluun. Lis\u00e4tietoa hakuprosessista ja sen edellytt\u00e4mist\u00e4 toimenpiteist\u00e4 opiskelija saa osallistumalla vaihtoon l\u00e4ht\u00f6\u00e4 edelt\u00e4v\u00e4n lukukauden alussa j\u00e4rjestett\u00e4v\u00e4\u00e4n vaihtoon l\u00e4htij\u00f6iden infoon. Tieto infon tarkemmasta ajankohdasta l\u00e4hetet\u00e4\u00e4n s\u00e4hk\u00f6postitse.<\/p>\n","protected":false},"excerpt":{"rendered":"<p>Opiskelija saa tiedon vaihtoon hyv\u00e4ksymisest\u00e4 s\u00e4hk\u00f6postitse ja samalla usein my\u00f6s ohjeita tiedoista ja lomakkeista, jotka h\u00e4nen tulee toimittaa vaihtokorkeakouluun. Lis\u00e4tietoa hakuprosessista ja sen edellytt\u00e4mist\u00e4 toimenpiteist\u00e4 opiskelija saa osallistumalla vaihtoon l\u00e4ht\u00f6\u00e4 edelt\u00e4v\u00e4n lukukauden alussa j\u00e4rjestett\u00e4v\u00e4\u00e4n vaihtoon l\u00e4htij\u00f6iden infoon. Tieto infon tarkemmasta ajankohdasta l\u00e4hetet\u00e4\u00e4n s\u00e4hk\u00f6postitse.<\/p>\n","protected":false},"author":1,"featured_media":0,"parent":53,"menu_order":8,"comment_status":"open","ping_status":"open","template":"","meta":{"footnotes":""},"class_list":["post-151","page","type-page","status-publish","hentry"],"yoast_head":"<!-- This site is optimized with the Yoast SEO plugin v27.3 - https:\/\/yoast.com\/product\/yoast-seo-wordpress\/ -->\n<title>Vaihtoon hyv\u00e4ksyminen vaihtokorkeakoulu \u2502 Acceptance for exchange( partner institution) - Hoitoty\u00f6n opiskelijan KV-polku<\/title>\n<meta name=\"robots\" content=\"index, follow, max-snippet:-1, max-image-preview:large, max-video-preview:-1\" \/>\n<link rel=\"canonical\" href=\"https:\/\/teve-kvpolku.samk.fi\/?page_id=151\" \/>\n<meta property=\"og:locale\" content=\"fi_FI\" \/>\n<meta property=\"og:type\" content=\"article\" \/>\n<meta property=\"og:title\" content=\"Vaihtoon hyv\u00e4ksyminen vaihtokorkeakoulu \u2502 Acceptance for exchange( partner institution) - Hoitoty\u00f6n opiskelijan KV-polku\" \/>\n<meta property=\"og:description\" content=\"Opiskelija saa tiedon vaihtoon hyv\u00e4ksymisest\u00e4 s\u00e4hk\u00f6postitse ja samalla usein my\u00f6s ohjeita tiedoista ja lomakkeista, jotka h\u00e4nen tulee toimittaa vaihtokorkeakouluun. Lis\u00e4tietoa hakuprosessista ja sen edellytt\u00e4mist\u00e4 toimenpiteist\u00e4 opiskelija saa osallistumalla vaihtoon l\u00e4ht\u00f6\u00e4 edelt\u00e4v\u00e4n lukukauden alussa j\u00e4rjestett\u00e4v\u00e4\u00e4n vaihtoon l\u00e4htij\u00f6iden infoon. Tieto infon tarkemmasta ajankohdasta l\u00e4hetet\u00e4\u00e4n s\u00e4hk\u00f6postitse.\" \/>\n<meta property=\"og:url\" content=\"https:\/\/teve-kvpolku.samk.fi\/?page_id=151\" \/>\n<meta property=\"og:site_name\" content=\"Hoitoty\u00f6n opiskelijan KV-polku\" \/>\n<meta property=\"article:modified_time\" content=\"2017-09-26T05:41:55+00:00\" \/>\n<script type=\"application\/ld+json\" class=\"yoast-schema-graph\">{\"@context\":\"https:\\\/\\\/schema.org\",\"@graph\":[{\"@type\":\"WebPage\",\"@id\":\"https:\\\/\\\/teve-kvpolku.samk.fi\\\/?page_id=151\",\"url\":\"https:\\\/\\\/teve-kvpolku.samk.fi\\\/?page_id=151\",\"name\":\"Vaihtoon hyv\u00e4ksyminen vaihtokorkeakoulu \u2502 Acceptance for exchange( partner institution) - Hoitoty\u00f6n opiskelijan KV-polku\",\"isPartOf\":{\"@id\":\"https:\\\/\\\/teve-kvpolku.samk.fi\\\/#website\"},\"datePublished\":\"2015-01-16T11:36:05+00:00\",\"dateModified\":\"2017-09-26T05:41:55+00:00\",\"breadcrumb\":{\"@id\":\"https:\\\/\\\/teve-kvpolku.samk.fi\\\/?page_id=151#breadcrumb\"},\"inLanguage\":\"fi\",\"potentialAction\":[{\"@type\":\"ReadAction\",\"target\":[\"https:\\\/\\\/teve-kvpolku.samk.fi\\\/?page_id=151\"]}]},{\"@type\":\"BreadcrumbList\",\"@id\":\"https:\\\/\\\/teve-kvpolku.samk.fi\\\/?page_id=151#breadcrumb\",\"itemListElement\":[{\"@type\":\"ListItem\",\"position\":1,\"name\":\"Home\",\"item\":\"https:\\\/\\\/teve-kvpolku.samk.fi\\\/\"},{\"@type\":\"ListItem\",\"position\":2,\"name\":\"Vaihto-opiskelu \u2502Exchange\",\"item\":\"https:\\\/\\\/teve-kvpolku.samk.fi\\\/?page_id=39\"},{\"@type\":\"ListItem\",\"position\":3,\"name\":\"Ohjeet vaihtoon l\u00e4htij\u00e4lle \u2502 Excellent opportunities for studying abroad\",\"item\":\"https:\\\/\\\/teve-kvpolku.samk.fi\\\/?page_id=53\"},{\"@type\":\"ListItem\",\"position\":4,\"name\":\"Vaihtoon hyv\u00e4ksyminen vaihtokorkeakoulu \u2502 Acceptance for exchange( partner institution)\"}]},{\"@type\":\"WebSite\",\"@id\":\"https:\\\/\\\/teve-kvpolku.samk.fi\\\/#website\",\"url\":\"https:\\\/\\\/teve-kvpolku.samk.fi\\\/\",\"name\":\"Hoitoty\u00f6n opiskelijan KV-polku\",\"description\":\"Apu kansainv\u00e4lisyysosaamisen rakentamiseen hoitoty\u00f6n opiskelijalle\",\"potentialAction\":[{\"@type\":\"SearchAction\",\"target\":{\"@type\":\"EntryPoint\",\"urlTemplate\":\"https:\\\/\\\/teve-kvpolku.samk.fi\\\/?s={search_term_string}\"},\"query-input\":{\"@type\":\"PropertyValueSpecification\",\"valueRequired\":true,\"valueName\":\"search_term_string\"}}],\"inLanguage\":\"fi\"}]}<\/script>\n<!-- \/ Yoast SEO plugin. -->","yoast_head_json":{"title":"Vaihtoon hyv\u00e4ksyminen vaihtokorkeakoulu \u2502 Acceptance for exchange( partner institution) - Hoitoty\u00f6n opiskelijan KV-polku","robots":{"index":"index","follow":"follow","max-snippet":"max-snippet:-1","max-image-preview":"max-image-preview:large","max-video-preview":"max-video-preview:-1"},"canonical":"https:\/\/teve-kvpolku.samk.fi\/?page_id=151","og_locale":"fi_FI","og_type":"article","og_title":"Vaihtoon hyv\u00e4ksyminen vaihtokorkeakoulu \u2502 Acceptance for exchange( partner institution) - Hoitoty\u00f6n opiskelijan KV-polku","og_description":"Opiskelija saa tiedon vaihtoon hyv\u00e4ksymisest\u00e4 s\u00e4hk\u00f6postitse ja samalla usein my\u00f6s ohjeita tiedoista ja lomakkeista, jotka h\u00e4nen tulee toimittaa vaihtokorkeakouluun. Lis\u00e4tietoa hakuprosessista ja sen edellytt\u00e4mist\u00e4 toimenpiteist\u00e4 opiskelija saa osallistumalla vaihtoon l\u00e4ht\u00f6\u00e4 edelt\u00e4v\u00e4n lukukauden alussa j\u00e4rjestett\u00e4v\u00e4\u00e4n vaihtoon l\u00e4htij\u00f6iden infoon. Tieto infon tarkemmasta ajankohdasta l\u00e4hetet\u00e4\u00e4n s\u00e4hk\u00f6postitse.","og_url":"https:\/\/teve-kvpolku.samk.fi\/?page_id=151","og_site_name":"Hoitoty\u00f6n opiskelijan KV-polku","article_modified_time":"2017-09-26T05:41:55+00:00","schema":{"@context":"https:\/\/schema.org","@graph":[{"@type":"WebPage","@id":"https:\/\/teve-kvpolku.samk.fi\/?page_id=151","url":"https:\/\/teve-kvpolku.samk.fi\/?page_id=151","name":"Vaihtoon hyv\u00e4ksyminen vaihtokorkeakoulu \u2502 Acceptance for exchange( partner institution) - Hoitoty\u00f6n opiskelijan KV-polku","isPartOf":{"@id":"https:\/\/teve-kvpolku.samk.fi\/#website"},"datePublished":"2015-01-16T11:36:05+00:00","dateModified":"2017-09-26T05:41:55+00:00","breadcrumb":{"@id":"https:\/\/teve-kvpolku.samk.fi\/?page_id=151#breadcrumb"},"inLanguage":"fi","potentialAction":[{"@type":"ReadAction","target":["https:\/\/teve-kvpolku.samk.fi\/?page_id=151"]}]},{"@type":"BreadcrumbList","@id":"https:\/\/teve-kvpolku.samk.fi\/?page_id=151#breadcrumb","itemListElement":[{"@type":"ListItem","position":1,"name":"Home","item":"https:\/\/teve-kvpolku.samk.fi\/"},{"@type":"ListItem","position":2,"name":"Vaihto-opiskelu \u2502Exchange","item":"https:\/\/teve-kvpolku.samk.fi\/?page_id=39"},{"@type":"ListItem","position":3,"name":"Ohjeet vaihtoon l\u00e4htij\u00e4lle \u2502 Excellent opportunities for studying abroad","item":"https:\/\/teve-kvpolku.samk.fi\/?page_id=53"},{"@type":"ListItem","position":4,"name":"Vaihtoon hyv\u00e4ksyminen vaihtokorkeakoulu \u2502 Acceptance for exchange( partner institution)"}]},{"@type":"WebSite","@id":"https:\/\/teve-kvpolku.samk.fi\/#website","url":"https:\/\/teve-kvpolku.samk.fi\/","name":"Hoitoty\u00f6n opiskelijan KV-polku","description":"Apu kansainv\u00e4lisyysosaamisen rakentamiseen hoitoty\u00f6n opiskelijalle","potentialAction":[{"@type":"SearchAction","target":{"@type":"EntryPoint","urlTemplate":"https:\/\/teve-kvpolku.samk.fi\/?s={search_term_string}"},"query-input":{"@type":"PropertyValueSpecification","valueRequired":true,"valueName":"search_term_string"}}],"inLanguage":"fi"}]}},"_links":{"self":[{"href":"https:\/\/teve-kvpolku.samk.fi\/index.php?rest_route=\/wp\/v2\/pages\/151","targetHints":{"allow":["GET"]}}],"collection":[{"href":"https:\/\/teve-kvpolku.samk.fi\/index.php?rest_route=\/wp\/v2\/pages"}],"about":[{"href":"https:\/\/teve-kvpolku.samk.fi\/index.php?rest_route=\/wp\/v2\/types\/page"}],"author":[{"embeddable":true,"href":"https:\/\/teve-kvpolku.samk.fi\/index.php?rest_route=\/wp\/v2\/users\/1"}],"replies":[{"embeddable":true,"href":"https:\/\/teve-kvpolku.samk.fi\/index.php?rest_route=%2Fwp%2Fv2%2Fcomments&post=151"}],"version-history":[{"count":3,"href":"https:\/\/teve-kvpolku.samk.fi\/index.php?rest_route=\/wp\/v2\/pages\/151\/revisions"}],"predecessor-version":[{"id":556,"href":"https:\/\/teve-kvpolku.samk.fi\/index.php?rest_route=\/wp\/v2\/pages\/151\/revisions\/556"}],"up":[{"embeddable":true,"href":"https:\/\/teve-kvpolku.samk.fi\/index.php?rest_route=\/wp\/v2\/pages\/53"}],"wp:attachment":[{"href":"https:\/\/teve-kvpolku.samk.fi\/index.php?rest_route=%2Fwp%2Fv2%2Fmedia&parent=151"}],"curies":[{"name":"wp","href":"https:\/\/api.w.org\/{rel}","templated":true}]}}