{"id":147,"date":"2015-01-16T13:35:25","date_gmt":"2015-01-16T11:35:25","guid":{"rendered":"http:\/\/teve-kvpolku.samk.fi\/?page_id=147"},"modified":"2017-09-26T08:39:45","modified_gmt":"2017-09-26T05:39:45","slug":"vaihtoon-hyvaksyminen-samk","status":"publish","type":"page","link":"https:\/\/teve-kvpolku.samk.fi\/?page_id=147","title":{"rendered":"Vaihtoon hyv\u00e4ksyminen SAMK \u2502 Acceptance for exchange (SAMK)"},"content":{"rendered":"<p>Opiskelijalle ilmoitetaan vaihtoon hyv\u00e4ksymisest\u00e4 s\u00e4hk\u00f6postitse pari viikkoa hakuajan p\u00e4\u00e4ttymisen j\u00e4lkeen. T\u00e4rkeimp\u00e4n\u00e4 valintakriteerin\u00e4 on realistinen suunnitelma opintojen suorittamisesta siten, ett\u00e4 vaihtovuonna suoritettava opintopistem\u00e4\u00e4r\u00e4 on v\u00e4hint\u00e4\u00e4n 55 op.<\/p>\n","protected":false},"excerpt":{"rendered":"<p>Opiskelijalle ilmoitetaan vaihtoon hyv\u00e4ksymisest\u00e4 s\u00e4hk\u00f6postitse pari viikkoa hakuajan p\u00e4\u00e4ttymisen j\u00e4lkeen. T\u00e4rkeimp\u00e4n\u00e4 valintakriteerin\u00e4 on realistinen suunnitelma opintojen suorittamisesta siten, ett\u00e4 vaihtovuonna suoritettava opintopistem\u00e4\u00e4r\u00e4 on v\u00e4hint\u00e4\u00e4n 55 op.<\/p>\n","protected":false},"author":1,"featured_media":0,"parent":53,"menu_order":6,"comment_status":"open","ping_status":"open","template":"","meta":{"footnotes":""},"class_list":["post-147","page","type-page","status-publish","hentry"],"yoast_head":"<!-- This site is optimized with the Yoast SEO plugin v27.3 - https:\/\/yoast.com\/product\/yoast-seo-wordpress\/ -->\n<title>Vaihtoon hyv\u00e4ksyminen SAMK \u2502 Acceptance for exchange (SAMK) - Hoitoty\u00f6n opiskelijan KV-polku<\/title>\n<meta name=\"robots\" content=\"index, follow, max-snippet:-1, max-image-preview:large, max-video-preview:-1\" \/>\n<link rel=\"canonical\" href=\"https:\/\/teve-kvpolku.samk.fi\/?page_id=147\" \/>\n<meta property=\"og:locale\" content=\"fi_FI\" \/>\n<meta property=\"og:type\" content=\"article\" \/>\n<meta property=\"og:title\" content=\"Vaihtoon hyv\u00e4ksyminen SAMK \u2502 Acceptance for exchange (SAMK) - Hoitoty\u00f6n opiskelijan KV-polku\" \/>\n<meta property=\"og:description\" content=\"Opiskelijalle ilmoitetaan vaihtoon hyv\u00e4ksymisest\u00e4 s\u00e4hk\u00f6postitse pari viikkoa hakuajan p\u00e4\u00e4ttymisen j\u00e4lkeen. T\u00e4rkeimp\u00e4n\u00e4 valintakriteerin\u00e4 on realistinen suunnitelma opintojen suorittamisesta siten, ett\u00e4 vaihtovuonna suoritettava opintopistem\u00e4\u00e4r\u00e4 on v\u00e4hint\u00e4\u00e4n 55 op.\" \/>\n<meta property=\"og:url\" content=\"https:\/\/teve-kvpolku.samk.fi\/?page_id=147\" \/>\n<meta property=\"og:site_name\" content=\"Hoitoty\u00f6n opiskelijan KV-polku\" \/>\n<meta property=\"article:modified_time\" content=\"2017-09-26T05:39:45+00:00\" \/>\n<script type=\"application\/ld+json\" class=\"yoast-schema-graph\">{\"@context\":\"https:\\\/\\\/schema.org\",\"@graph\":[{\"@type\":\"WebPage\",\"@id\":\"https:\\\/\\\/teve-kvpolku.samk.fi\\\/?page_id=147\",\"url\":\"https:\\\/\\\/teve-kvpolku.samk.fi\\\/?page_id=147\",\"name\":\"Vaihtoon hyv\u00e4ksyminen SAMK \u2502 Acceptance for exchange (SAMK) - Hoitoty\u00f6n opiskelijan KV-polku\",\"isPartOf\":{\"@id\":\"https:\\\/\\\/teve-kvpolku.samk.fi\\\/#website\"},\"datePublished\":\"2015-01-16T11:35:25+00:00\",\"dateModified\":\"2017-09-26T05:39:45+00:00\",\"breadcrumb\":{\"@id\":\"https:\\\/\\\/teve-kvpolku.samk.fi\\\/?page_id=147#breadcrumb\"},\"inLanguage\":\"fi\",\"potentialAction\":[{\"@type\":\"ReadAction\",\"target\":[\"https:\\\/\\\/teve-kvpolku.samk.fi\\\/?page_id=147\"]}]},{\"@type\":\"BreadcrumbList\",\"@id\":\"https:\\\/\\\/teve-kvpolku.samk.fi\\\/?page_id=147#breadcrumb\",\"itemListElement\":[{\"@type\":\"ListItem\",\"position\":1,\"name\":\"Home\",\"item\":\"https:\\\/\\\/teve-kvpolku.samk.fi\\\/\"},{\"@type\":\"ListItem\",\"position\":2,\"name\":\"Vaihto-opiskelu \u2502Exchange\",\"item\":\"https:\\\/\\\/teve-kvpolku.samk.fi\\\/?page_id=39\"},{\"@type\":\"ListItem\",\"position\":3,\"name\":\"Ohjeet vaihtoon l\u00e4htij\u00e4lle \u2502 Excellent opportunities for studying abroad\",\"item\":\"https:\\\/\\\/teve-kvpolku.samk.fi\\\/?page_id=53\"},{\"@type\":\"ListItem\",\"position\":4,\"name\":\"Vaihtoon hyv\u00e4ksyminen SAMK \u2502 Acceptance for exchange (SAMK)\"}]},{\"@type\":\"WebSite\",\"@id\":\"https:\\\/\\\/teve-kvpolku.samk.fi\\\/#website\",\"url\":\"https:\\\/\\\/teve-kvpolku.samk.fi\\\/\",\"name\":\"Hoitoty\u00f6n opiskelijan KV-polku\",\"description\":\"Apu kansainv\u00e4lisyysosaamisen rakentamiseen hoitoty\u00f6n opiskelijalle\",\"potentialAction\":[{\"@type\":\"SearchAction\",\"target\":{\"@type\":\"EntryPoint\",\"urlTemplate\":\"https:\\\/\\\/teve-kvpolku.samk.fi\\\/?s={search_term_string}\"},\"query-input\":{\"@type\":\"PropertyValueSpecification\",\"valueRequired\":true,\"valueName\":\"search_term_string\"}}],\"inLanguage\":\"fi\"}]}<\/script>\n<!-- \/ Yoast SEO plugin. -->","yoast_head_json":{"title":"Vaihtoon hyv\u00e4ksyminen SAMK \u2502 Acceptance for exchange (SAMK) - Hoitoty\u00f6n opiskelijan KV-polku","robots":{"index":"index","follow":"follow","max-snippet":"max-snippet:-1","max-image-preview":"max-image-preview:large","max-video-preview":"max-video-preview:-1"},"canonical":"https:\/\/teve-kvpolku.samk.fi\/?page_id=147","og_locale":"fi_FI","og_type":"article","og_title":"Vaihtoon hyv\u00e4ksyminen SAMK \u2502 Acceptance for exchange (SAMK) - Hoitoty\u00f6n opiskelijan KV-polku","og_description":"Opiskelijalle ilmoitetaan vaihtoon hyv\u00e4ksymisest\u00e4 s\u00e4hk\u00f6postitse pari viikkoa hakuajan p\u00e4\u00e4ttymisen j\u00e4lkeen. T\u00e4rkeimp\u00e4n\u00e4 valintakriteerin\u00e4 on realistinen suunnitelma opintojen suorittamisesta siten, ett\u00e4 vaihtovuonna suoritettava opintopistem\u00e4\u00e4r\u00e4 on v\u00e4hint\u00e4\u00e4n 55 op.","og_url":"https:\/\/teve-kvpolku.samk.fi\/?page_id=147","og_site_name":"Hoitoty\u00f6n opiskelijan KV-polku","article_modified_time":"2017-09-26T05:39:45+00:00","schema":{"@context":"https:\/\/schema.org","@graph":[{"@type":"WebPage","@id":"https:\/\/teve-kvpolku.samk.fi\/?page_id=147","url":"https:\/\/teve-kvpolku.samk.fi\/?page_id=147","name":"Vaihtoon hyv\u00e4ksyminen SAMK \u2502 Acceptance for exchange (SAMK) - Hoitoty\u00f6n opiskelijan KV-polku","isPartOf":{"@id":"https:\/\/teve-kvpolku.samk.fi\/#website"},"datePublished":"2015-01-16T11:35:25+00:00","dateModified":"2017-09-26T05:39:45+00:00","breadcrumb":{"@id":"https:\/\/teve-kvpolku.samk.fi\/?page_id=147#breadcrumb"},"inLanguage":"fi","potentialAction":[{"@type":"ReadAction","target":["https:\/\/teve-kvpolku.samk.fi\/?page_id=147"]}]},{"@type":"BreadcrumbList","@id":"https:\/\/teve-kvpolku.samk.fi\/?page_id=147#breadcrumb","itemListElement":[{"@type":"ListItem","position":1,"name":"Home","item":"https:\/\/teve-kvpolku.samk.fi\/"},{"@type":"ListItem","position":2,"name":"Vaihto-opiskelu \u2502Exchange","item":"https:\/\/teve-kvpolku.samk.fi\/?page_id=39"},{"@type":"ListItem","position":3,"name":"Ohjeet vaihtoon l\u00e4htij\u00e4lle \u2502 Excellent opportunities for studying abroad","item":"https:\/\/teve-kvpolku.samk.fi\/?page_id=53"},{"@type":"ListItem","position":4,"name":"Vaihtoon hyv\u00e4ksyminen SAMK \u2502 Acceptance for exchange (SAMK)"}]},{"@type":"WebSite","@id":"https:\/\/teve-kvpolku.samk.fi\/#website","url":"https:\/\/teve-kvpolku.samk.fi\/","name":"Hoitoty\u00f6n opiskelijan KV-polku","description":"Apu kansainv\u00e4lisyysosaamisen rakentamiseen hoitoty\u00f6n opiskelijalle","potentialAction":[{"@type":"SearchAction","target":{"@type":"EntryPoint","urlTemplate":"https:\/\/teve-kvpolku.samk.fi\/?s={search_term_string}"},"query-input":{"@type":"PropertyValueSpecification","valueRequired":true,"valueName":"search_term_string"}}],"inLanguage":"fi"}]}},"_links":{"self":[{"href":"https:\/\/teve-kvpolku.samk.fi\/index.php?rest_route=\/wp\/v2\/pages\/147","targetHints":{"allow":["GET"]}}],"collection":[{"href":"https:\/\/teve-kvpolku.samk.fi\/index.php?rest_route=\/wp\/v2\/pages"}],"about":[{"href":"https:\/\/teve-kvpolku.samk.fi\/index.php?rest_route=\/wp\/v2\/types\/page"}],"author":[{"embeddable":true,"href":"https:\/\/teve-kvpolku.samk.fi\/index.php?rest_route=\/wp\/v2\/users\/1"}],"replies":[{"embeddable":true,"href":"https:\/\/teve-kvpolku.samk.fi\/index.php?rest_route=%2Fwp%2Fv2%2Fcomments&post=147"}],"version-history":[{"count":3,"href":"https:\/\/teve-kvpolku.samk.fi\/index.php?rest_route=\/wp\/v2\/pages\/147\/revisions"}],"predecessor-version":[{"id":553,"href":"https:\/\/teve-kvpolku.samk.fi\/index.php?rest_route=\/wp\/v2\/pages\/147\/revisions\/553"}],"up":[{"embeddable":true,"href":"https:\/\/teve-kvpolku.samk.fi\/index.php?rest_route=\/wp\/v2\/pages\/53"}],"wp:attachment":[{"href":"https:\/\/teve-kvpolku.samk.fi\/index.php?rest_route=%2Fwp%2Fv2%2Fmedia&parent=147"}],"curies":[{"name":"wp","href":"https:\/\/api.w.org\/{rel}","templated":true}]}}