{"id":145,"date":"2015-01-16T13:35:03","date_gmt":"2015-01-16T11:35:03","guid":{"rendered":"http:\/\/teve-kvpolku.samk.fi\/?page_id=145"},"modified":"2017-09-26T08:38:54","modified_gmt":"2017-09-26T05:38:54","slug":"vaihtoon-hakeminen-samk","status":"publish","type":"page","link":"https:\/\/teve-kvpolku.samk.fi\/?page_id=145","title":{"rendered":"Vaihtoon hakeminen SAMK \u2502 Application for exchange (SAMK)"},"content":{"rendered":"<p>Opiskelija hakee ensin hyv\u00e4ksymist\u00e4 vaihtosuunnitelmalleen kotikorkeakoulusta, SAMKista. Hakeminen tapahtuu <span style=\"text-decoration: underline;\"><a href=\"https:\/\/extra.samk.fi\/opiskelijanpalvelut\/internationalsamk\/ulkomaille\/solemoveapply.html.stx\">hakulomakkeella<\/a>,<\/span> joka l\u00f6ytyy Oivasta. Hakuaika seuraavan lukuvuoden (sek\u00e4 syys-, ett\u00e4 kev\u00e4tlukukauden) vaihtoihin on kunkin vuoden kev\u00e4tlukukauden alussa. <span style=\"text-decoration: underline;\"><a href=\"https:\/\/extra.samk.fi\/opiskelijanpalvelut\/internationalsamk\/ulkomaille\/solemoveapply.html.stx\">Tarkka hakuaika ja muuta vaihtoon hakemiseen liittyv\u00e4\u00e4<\/a> <\/span>l\u00f6ytyy niinik\u00e4\u00e4n Oivasta. Vaihtoon voi hakea my\u00f6s ns. \u201dj\u00e4lkihaussa\u201d. T\u00e4m\u00e4 tarkoittaa syksyll\u00e4 j\u00e4rjestett\u00e4v\u00e4\u00e4 hakuaikaa, jolloin voi hakea seuraavana kev\u00e4\u00e4n\u00e4 toteutuvaan vaihtoon niihin partnerikouluihin, jotka ovat j\u00e4\u00e4neet vapaiksi edellisess\u00e4 haussa.<\/p>\n","protected":false},"excerpt":{"rendered":"<p>Opiskelija hakee ensin hyv\u00e4ksymist\u00e4 vaihtosuunnitelmalleen kotikorkeakoulusta, SAMKista. Hakeminen tapahtuu hakulomakkeella, joka l\u00f6ytyy Oivasta. Hakuaika seuraavan lukuvuoden (sek\u00e4 syys-, ett\u00e4 kev\u00e4tlukukauden) vaihtoihin on kunkin vuoden kev\u00e4tlukukauden alussa. Tarkka hakuaika ja muuta vaihtoon hakemiseen liittyv\u00e4\u00e4 l\u00f6ytyy niinik\u00e4\u00e4n Oivasta. Vaihtoon voi hakea my\u00f6s ns. \u201dj\u00e4lkihaussa\u201d. T\u00e4m\u00e4 tarkoittaa syksyll\u00e4 j\u00e4rjestett\u00e4v\u00e4\u00e4 hakuaikaa, jolloin voi hakea seuraavana kev\u00e4\u00e4n\u00e4 toteutuvaan vaihtoon niihin [&hellip;]<\/p>\n","protected":false},"author":1,"featured_media":0,"parent":53,"menu_order":5,"comment_status":"open","ping_status":"open","template":"","meta":{"footnotes":""},"class_list":["post-145","page","type-page","status-publish","hentry"],"yoast_head":"<!-- This site is optimized with the Yoast SEO plugin v27.3 - https:\/\/yoast.com\/product\/yoast-seo-wordpress\/ -->\n<title>Vaihtoon hakeminen SAMK \u2502 Application for exchange (SAMK) - Hoitoty\u00f6n opiskelijan KV-polku<\/title>\n<meta name=\"robots\" content=\"index, follow, max-snippet:-1, max-image-preview:large, max-video-preview:-1\" \/>\n<link rel=\"canonical\" href=\"https:\/\/teve-kvpolku.samk.fi\/?page_id=145\" \/>\n<meta property=\"og:locale\" content=\"fi_FI\" \/>\n<meta property=\"og:type\" content=\"article\" \/>\n<meta property=\"og:title\" content=\"Vaihtoon hakeminen SAMK \u2502 Application for exchange (SAMK) - Hoitoty\u00f6n opiskelijan KV-polku\" \/>\n<meta property=\"og:description\" content=\"Opiskelija hakee ensin hyv\u00e4ksymist\u00e4 vaihtosuunnitelmalleen kotikorkeakoulusta, SAMKista. Hakeminen tapahtuu hakulomakkeella, joka l\u00f6ytyy Oivasta. Hakuaika seuraavan lukuvuoden (sek\u00e4 syys-, ett\u00e4 kev\u00e4tlukukauden) vaihtoihin on kunkin vuoden kev\u00e4tlukukauden alussa. Tarkka hakuaika ja muuta vaihtoon hakemiseen liittyv\u00e4\u00e4 l\u00f6ytyy niinik\u00e4\u00e4n Oivasta. Vaihtoon voi hakea my\u00f6s ns. \u201dj\u00e4lkihaussa\u201d. T\u00e4m\u00e4 tarkoittaa syksyll\u00e4 j\u00e4rjestett\u00e4v\u00e4\u00e4 hakuaikaa, jolloin voi hakea seuraavana kev\u00e4\u00e4n\u00e4 toteutuvaan vaihtoon niihin [&hellip;]\" \/>\n<meta property=\"og:url\" content=\"https:\/\/teve-kvpolku.samk.fi\/?page_id=145\" \/>\n<meta property=\"og:site_name\" content=\"Hoitoty\u00f6n opiskelijan KV-polku\" \/>\n<meta property=\"article:modified_time\" content=\"2017-09-26T05:38:54+00:00\" \/>\n<script type=\"application\/ld+json\" class=\"yoast-schema-graph\">{\"@context\":\"https:\\\/\\\/schema.org\",\"@graph\":[{\"@type\":\"WebPage\",\"@id\":\"https:\\\/\\\/teve-kvpolku.samk.fi\\\/?page_id=145\",\"url\":\"https:\\\/\\\/teve-kvpolku.samk.fi\\\/?page_id=145\",\"name\":\"Vaihtoon hakeminen SAMK \u2502 Application for exchange (SAMK) - Hoitoty\u00f6n opiskelijan KV-polku\",\"isPartOf\":{\"@id\":\"https:\\\/\\\/teve-kvpolku.samk.fi\\\/#website\"},\"datePublished\":\"2015-01-16T11:35:03+00:00\",\"dateModified\":\"2017-09-26T05:38:54+00:00\",\"breadcrumb\":{\"@id\":\"https:\\\/\\\/teve-kvpolku.samk.fi\\\/?page_id=145#breadcrumb\"},\"inLanguage\":\"fi\",\"potentialAction\":[{\"@type\":\"ReadAction\",\"target\":[\"https:\\\/\\\/teve-kvpolku.samk.fi\\\/?page_id=145\"]}]},{\"@type\":\"BreadcrumbList\",\"@id\":\"https:\\\/\\\/teve-kvpolku.samk.fi\\\/?page_id=145#breadcrumb\",\"itemListElement\":[{\"@type\":\"ListItem\",\"position\":1,\"name\":\"Home\",\"item\":\"https:\\\/\\\/teve-kvpolku.samk.fi\\\/\"},{\"@type\":\"ListItem\",\"position\":2,\"name\":\"Vaihto-opiskelu \u2502Exchange\",\"item\":\"https:\\\/\\\/teve-kvpolku.samk.fi\\\/?page_id=39\"},{\"@type\":\"ListItem\",\"position\":3,\"name\":\"Ohjeet vaihtoon l\u00e4htij\u00e4lle \u2502 Excellent opportunities for studying abroad\",\"item\":\"https:\\\/\\\/teve-kvpolku.samk.fi\\\/?page_id=53\"},{\"@type\":\"ListItem\",\"position\":4,\"name\":\"Vaihtoon hakeminen SAMK \u2502 Application for exchange (SAMK)\"}]},{\"@type\":\"WebSite\",\"@id\":\"https:\\\/\\\/teve-kvpolku.samk.fi\\\/#website\",\"url\":\"https:\\\/\\\/teve-kvpolku.samk.fi\\\/\",\"name\":\"Hoitoty\u00f6n opiskelijan KV-polku\",\"description\":\"Apu kansainv\u00e4lisyysosaamisen rakentamiseen hoitoty\u00f6n opiskelijalle\",\"potentialAction\":[{\"@type\":\"SearchAction\",\"target\":{\"@type\":\"EntryPoint\",\"urlTemplate\":\"https:\\\/\\\/teve-kvpolku.samk.fi\\\/?s={search_term_string}\"},\"query-input\":{\"@type\":\"PropertyValueSpecification\",\"valueRequired\":true,\"valueName\":\"search_term_string\"}}],\"inLanguage\":\"fi\"}]}<\/script>\n<!-- \/ Yoast SEO plugin. -->","yoast_head_json":{"title":"Vaihtoon hakeminen SAMK \u2502 Application for exchange (SAMK) - Hoitoty\u00f6n opiskelijan KV-polku","robots":{"index":"index","follow":"follow","max-snippet":"max-snippet:-1","max-image-preview":"max-image-preview:large","max-video-preview":"max-video-preview:-1"},"canonical":"https:\/\/teve-kvpolku.samk.fi\/?page_id=145","og_locale":"fi_FI","og_type":"article","og_title":"Vaihtoon hakeminen SAMK \u2502 Application for exchange (SAMK) - Hoitoty\u00f6n opiskelijan KV-polku","og_description":"Opiskelija hakee ensin hyv\u00e4ksymist\u00e4 vaihtosuunnitelmalleen kotikorkeakoulusta, SAMKista. Hakeminen tapahtuu hakulomakkeella, joka l\u00f6ytyy Oivasta. Hakuaika seuraavan lukuvuoden (sek\u00e4 syys-, ett\u00e4 kev\u00e4tlukukauden) vaihtoihin on kunkin vuoden kev\u00e4tlukukauden alussa. Tarkka hakuaika ja muuta vaihtoon hakemiseen liittyv\u00e4\u00e4 l\u00f6ytyy niinik\u00e4\u00e4n Oivasta. Vaihtoon voi hakea my\u00f6s ns. \u201dj\u00e4lkihaussa\u201d. T\u00e4m\u00e4 tarkoittaa syksyll\u00e4 j\u00e4rjestett\u00e4v\u00e4\u00e4 hakuaikaa, jolloin voi hakea seuraavana kev\u00e4\u00e4n\u00e4 toteutuvaan vaihtoon niihin [&hellip;]","og_url":"https:\/\/teve-kvpolku.samk.fi\/?page_id=145","og_site_name":"Hoitoty\u00f6n opiskelijan KV-polku","article_modified_time":"2017-09-26T05:38:54+00:00","schema":{"@context":"https:\/\/schema.org","@graph":[{"@type":"WebPage","@id":"https:\/\/teve-kvpolku.samk.fi\/?page_id=145","url":"https:\/\/teve-kvpolku.samk.fi\/?page_id=145","name":"Vaihtoon hakeminen SAMK \u2502 Application for exchange (SAMK) - Hoitoty\u00f6n opiskelijan KV-polku","isPartOf":{"@id":"https:\/\/teve-kvpolku.samk.fi\/#website"},"datePublished":"2015-01-16T11:35:03+00:00","dateModified":"2017-09-26T05:38:54+00:00","breadcrumb":{"@id":"https:\/\/teve-kvpolku.samk.fi\/?page_id=145#breadcrumb"},"inLanguage":"fi","potentialAction":[{"@type":"ReadAction","target":["https:\/\/teve-kvpolku.samk.fi\/?page_id=145"]}]},{"@type":"BreadcrumbList","@id":"https:\/\/teve-kvpolku.samk.fi\/?page_id=145#breadcrumb","itemListElement":[{"@type":"ListItem","position":1,"name":"Home","item":"https:\/\/teve-kvpolku.samk.fi\/"},{"@type":"ListItem","position":2,"name":"Vaihto-opiskelu \u2502Exchange","item":"https:\/\/teve-kvpolku.samk.fi\/?page_id=39"},{"@type":"ListItem","position":3,"name":"Ohjeet vaihtoon l\u00e4htij\u00e4lle \u2502 Excellent opportunities for studying abroad","item":"https:\/\/teve-kvpolku.samk.fi\/?page_id=53"},{"@type":"ListItem","position":4,"name":"Vaihtoon hakeminen SAMK \u2502 Application for exchange (SAMK)"}]},{"@type":"WebSite","@id":"https:\/\/teve-kvpolku.samk.fi\/#website","url":"https:\/\/teve-kvpolku.samk.fi\/","name":"Hoitoty\u00f6n opiskelijan KV-polku","description":"Apu kansainv\u00e4lisyysosaamisen rakentamiseen hoitoty\u00f6n opiskelijalle","potentialAction":[{"@type":"SearchAction","target":{"@type":"EntryPoint","urlTemplate":"https:\/\/teve-kvpolku.samk.fi\/?s={search_term_string}"},"query-input":{"@type":"PropertyValueSpecification","valueRequired":true,"valueName":"search_term_string"}}],"inLanguage":"fi"}]}},"_links":{"self":[{"href":"https:\/\/teve-kvpolku.samk.fi\/index.php?rest_route=\/wp\/v2\/pages\/145","targetHints":{"allow":["GET"]}}],"collection":[{"href":"https:\/\/teve-kvpolku.samk.fi\/index.php?rest_route=\/wp\/v2\/pages"}],"about":[{"href":"https:\/\/teve-kvpolku.samk.fi\/index.php?rest_route=\/wp\/v2\/types\/page"}],"author":[{"embeddable":true,"href":"https:\/\/teve-kvpolku.samk.fi\/index.php?rest_route=\/wp\/v2\/users\/1"}],"replies":[{"embeddable":true,"href":"https:\/\/teve-kvpolku.samk.fi\/index.php?rest_route=%2Fwp%2Fv2%2Fcomments&post=145"}],"version-history":[{"count":5,"href":"https:\/\/teve-kvpolku.samk.fi\/index.php?rest_route=\/wp\/v2\/pages\/145\/revisions"}],"predecessor-version":[{"id":552,"href":"https:\/\/teve-kvpolku.samk.fi\/index.php?rest_route=\/wp\/v2\/pages\/145\/revisions\/552"}],"up":[{"embeddable":true,"href":"https:\/\/teve-kvpolku.samk.fi\/index.php?rest_route=\/wp\/v2\/pages\/53"}],"wp:attachment":[{"href":"https:\/\/teve-kvpolku.samk.fi\/index.php?rest_route=%2Fwp%2Fv2%2Fmedia&parent=145"}],"curies":[{"name":"wp","href":"https:\/\/api.w.org\/{rel}","templated":true}]}}